{"id":1379,"date":"2018-02-28T16:40:33","date_gmt":"2018-02-28T15:40:33","guid":{"rendered":"https:\/\/www.autobau.ch\/?page_id=1379"},"modified":"2025-06-06T11:41:36","modified_gmt":"2025-06-06T09:41:36","slug":"renntaxifahrten","status":"publish","type":"page","link":"https:\/\/www.autobau.ch\/de\/renntaxifahrten\/","title":{"rendered":"Renntaxifahrten"},"content":{"rendered":"\t\t<div data-elementor-type=\"wp-page\" data-elementor-id=\"1379\" class=\"elementor elementor-1379\" data-elementor-post-type=\"page\">\n\t\t\t\t\t\t<section class=\"elementor-section elementor-top-section elementor-element elementor-element-e10dba8 elementor-section-full_width elementor-section-height-default elementor-section-height-default\" data-id=\"e10dba8\" data-element_type=\"section\" data-e-type=\"section\">\n\t\t\t\t\t\t<div class=\"elementor-container elementor-column-gap-default\">\n\t\t\t\t\t<div class=\"elementor-column elementor-col-100 elementor-top-column elementor-element elementor-element-6c352a2\" data-id=\"6c352a2\" data-element_type=\"column\" data-e-type=\"column\">\n\t\t\t<div class=\"elementor-widget-wrap\">\n\t\t\t\t\t\t\t<\/div>\n\t\t<\/div>\n\t\t\t\t\t<\/div>\n\t\t<\/section>\n\t\t\t\t<section class=\"elementor-section elementor-top-section elementor-element elementor-element-65fab4f elementor-section-full_width elementor-section-height-default elementor-section-height-default\" data-id=\"65fab4f\" data-element_type=\"section\" data-e-type=\"section\">\n\t\t\t\t\t\t<div class=\"elementor-container elementor-column-gap-default\">\n\t\t\t\t\t<div class=\"elementor-column elementor-col-100 elementor-top-column elementor-element elementor-element-a907679\" data-id=\"a907679\" data-element_type=\"column\" data-e-type=\"column\">\n\t\t\t<div class=\"elementor-widget-wrap elementor-element-populated\">\n\t\t\t\t\t\t<div class=\"elementor-element elementor-element-d222341 elementor-widget elementor-widget-main-title\" data-id=\"d222341\" data-element_type=\"widget\" data-e-type=\"widget\" data-widget_type=\"main-title.default\">\n\t\t\t\t<div class=\"elementor-widget-container\">\n\t\t\t\t\t\n<div class=\"flex justify-center\">\n    <div class=\"max-w-[1190px] header-text text-center\">\n        <h1 class=\"fsize-48 relative !font-light pb-[25px] text-textcolor\">Der schnellste Event <\/h1>\n    <\/div>\n<\/div>\t\t\t\t<\/div>\n\t\t\t\t<\/div>\n\t\t\t\t<div class=\"elementor-element elementor-element-be101ba elementor-widget elementor-widget-image-text\" data-id=\"be101ba\" data-element_type=\"widget\" data-e-type=\"widget\" data-widget_type=\"image-text.default\">\n\t\t\t\t<div class=\"elementor-widget-container\">\n\t\t\t\t\t\n<div class=\"image-text flex lg:flex-wrap font-light mob-change:flex-col  mob-change:!flex-col-reverse\">\n    <div class=\"basis-1\/3 below-large-laptop:basis-2\/5 lg-flex-basis-1 lg:!flex-[0_0_100%] below-laptop:mb-40 below-laptop: min-above-lg:mr-25 text-col\" >\n        <h3  ><span class=\"text-brand text-[30px] leading-[30px] block mb-[20px] font-klavika font-light\">Renntaxifahrten ohne Tempolimit<\/span><\/h3>\n        <div  ><p>Sie sind auf der Suche nach dem ultimativen Kick f\u00fcr Ihre Veranstaltung? Mit einer Renntaxifahrt auf dem Rundkurs der autobau erlebniswelt, die wie eine kleine Rennstrecke ist, toppen Sie alles! Laut, blechern, Benzingeruch \u2013 in reinrassigen Rennautos mit leerger\u00e4umter Fahrgastzelle, \u00dcberrollb\u00fcgel und Slickreifen werden Sie festgezurrt und sich vor und in den Kurven dennoch kaum halten k\u00f6nnen!\u00a0<\/p><ul><li>Die Mindestfahrdauer betr\u00e4gt 30 Minuten f\u00fcr 6 Personen<\/li><li>In 60 Minuten k\u00f6nnen 12 Personen mitfahren.<\/li><\/ul><\/div>\n        \n        \n                    <div class=\"button-group text-button gap-10 flex flex-wrap mt-20\">\n                                    <a href=\"https:\/\/www.autobau.ch\/de\/lage-und-anfahrt\/\">Jetzt anfragen<\/a>\n                \n                                \n                                    <a target=\"_blank\" href=\"https:\/\/shop.e-guma.ch\/autobau-erlebniswelt\/de\/gutscheine\/\">Gutscheine schenken<\/a>\n                \n                            <\/div>\n            <\/div>        \n    \n    <div class=\"basis-2\/3 below-large-laptop:basis-3\/5 lg-flex-basis-1 lg:!flex-[0_0_100%] below-laptop:mb-30 mob-change:ml-[calc(50%-50vw)] mob-change:mr-[calc(50%-50vw)] relative \" >\n        <img decoding=\"async\" class=\"w-full max-w-[1190px] hp:hidden autobau-lazy-load relative\" \n        src=\"https:\/\/www.autobau.ch\/wp-content\/uploads\/2024\/10\/DSC_4716-1190x670.jpg\" alt=\"\" title=\"\" \/>\n        <img decoding=\"async\" src=\"https:\/\/www.autobau.ch\/wp-content\/uploads\/2024\/10\/DSC_4716-640x640.jpg\" class=\"w-full relative h-auto min-hp:hidden\" alt=\"\" title=\"\" \/>\n    <\/div>\n<\/div>\t\t\t\t<\/div>\n\t\t\t\t<\/div>\n\t\t\t\t\t<\/div>\n\t\t<\/div>\n\t\t\t\t\t<\/div>\n\t\t<\/section>\n\t\t\t\t<section class=\"elementor-section elementor-top-section elementor-element elementor-element-4d10d61 elementor-section-full_width elementor-section-height-default elementor-section-height-default\" data-id=\"4d10d61\" data-element_type=\"section\" data-e-type=\"section\">\n\t\t\t\t\t\t<div class=\"elementor-container elementor-column-gap-default\">\n\t\t\t\t\t<div class=\"elementor-column elementor-col-100 elementor-top-column elementor-element elementor-element-1a21905\" data-id=\"1a21905\" data-element_type=\"column\" data-e-type=\"column\">\n\t\t\t<div class=\"elementor-widget-wrap elementor-element-populated\">\n\t\t\t\t\t\t<div class=\"elementor-element elementor-element-c7dbd0c elementor-arrows-position-inside elementor-pagination-position-outside elementor-widget elementor-widget-image-carousel\" data-id=\"c7dbd0c\" data-element_type=\"widget\" data-e-type=\"widget\" data-settings=\"{&quot;slides_to_show&quot;:&quot;3&quot;,&quot;image_spacing_custom&quot;:{&quot;unit&quot;:&quot;px&quot;,&quot;size&quot;:30,&quot;sizes&quot;:[]},&quot;navigation&quot;:&quot;both&quot;,&quot;autoplay&quot;:&quot;yes&quot;,&quot;pause_on_hover&quot;:&quot;yes&quot;,&quot;pause_on_interaction&quot;:&quot;yes&quot;,&quot;autoplay_speed&quot;:5000,&quot;infinite&quot;:&quot;yes&quot;,&quot;speed&quot;:500,&quot;image_spacing_custom_tablet&quot;:{&quot;unit&quot;:&quot;px&quot;,&quot;size&quot;:&quot;&quot;,&quot;sizes&quot;:[]},&quot;image_spacing_custom_mobile&quot;:{&quot;unit&quot;:&quot;px&quot;,&quot;size&quot;:&quot;&quot;,&quot;sizes&quot;:[]}}\" data-widget_type=\"image-carousel.default\">\n\t\t\t\t<div class=\"elementor-widget-container\">\n\t\t\t\t\t\t\t<div class=\"elementor-image-carousel-wrapper swiper\" role=\"region\" aria-roledescription=\"carousel\" aria-label=\"Bild Karussell\" dir=\"ltr\">\n\t\t\t<div class=\"elementor-image-carousel swiper-wrapper\" aria-live=\"off\">\n\t\t\t\t\t\t\t\t<div class=\"swiper-slide\" role=\"group\" aria-roledescription=\"slide\" aria-label=\"1 von 5\"><a data-elementor-open-lightbox=\"yes\" data-elementor-lightbox-slideshow=\"c7dbd0c\" data-elementor-lightbox-title=\"Renntaxi_autobau Erlebniswelt\" data-e-action-hash=\"#elementor-action%3Aaction%3Dlightbox%26settings%3DeyJpZCI6MTQ1MzYsInVybCI6Imh0dHBzOlwvXC93d3cuYXV0b2JhdS5jaFwvd3AtY29udGVudFwvdXBsb2Fkc1wvMjAyM1wvMDNcL0lNRy0yMDIwMDExMy1XQTAwMDcuanBnIiwic2xpZGVzaG93IjoiYzdkYmQwYyJ9\" href=\"https:\/\/www.autobau.ch\/wp-content\/uploads\/2023\/03\/IMG-20200113-WA0007.jpg\"><figure class=\"swiper-slide-inner\"><img decoding=\"async\" class=\"swiper-slide-image\" src=\"https:\/\/www.autobau.ch\/wp-content\/uploads\/2023\/03\/IMG-20200113-WA0007-580x360.jpg\" alt=\"Renntaxi\" \/><\/figure><\/a><\/div><div class=\"swiper-slide\" role=\"group\" aria-roledescription=\"slide\" aria-label=\"2 von 5\"><a data-elementor-open-lightbox=\"yes\" data-elementor-lightbox-slideshow=\"c7dbd0c\" data-elementor-lightbox-title=\"Renntaxifahrt_autobau erlebniswelt\" data-e-action-hash=\"#elementor-action%3Aaction%3Dlightbox%26settings%3DeyJpZCI6MTU2NjYsInVybCI6Imh0dHBzOlwvXC93d3cuYXV0b2JhdS5jaFwvd3AtY29udGVudFwvdXBsb2Fkc1wvMjAyM1wvMDVcL0RTQ180NjcwLXNjYWxlZC5qcGciLCJzbGlkZXNob3ciOiJjN2RiZDBjIn0%3D\" href=\"https:\/\/www.autobau.ch\/wp-content\/uploads\/2023\/05\/DSC_4670-scaled.jpg\"><figure class=\"swiper-slide-inner\"><img decoding=\"async\" class=\"swiper-slide-image\" src=\"https:\/\/www.autobau.ch\/wp-content\/uploads\/2023\/05\/DSC_4670-580x360.jpg\" alt=\"Porsche Cup\" \/><\/figure><\/a><\/div><div class=\"swiper-slide\" role=\"group\" aria-roledescription=\"slide\" aria-label=\"3 von 5\"><a data-elementor-open-lightbox=\"yes\" data-elementor-lightbox-slideshow=\"c7dbd0c\" data-elementor-lightbox-title=\"Renntaxifahrt_autobau_erlebniswelt\" data-e-action-hash=\"#elementor-action%3Aaction%3Dlightbox%26settings%3DeyJpZCI6MTU2NjgsInVybCI6Imh0dHBzOlwvXC93d3cuYXV0b2JhdS5jaFwvd3AtY29udGVudFwvdXBsb2Fkc1wvMjAyM1wvMDVcL0RTQ180NjQ4LXNjYWxlZC5qcGciLCJzbGlkZXNob3ciOiJjN2RiZDBjIn0%3D\" href=\"https:\/\/www.autobau.ch\/wp-content\/uploads\/2023\/05\/DSC_4648-scaled.jpg\"><figure class=\"swiper-slide-inner\"><img decoding=\"async\" class=\"swiper-slide-image\" src=\"https:\/\/www.autobau.ch\/wp-content\/uploads\/2023\/05\/DSC_4648-580x360.jpg\" alt=\"Renntaxifahrt\" \/><\/figure><\/a><\/div><div class=\"swiper-slide\" role=\"group\" aria-roledescription=\"slide\" aria-label=\"4 von 5\"><a data-elementor-open-lightbox=\"yes\" data-elementor-lightbox-slideshow=\"c7dbd0c\" data-elementor-lightbox-title=\"Renntaxifahrt_autobau_erlebniswelt\" data-e-action-hash=\"#elementor-action%3Aaction%3Dlightbox%26settings%3DeyJpZCI6MTU2NjksInVybCI6Imh0dHBzOlwvXC93d3cuYXV0b2JhdS5jaFwvd3AtY29udGVudFwvdXBsb2Fkc1wvMjAyM1wvMDVcL0RTQ180ODAzLXNjYWxlZC5qcGciLCJzbGlkZXNob3ciOiJjN2RiZDBjIn0%3D\" href=\"https:\/\/www.autobau.ch\/wp-content\/uploads\/2023\/05\/DSC_4803-scaled.jpg\"><figure class=\"swiper-slide-inner\"><img decoding=\"async\" class=\"swiper-slide-image\" src=\"https:\/\/www.autobau.ch\/wp-content\/uploads\/2023\/05\/DSC_4803-580x360.jpg\" alt=\"Renntaxifahrt\" \/><\/figure><\/a><\/div><div class=\"swiper-slide\" role=\"group\" aria-roledescription=\"slide\" aria-label=\"5 von 5\"><a data-elementor-open-lightbox=\"yes\" data-elementor-lightbox-slideshow=\"c7dbd0c\" data-elementor-lightbox-title=\"Renntaxifahrt_autobau_erlebniswelt\" data-e-action-hash=\"#elementor-action%3Aaction%3Dlightbox%26settings%3DeyJpZCI6MTU2NjcsInVybCI6Imh0dHBzOlwvXC93d3cuYXV0b2JhdS5jaFwvd3AtY29udGVudFwvdXBsb2Fkc1wvMjAyM1wvMDVcL0RTQ180NjQ1LXNjYWxlZC5qcGciLCJzbGlkZXNob3ciOiJjN2RiZDBjIn0%3D\" href=\"https:\/\/www.autobau.ch\/wp-content\/uploads\/2023\/05\/DSC_4645-scaled.jpg\"><figure class=\"swiper-slide-inner\"><img decoding=\"async\" class=\"swiper-slide-image\" src=\"https:\/\/www.autobau.ch\/wp-content\/uploads\/2023\/05\/DSC_4645-580x360.jpg\" alt=\"Renntaxifahrt\" \/><\/figure><\/a><\/div>\t\t\t<\/div>\n\t\t\t\t\t\t\t\t\t\t\t\t<div class=\"elementor-swiper-button elementor-swiper-button-prev\" role=\"button\" tabindex=\"0\">\n\t\t\t\t\t\t<i aria-hidden=\"true\" class=\"eicon-chevron-left\"><\/i>\t\t\t\t\t<\/div>\n\t\t\t\t\t<div class=\"elementor-swiper-button elementor-swiper-button-next\" role=\"button\" tabindex=\"0\">\n\t\t\t\t\t\t<i aria-hidden=\"true\" class=\"eicon-chevron-right\"><\/i>\t\t\t\t\t<\/div>\n\t\t\t\t\n\t\t\t\t\t\t\t\t\t<div class=\"swiper-pagination\"><\/div>\n\t\t\t\t\t\t\t\t\t<\/div>\n\t\t\t\t\t\t<\/div>\n\t\t\t\t<\/div>\n\t\t\t\t\t<\/div>\n\t\t<\/div>\n\t\t\t\t\t<\/div>\n\t\t<\/section>\n\t\t\t\t<\/div>\n\t\t","protected":false},"excerpt":{"rendered":"<p>Der schnellste Event Renntaxifahrten ohne Tempolimit Sie sind auf der Suche nach dem ultimativen Kick f\u00fcr Ihre Veranstaltung? Mit einer Renntaxifahrt auf dem Rundkurs der autobau erlebniswelt, die wie eine kleine Rennstrecke ist, toppen Sie alles! Laut, blechern, Benzingeruch \u2013 in reinrassigen Rennautos mit leerger\u00e4umter Fahrgastzelle, \u00dcberrollb\u00fcgel und Slickreifen werden Sie festgezurrt und sich vor und in den Kurven dennoch kaum halten k\u00f6nnen!\u00a0 Die Mindestfahrdauer betr\u00e4gt 30 Minuten f\u00fcr 6 Personen In 60 Minuten k\u00f6nnen 12 Personen mitfahren. Jetzt anfragen Gutscheine schenken<\/p>\n","protected":false},"author":6,"featured_media":0,"parent":0,"menu_order":0,"comment_status":"closed","ping_status":"closed","template":"","meta":{"_acf_changed":false,"footnotes":""},"class_list":["post-1379","page","type-page","status-publish","hentry"],"acf":[],"yoast_head":"<!-- This site is optimized with the Yoast SEO plugin v27.3 - https:\/\/yoast.com\/product\/yoast-seo-wordpress\/ -->\n<title>Renntaxifahrten - autobau erlebniswelt<\/title>\n<meta name=\"robots\" content=\"index, follow, max-snippet:-1, max-image-preview:large, max-video-preview:-1\" \/>\n<link rel=\"canonical\" href=\"https:\/\/www.autobau.ch\/de\/renntaxifahrten\/\" \/>\n<meta property=\"og:locale\" content=\"de_DE\" \/>\n<meta property=\"og:type\" content=\"article\" \/>\n<meta property=\"og:title\" content=\"Renntaxifahrten - autobau erlebniswelt\" \/>\n<meta property=\"og:description\" content=\"Der schnellste Event Renntaxifahrten ohne Tempolimit Sie sind auf der Suche nach dem ultimativen Kick f\u00fcr Ihre Veranstaltung? Mit einer Renntaxifahrt auf dem Rundkurs der autobau erlebniswelt, die wie eine kleine Rennstrecke ist, toppen Sie alles! Laut, blechern, Benzingeruch \u2013 in reinrassigen Rennautos mit leerger\u00e4umter Fahrgastzelle, \u00dcberrollb\u00fcgel und Slickreifen werden Sie festgezurrt und sich vor und in den Kurven dennoch kaum halten k\u00f6nnen!\u00a0 Die Mindestfahrdauer betr\u00e4gt 30 Minuten f\u00fcr 6 Personen In 60 Minuten k\u00f6nnen 12 Personen mitfahren. Jetzt anfragen Gutscheine schenken\" \/>\n<meta property=\"og:url\" content=\"https:\/\/www.autobau.ch\/de\/renntaxifahrten\/\" \/>\n<meta property=\"og:site_name\" content=\"autobau erlebniswelt\" \/>\n<meta property=\"article:publisher\" content=\"https:\/\/www.facebook.com\/autobau.ch\/\" \/>\n<meta property=\"article:modified_time\" content=\"2025-06-06T09:41:36+00:00\" \/>\n<meta property=\"og:image\" content=\"https:\/\/www.autobau.ch\/wp-content\/uploads\/2024\/10\/DSC_4716-1190x670.jpg\" \/>\n<meta name=\"twitter:card\" content=\"summary_large_image\" \/>\n<meta name=\"twitter:label1\" content=\"Gesch\u00e4tzte Lesezeit\" \/>\n\t<meta name=\"twitter:data1\" content=\"4\u00a0Minuten\" \/>\n<script type=\"application\/ld+json\" class=\"yoast-schema-graph\">{\"@context\":\"https:\\\/\\\/schema.org\",\"@graph\":[{\"@type\":\"WebPage\",\"@id\":\"https:\\\/\\\/www.autobau.ch\\\/de\\\/renntaxifahrten\\\/\",\"url\":\"https:\\\/\\\/www.autobau.ch\\\/de\\\/renntaxifahrten\\\/\",\"name\":\"Renntaxifahrten - autobau erlebniswelt\",\"isPartOf\":{\"@id\":\"https:\\\/\\\/www.autobau.ch\\\/de\\\/#website\"},\"primaryImageOfPage\":{\"@id\":\"https:\\\/\\\/www.autobau.ch\\\/de\\\/renntaxifahrten\\\/#primaryimage\"},\"image\":{\"@id\":\"https:\\\/\\\/www.autobau.ch\\\/de\\\/renntaxifahrten\\\/#primaryimage\"},\"thumbnailUrl\":\"https:\\\/\\\/www.autobau.ch\\\/wp-content\\\/uploads\\\/2024\\\/10\\\/DSC_4716-1190x670.jpg\",\"datePublished\":\"2018-02-28T15:40:33+00:00\",\"dateModified\":\"2025-06-06T09:41:36+00:00\",\"breadcrumb\":{\"@id\":\"https:\\\/\\\/www.autobau.ch\\\/de\\\/renntaxifahrten\\\/#breadcrumb\"},\"inLanguage\":\"de\",\"potentialAction\":[{\"@type\":\"ReadAction\",\"target\":[\"https:\\\/\\\/www.autobau.ch\\\/de\\\/renntaxifahrten\\\/\"]}]},{\"@type\":\"ImageObject\",\"inLanguage\":\"de\",\"@id\":\"https:\\\/\\\/www.autobau.ch\\\/de\\\/renntaxifahrten\\\/#primaryimage\",\"url\":\"https:\\\/\\\/www.autobau.ch\\\/wp-content\\\/uploads\\\/2024\\\/10\\\/DSC_4716-1190x670.jpg\",\"contentUrl\":\"https:\\\/\\\/www.autobau.ch\\\/wp-content\\\/uploads\\\/2024\\\/10\\\/DSC_4716-1190x670.jpg\"},{\"@type\":\"BreadcrumbList\",\"@id\":\"https:\\\/\\\/www.autobau.ch\\\/de\\\/renntaxifahrten\\\/#breadcrumb\",\"itemListElement\":[{\"@type\":\"ListItem\",\"position\":1,\"name\":\"Home\",\"item\":\"https:\\\/\\\/www.autobau.ch\\\/de\\\/\"},{\"@type\":\"ListItem\",\"position\":2,\"name\":\"Renntaxifahrten\"}]},{\"@type\":\"WebSite\",\"@id\":\"https:\\\/\\\/www.autobau.ch\\\/de\\\/#website\",\"url\":\"https:\\\/\\\/www.autobau.ch\\\/de\\\/\",\"name\":\"autobau erlebniswelt\",\"description\":\"EVENTS. MUSEUM. EMOTIONEN.\",\"publisher\":{\"@id\":\"https:\\\/\\\/www.autobau.ch\\\/de\\\/#organization\"},\"potentialAction\":[{\"@type\":\"SearchAction\",\"target\":{\"@type\":\"EntryPoint\",\"urlTemplate\":\"https:\\\/\\\/www.autobau.ch\\\/de\\\/?s={search_term_string}\"},\"query-input\":{\"@type\":\"PropertyValueSpecification\",\"valueRequired\":true,\"valueName\":\"search_term_string\"}}],\"inLanguage\":\"de\"},{\"@type\":\"Organization\",\"@id\":\"https:\\\/\\\/www.autobau.ch\\\/de\\\/#organization\",\"name\":\"autobau erlebniswelt\",\"url\":\"https:\\\/\\\/www.autobau.ch\\\/de\\\/\",\"logo\":{\"@type\":\"ImageObject\",\"inLanguage\":\"de\",\"@id\":\"https:\\\/\\\/www.autobau.ch\\\/de\\\/#\\\/schema\\\/logo\\\/image\\\/\",\"url\":\"https:\\\/\\\/www.autobau.ch\\\/wp-content\\\/uploads\\\/2018\\\/02\\\/Logo_ab_254x95.png\",\"contentUrl\":\"https:\\\/\\\/www.autobau.ch\\\/wp-content\\\/uploads\\\/2018\\\/02\\\/Logo_ab_254x95.png\",\"width\":254,\"height\":95,\"caption\":\"autobau erlebniswelt\"},\"image\":{\"@id\":\"https:\\\/\\\/www.autobau.ch\\\/de\\\/#\\\/schema\\\/logo\\\/image\\\/\"},\"sameAs\":[\"https:\\\/\\\/www.facebook.com\\\/autobau.ch\\\/\"]}]}<\/script>\n<!-- \/ Yoast SEO plugin. -->","yoast_head_json":{"title":"Renntaxifahrten - autobau erlebniswelt","robots":{"index":"index","follow":"follow","max-snippet":"max-snippet:-1","max-image-preview":"max-image-preview:large","max-video-preview":"max-video-preview:-1"},"canonical":"https:\/\/www.autobau.ch\/de\/renntaxifahrten\/","og_locale":"de_DE","og_type":"article","og_title":"Renntaxifahrten - autobau erlebniswelt","og_description":"Der schnellste Event Renntaxifahrten ohne Tempolimit Sie sind auf der Suche nach dem ultimativen Kick f\u00fcr Ihre Veranstaltung? Mit einer Renntaxifahrt auf dem Rundkurs der autobau erlebniswelt, die wie eine kleine Rennstrecke ist, toppen Sie alles! Laut, blechern, Benzingeruch \u2013 in reinrassigen Rennautos mit leerger\u00e4umter Fahrgastzelle, \u00dcberrollb\u00fcgel und Slickreifen werden Sie festgezurrt und sich vor und in den Kurven dennoch kaum halten k\u00f6nnen!\u00a0 Die Mindestfahrdauer betr\u00e4gt 30 Minuten f\u00fcr 6 Personen In 60 Minuten k\u00f6nnen 12 Personen mitfahren. Jetzt anfragen Gutscheine schenken","og_url":"https:\/\/www.autobau.ch\/de\/renntaxifahrten\/","og_site_name":"autobau erlebniswelt","article_publisher":"https:\/\/www.facebook.com\/autobau.ch\/","article_modified_time":"2025-06-06T09:41:36+00:00","og_image":[{"url":"https:\/\/www.autobau.ch\/wp-content\/uploads\/2024\/10\/DSC_4716-1190x670.jpg","type":"","width":"","height":""}],"twitter_card":"summary_large_image","twitter_misc":{"Gesch\u00e4tzte Lesezeit":"4\u00a0Minuten"},"schema":{"@context":"https:\/\/schema.org","@graph":[{"@type":"WebPage","@id":"https:\/\/www.autobau.ch\/de\/renntaxifahrten\/","url":"https:\/\/www.autobau.ch\/de\/renntaxifahrten\/","name":"Renntaxifahrten - autobau erlebniswelt","isPartOf":{"@id":"https:\/\/www.autobau.ch\/de\/#website"},"primaryImageOfPage":{"@id":"https:\/\/www.autobau.ch\/de\/renntaxifahrten\/#primaryimage"},"image":{"@id":"https:\/\/www.autobau.ch\/de\/renntaxifahrten\/#primaryimage"},"thumbnailUrl":"https:\/\/www.autobau.ch\/wp-content\/uploads\/2024\/10\/DSC_4716-1190x670.jpg","datePublished":"2018-02-28T15:40:33+00:00","dateModified":"2025-06-06T09:41:36+00:00","breadcrumb":{"@id":"https:\/\/www.autobau.ch\/de\/renntaxifahrten\/#breadcrumb"},"inLanguage":"de","potentialAction":[{"@type":"ReadAction","target":["https:\/\/www.autobau.ch\/de\/renntaxifahrten\/"]}]},{"@type":"ImageObject","inLanguage":"de","@id":"https:\/\/www.autobau.ch\/de\/renntaxifahrten\/#primaryimage","url":"https:\/\/www.autobau.ch\/wp-content\/uploads\/2024\/10\/DSC_4716-1190x670.jpg","contentUrl":"https:\/\/www.autobau.ch\/wp-content\/uploads\/2024\/10\/DSC_4716-1190x670.jpg"},{"@type":"BreadcrumbList","@id":"https:\/\/www.autobau.ch\/de\/renntaxifahrten\/#breadcrumb","itemListElement":[{"@type":"ListItem","position":1,"name":"Home","item":"https:\/\/www.autobau.ch\/de\/"},{"@type":"ListItem","position":2,"name":"Renntaxifahrten"}]},{"@type":"WebSite","@id":"https:\/\/www.autobau.ch\/de\/#website","url":"https:\/\/www.autobau.ch\/de\/","name":"autobau erlebniswelt","description":"EVENTS. MUSEUM. EMOTIONEN.","publisher":{"@id":"https:\/\/www.autobau.ch\/de\/#organization"},"potentialAction":[{"@type":"SearchAction","target":{"@type":"EntryPoint","urlTemplate":"https:\/\/www.autobau.ch\/de\/?s={search_term_string}"},"query-input":{"@type":"PropertyValueSpecification","valueRequired":true,"valueName":"search_term_string"}}],"inLanguage":"de"},{"@type":"Organization","@id":"https:\/\/www.autobau.ch\/de\/#organization","name":"autobau erlebniswelt","url":"https:\/\/www.autobau.ch\/de\/","logo":{"@type":"ImageObject","inLanguage":"de","@id":"https:\/\/www.autobau.ch\/de\/#\/schema\/logo\/image\/","url":"https:\/\/www.autobau.ch\/wp-content\/uploads\/2018\/02\/Logo_ab_254x95.png","contentUrl":"https:\/\/www.autobau.ch\/wp-content\/uploads\/2018\/02\/Logo_ab_254x95.png","width":254,"height":95,"caption":"autobau erlebniswelt"},"image":{"@id":"https:\/\/www.autobau.ch\/de\/#\/schema\/logo\/image\/"},"sameAs":["https:\/\/www.facebook.com\/autobau.ch\/"]}]}},"_links":{"self":[{"href":"https:\/\/www.autobau.ch\/de\/wp-json\/wp\/v2\/pages\/1379","targetHints":{"allow":["GET"]}}],"collection":[{"href":"https:\/\/www.autobau.ch\/de\/wp-json\/wp\/v2\/pages"}],"about":[{"href":"https:\/\/www.autobau.ch\/de\/wp-json\/wp\/v2\/types\/page"}],"author":[{"embeddable":true,"href":"https:\/\/www.autobau.ch\/de\/wp-json\/wp\/v2\/users\/6"}],"replies":[{"embeddable":true,"href":"https:\/\/www.autobau.ch\/de\/wp-json\/wp\/v2\/comments?post=1379"}],"version-history":[{"count":18,"href":"https:\/\/www.autobau.ch\/de\/wp-json\/wp\/v2\/pages\/1379\/revisions"}],"predecessor-version":[{"id":26350,"href":"https:\/\/www.autobau.ch\/de\/wp-json\/wp\/v2\/pages\/1379\/revisions\/26350"}],"wp:attachment":[{"href":"https:\/\/www.autobau.ch\/de\/wp-json\/wp\/v2\/media?parent=1379"}],"curies":[{"name":"wp","href":"https:\/\/api.w.org\/{rel}","templated":true}]}}