{"id":14138,"date":"2023-03-06T16:53:19","date_gmt":"2023-03-06T15:53:19","guid":{"rendered":"https:\/\/stage.autobau.ch\/?page_id=14138"},"modified":"2026-04-15T08:55:27","modified_gmt":"2026-04-15T06:55:27","slug":"klassik-salon","status":"publish","type":"page","link":"https:\/\/www.autobau.ch\/de\/eventhallen\/klassik-salon\/","title":{"rendered":"Klassik-Salon"},"content":{"rendered":"\t\t<div data-elementor-type=\"wp-page\" data-elementor-id=\"14138\" class=\"elementor elementor-14138\" data-elementor-post-type=\"page\">\n\t\t\t\t\t\t<section class=\"elementor-section elementor-top-section elementor-element elementor-element-d544dd1 elementor-section-full_width elementor-section-height-default elementor-section-height-default\" data-id=\"d544dd1\" data-element_type=\"section\" data-e-type=\"section\">\n\t\t\t\t\t\t<div class=\"elementor-container elementor-column-gap-default\">\n\t\t\t\t\t<div class=\"elementor-column elementor-col-100 elementor-top-column elementor-element elementor-element-01696b7\" data-id=\"01696b7\" data-element_type=\"column\" data-e-type=\"column\">\n\t\t\t<div class=\"elementor-widget-wrap elementor-element-populated\">\n\t\t\t\t\t\t<div class=\"elementor-element elementor-element-a2838b0 elementor-widget elementor-widget-main-title\" data-id=\"a2838b0\" data-element_type=\"widget\" data-e-type=\"widget\" data-widget_type=\"main-title.default\">\n\t\t\t\t<div class=\"elementor-widget-container\">\n\t\t\t\t\t\n<div class=\"flex justify-center\">\n    <div class=\"max-w-[1190px] header-text text-center\">\n        <h1 class=\"fsize-48 relative !font-light pb-[25px] text-textcolor\">Klassik-Salon<\/h1>\n    <\/div>\n<\/div>\t\t\t\t<\/div>\n\t\t\t\t<\/div>\n\t\t\t\t\t<\/div>\n\t\t<\/div>\n\t\t\t\t\t<\/div>\n\t\t<\/section>\n\t\t\t\t<section class=\"elementor-section elementor-top-section elementor-element elementor-element-345ec3d elementor-section-full_width elementor-section-height-default elementor-section-height-default\" data-id=\"345ec3d\" data-element_type=\"section\" data-e-type=\"section\">\n\t\t\t\t\t\t<div class=\"elementor-container elementor-column-gap-default\">\n\t\t\t\t\t<div class=\"elementor-column elementor-col-100 elementor-top-column elementor-element elementor-element-92a4a9a\" data-id=\"92a4a9a\" data-element_type=\"column\" data-e-type=\"column\">\n\t\t\t<div class=\"elementor-widget-wrap elementor-element-populated\">\n\t\t\t\t\t\t<div class=\"elementor-element elementor-element-4a0deab elementor-widget elementor-widget-image-text\" data-id=\"4a0deab\" data-element_type=\"widget\" data-e-type=\"widget\" data-widget_type=\"image-text.default\">\n\t\t\t\t<div class=\"elementor-widget-container\">\n\t\t\t\t\t\n<div class=\"image-text flex lg:flex-wrap font-light mob-change:flex-col  \">\n    <div class=\"basis-1\/3 below-large-laptop:basis-2\/5 lg-flex-basis-1 lg:!flex-[0_0_100%] below-laptop:mb-40 below-laptop: min-above-lg:mr-25 text-col\" >\n        <h3  ><span class=\"text-brand text-[30px] leading-[30px] block mb-[20px] font-klavika font-light\">Eventhalle: Klassik-Salon<\/span><\/h3>\n        <div  ><p>Er bietet die feierlichste Inszenierung f\u00fcr ein Galadinner, \u00fcber dessen einzigartige Andersartigkeit noch lange alle G\u00e4ste reden werden \u2013 der Klassik-Salon. In der grossen Eventhalle im Souterrain reihen sich weltber\u00fchmte Klassiker aus England und Amerika sternf\u00f6rmig auf. In deren Mitte geniessen Sie Ihr festliches Essen \u2013 sozusagen im direkten Scheinwerferlicht automobiler Diven und Legenden. F\u00fcr bis zu 36 Personen kann der Klassik-Salon grossz\u00fcgig zu einem Eventlokal der Extra-Klasse eingedeckt werden, wie Sie es selbst in einer Metropole wie Z\u00fcrich nicht finden k\u00f6nnen. Die vom Rock- &amp; Pop-Museum dekorierte integrierte Lounge mit einer echten Jukebox passt thematisch und optisch bestens in das stimmungsvolle Eventrestaurant am Bodensee und seinen chromverzierten eindrucksvollen Klassikern im Bestzustand.<\/p><h3 class=\"text-[30px] text-brand font-light newspaper-inline-title\">Bestuhlungsarten &amp; Kapazit\u00e4ten<\/h3><ul><li>Stehap\u00e9ro: max. 84 Personen<\/li><li>Theaterbestuhlung: max. 60 Personen<\/li><li>Galabestuhlung: max. 64 Personen<\/li><li>Kabarettbestuhlung: max. 44 Personen<\/li><li>Parlamentbestuhlung: max. 28 Personen<\/li><li>U-Form: max. 16 Personen<\/li><\/ul><\/div>\n        \n        \n            <\/div>        \n    \n    <div class=\"basis-2\/3 below-large-laptop:basis-3\/5 lg-flex-basis-1 lg:!flex-[0_0_100%] below-laptop:mb-30 mob-change:ml-[calc(50%-50vw)] mob-change:mr-[calc(50%-50vw)] relative \" >\n        <img decoding=\"async\" class=\"w-full max-w-[1190px] hp:hidden autobau-lazy-load relative\" \n        src=\"https:\/\/www.autobau.ch\/wp-content\/uploads\/2026\/03\/Oldtimer_Klassiksalon-1190x670.jpg\" alt=\"\" title=\"\" \/>\n        <img decoding=\"async\" src=\"https:\/\/www.autobau.ch\/wp-content\/uploads\/2026\/03\/Oldtimer_Klassiksalon-640x640.jpg\" class=\"w-full relative h-auto min-hp:hidden\" alt=\"\" title=\"\" \/>\n    <\/div>\n<\/div>\t\t\t\t<\/div>\n\t\t\t\t<\/div>\n\t\t\t\t\t<\/div>\n\t\t<\/div>\n\t\t\t\t\t<\/div>\n\t\t<\/section>\n\t\t\t\t<\/div>\n\t\t","protected":false},"excerpt":{"rendered":"<p>Klassik-Salon Eventhalle: Klassik-Salon Er bietet die feierlichste Inszenierung f\u00fcr ein Galadinner, \u00fcber dessen einzigartige Andersartigkeit noch lange alle G\u00e4ste reden werden \u2013 der Klassik-Salon. In der grossen Eventhalle im Souterrain reihen sich weltber\u00fchmte Klassiker aus England und Amerika sternf\u00f6rmig auf. In deren Mitte geniessen Sie Ihr festliches Essen \u2013 sozusagen im direkten Scheinwerferlicht automobiler Diven und Legenden. F\u00fcr bis zu 36 Personen kann der Klassik-Salon grossz\u00fcgig zu einem Eventlokal der Extra-Klasse eingedeckt werden, wie Sie es selbst in einer Metropole wie Z\u00fcrich nicht finden k\u00f6nnen. Die vom Rock- &amp; Pop-Museum dekorierte integrierte Lounge mit einer echten Jukebox passt thematisch und optisch bestens in das stimmungsvolle Eventrestaurant am Bodensee und seinen chromverzierten eindrucksvollen Klassikern im Bestzustand. Bestuhlungsarten &amp; Kapazit\u00e4ten Stehap\u00e9ro: max. 84 Personen Theaterbestuhlung: max. 60 Personen Galabestuhlung: max. 64 Personen Kabarettbestuhlung: max. 44 Personen Parlamentbestuhlung: max. 28 Personen U-Form: max. 16 Personen<\/p>\n","protected":false},"author":6,"featured_media":0,"parent":869,"menu_order":0,"comment_status":"closed","ping_status":"closed","template":"","meta":{"_acf_changed":false,"footnotes":""},"class_list":["post-14138","page","type-page","status-publish","hentry"],"acf":[],"yoast_head":"<!-- This site is optimized with the Yoast SEO plugin v27.3 - https:\/\/yoast.com\/product\/yoast-seo-wordpress\/ -->\n<title>Klassik-Salon - autobau erlebniswelt<\/title>\n<meta name=\"robots\" content=\"index, follow, max-snippet:-1, max-image-preview:large, max-video-preview:-1\" \/>\n<link rel=\"canonical\" href=\"https:\/\/www.autobau.ch\/de\/eventhallen\/klassik-salon\/\" \/>\n<meta property=\"og:locale\" content=\"de_DE\" \/>\n<meta property=\"og:type\" content=\"article\" \/>\n<meta property=\"og:title\" content=\"Klassik-Salon - autobau erlebniswelt\" \/>\n<meta property=\"og:description\" content=\"Klassik-Salon Eventhalle: Klassik-Salon Er bietet die feierlichste Inszenierung f\u00fcr ein Galadinner, \u00fcber dessen einzigartige Andersartigkeit noch lange alle G\u00e4ste reden werden \u2013 der Klassik-Salon. In der grossen Eventhalle im Souterrain reihen sich weltber\u00fchmte Klassiker aus England und Amerika sternf\u00f6rmig auf. In deren Mitte geniessen Sie Ihr festliches Essen \u2013 sozusagen im direkten Scheinwerferlicht automobiler Diven und Legenden. F\u00fcr bis zu 36 Personen kann der Klassik-Salon grossz\u00fcgig zu einem Eventlokal der Extra-Klasse eingedeckt werden, wie Sie es selbst in einer Metropole wie Z\u00fcrich nicht finden k\u00f6nnen. Die vom Rock- &amp; Pop-Museum dekorierte integrierte Lounge mit einer echten Jukebox passt thematisch und optisch bestens in das stimmungsvolle Eventrestaurant am Bodensee und seinen chromverzierten eindrucksvollen Klassikern im Bestzustand. Bestuhlungsarten &amp; Kapazit\u00e4ten Stehap\u00e9ro: max. 84 Personen Theaterbestuhlung: max. 60 Personen Galabestuhlung: max. 64 Personen Kabarettbestuhlung: max. 44 Personen Parlamentbestuhlung: max. 28 Personen U-Form: max. 16 Personen\" \/>\n<meta property=\"og:url\" content=\"https:\/\/www.autobau.ch\/de\/eventhallen\/klassik-salon\/\" \/>\n<meta property=\"og:site_name\" content=\"autobau erlebniswelt\" \/>\n<meta property=\"article:publisher\" content=\"https:\/\/www.facebook.com\/autobau.ch\/\" \/>\n<meta property=\"article:modified_time\" content=\"2026-04-15T06:55:27+00:00\" \/>\n<meta property=\"og:image\" content=\"https:\/\/www.autobau.ch\/wp-content\/uploads\/2026\/03\/Oldtimer_Klassiksalon-1190x670.jpg\" \/>\n<meta name=\"twitter:card\" content=\"summary_large_image\" \/>\n<meta name=\"twitter:label1\" content=\"Gesch\u00e4tzte Lesezeit\" \/>\n\t<meta name=\"twitter:data1\" content=\"2\u00a0Minuten\" \/>\n<script type=\"application\/ld+json\" class=\"yoast-schema-graph\">{\"@context\":\"https:\\\/\\\/schema.org\",\"@graph\":[{\"@type\":\"WebPage\",\"@id\":\"https:\\\/\\\/www.autobau.ch\\\/de\\\/eventhallen\\\/klassik-salon\\\/\",\"url\":\"https:\\\/\\\/www.autobau.ch\\\/de\\\/eventhallen\\\/klassik-salon\\\/\",\"name\":\"Klassik-Salon - autobau erlebniswelt\",\"isPartOf\":{\"@id\":\"https:\\\/\\\/www.autobau.ch\\\/de\\\/#website\"},\"primaryImageOfPage\":{\"@id\":\"https:\\\/\\\/www.autobau.ch\\\/de\\\/eventhallen\\\/klassik-salon\\\/#primaryimage\"},\"image\":{\"@id\":\"https:\\\/\\\/www.autobau.ch\\\/de\\\/eventhallen\\\/klassik-salon\\\/#primaryimage\"},\"thumbnailUrl\":\"https:\\\/\\\/www.autobau.ch\\\/wp-content\\\/uploads\\\/2026\\\/03\\\/Oldtimer_Klassiksalon-1190x670.jpg\",\"datePublished\":\"2023-03-06T15:53:19+00:00\",\"dateModified\":\"2026-04-15T06:55:27+00:00\",\"breadcrumb\":{\"@id\":\"https:\\\/\\\/www.autobau.ch\\\/de\\\/eventhallen\\\/klassik-salon\\\/#breadcrumb\"},\"inLanguage\":\"de\",\"potentialAction\":[{\"@type\":\"ReadAction\",\"target\":[\"https:\\\/\\\/www.autobau.ch\\\/de\\\/eventhallen\\\/klassik-salon\\\/\"]}]},{\"@type\":\"ImageObject\",\"inLanguage\":\"de\",\"@id\":\"https:\\\/\\\/www.autobau.ch\\\/de\\\/eventhallen\\\/klassik-salon\\\/#primaryimage\",\"url\":\"https:\\\/\\\/www.autobau.ch\\\/wp-content\\\/uploads\\\/2026\\\/03\\\/Oldtimer_Klassiksalon-1190x670.jpg\",\"contentUrl\":\"https:\\\/\\\/www.autobau.ch\\\/wp-content\\\/uploads\\\/2026\\\/03\\\/Oldtimer_Klassiksalon-1190x670.jpg\"},{\"@type\":\"BreadcrumbList\",\"@id\":\"https:\\\/\\\/www.autobau.ch\\\/de\\\/eventhallen\\\/klassik-salon\\\/#breadcrumb\",\"itemListElement\":[{\"@type\":\"ListItem\",\"position\":1,\"name\":\"Home\",\"item\":\"https:\\\/\\\/www.autobau.ch\\\/de\\\/\"},{\"@type\":\"ListItem\",\"position\":2,\"name\":\"Eventhallen\",\"item\":\"https:\\\/\\\/www.autobau.ch\\\/de\\\/eventhallen\\\/\"},{\"@type\":\"ListItem\",\"position\":3,\"name\":\"Klassik-Salon\"}]},{\"@type\":\"WebSite\",\"@id\":\"https:\\\/\\\/www.autobau.ch\\\/de\\\/#website\",\"url\":\"https:\\\/\\\/www.autobau.ch\\\/de\\\/\",\"name\":\"autobau erlebniswelt\",\"description\":\"EVENTS. MUSEUM. EMOTIONEN.\",\"publisher\":{\"@id\":\"https:\\\/\\\/www.autobau.ch\\\/de\\\/#organization\"},\"potentialAction\":[{\"@type\":\"SearchAction\",\"target\":{\"@type\":\"EntryPoint\",\"urlTemplate\":\"https:\\\/\\\/www.autobau.ch\\\/de\\\/?s={search_term_string}\"},\"query-input\":{\"@type\":\"PropertyValueSpecification\",\"valueRequired\":true,\"valueName\":\"search_term_string\"}}],\"inLanguage\":\"de\"},{\"@type\":\"Organization\",\"@id\":\"https:\\\/\\\/www.autobau.ch\\\/de\\\/#organization\",\"name\":\"autobau erlebniswelt\",\"url\":\"https:\\\/\\\/www.autobau.ch\\\/de\\\/\",\"logo\":{\"@type\":\"ImageObject\",\"inLanguage\":\"de\",\"@id\":\"https:\\\/\\\/www.autobau.ch\\\/de\\\/#\\\/schema\\\/logo\\\/image\\\/\",\"url\":\"https:\\\/\\\/www.autobau.ch\\\/wp-content\\\/uploads\\\/2018\\\/02\\\/Logo_ab_254x95.png\",\"contentUrl\":\"https:\\\/\\\/www.autobau.ch\\\/wp-content\\\/uploads\\\/2018\\\/02\\\/Logo_ab_254x95.png\",\"width\":254,\"height\":95,\"caption\":\"autobau erlebniswelt\"},\"image\":{\"@id\":\"https:\\\/\\\/www.autobau.ch\\\/de\\\/#\\\/schema\\\/logo\\\/image\\\/\"},\"sameAs\":[\"https:\\\/\\\/www.facebook.com\\\/autobau.ch\\\/\"]}]}<\/script>\n<!-- \/ Yoast SEO plugin. -->","yoast_head_json":{"title":"Klassik-Salon - autobau erlebniswelt","robots":{"index":"index","follow":"follow","max-snippet":"max-snippet:-1","max-image-preview":"max-image-preview:large","max-video-preview":"max-video-preview:-1"},"canonical":"https:\/\/www.autobau.ch\/de\/eventhallen\/klassik-salon\/","og_locale":"de_DE","og_type":"article","og_title":"Klassik-Salon - autobau erlebniswelt","og_description":"Klassik-Salon Eventhalle: Klassik-Salon Er bietet die feierlichste Inszenierung f\u00fcr ein Galadinner, \u00fcber dessen einzigartige Andersartigkeit noch lange alle G\u00e4ste reden werden \u2013 der Klassik-Salon. In der grossen Eventhalle im Souterrain reihen sich weltber\u00fchmte Klassiker aus England und Amerika sternf\u00f6rmig auf. In deren Mitte geniessen Sie Ihr festliches Essen \u2013 sozusagen im direkten Scheinwerferlicht automobiler Diven und Legenden. F\u00fcr bis zu 36 Personen kann der Klassik-Salon grossz\u00fcgig zu einem Eventlokal der Extra-Klasse eingedeckt werden, wie Sie es selbst in einer Metropole wie Z\u00fcrich nicht finden k\u00f6nnen. Die vom Rock- &amp; Pop-Museum dekorierte integrierte Lounge mit einer echten Jukebox passt thematisch und optisch bestens in das stimmungsvolle Eventrestaurant am Bodensee und seinen chromverzierten eindrucksvollen Klassikern im Bestzustand. Bestuhlungsarten &amp; Kapazit\u00e4ten Stehap\u00e9ro: max. 84 Personen Theaterbestuhlung: max. 60 Personen Galabestuhlung: max. 64 Personen Kabarettbestuhlung: max. 44 Personen Parlamentbestuhlung: max. 28 Personen U-Form: max. 16 Personen","og_url":"https:\/\/www.autobau.ch\/de\/eventhallen\/klassik-salon\/","og_site_name":"autobau erlebniswelt","article_publisher":"https:\/\/www.facebook.com\/autobau.ch\/","article_modified_time":"2026-04-15T06:55:27+00:00","og_image":[{"url":"https:\/\/www.autobau.ch\/wp-content\/uploads\/2026\/03\/Oldtimer_Klassiksalon-1190x670.jpg","type":"","width":"","height":""}],"twitter_card":"summary_large_image","twitter_misc":{"Gesch\u00e4tzte Lesezeit":"2\u00a0Minuten"},"schema":{"@context":"https:\/\/schema.org","@graph":[{"@type":"WebPage","@id":"https:\/\/www.autobau.ch\/de\/eventhallen\/klassik-salon\/","url":"https:\/\/www.autobau.ch\/de\/eventhallen\/klassik-salon\/","name":"Klassik-Salon - autobau erlebniswelt","isPartOf":{"@id":"https:\/\/www.autobau.ch\/de\/#website"},"primaryImageOfPage":{"@id":"https:\/\/www.autobau.ch\/de\/eventhallen\/klassik-salon\/#primaryimage"},"image":{"@id":"https:\/\/www.autobau.ch\/de\/eventhallen\/klassik-salon\/#primaryimage"},"thumbnailUrl":"https:\/\/www.autobau.ch\/wp-content\/uploads\/2026\/03\/Oldtimer_Klassiksalon-1190x670.jpg","datePublished":"2023-03-06T15:53:19+00:00","dateModified":"2026-04-15T06:55:27+00:00","breadcrumb":{"@id":"https:\/\/www.autobau.ch\/de\/eventhallen\/klassik-salon\/#breadcrumb"},"inLanguage":"de","potentialAction":[{"@type":"ReadAction","target":["https:\/\/www.autobau.ch\/de\/eventhallen\/klassik-salon\/"]}]},{"@type":"ImageObject","inLanguage":"de","@id":"https:\/\/www.autobau.ch\/de\/eventhallen\/klassik-salon\/#primaryimage","url":"https:\/\/www.autobau.ch\/wp-content\/uploads\/2026\/03\/Oldtimer_Klassiksalon-1190x670.jpg","contentUrl":"https:\/\/www.autobau.ch\/wp-content\/uploads\/2026\/03\/Oldtimer_Klassiksalon-1190x670.jpg"},{"@type":"BreadcrumbList","@id":"https:\/\/www.autobau.ch\/de\/eventhallen\/klassik-salon\/#breadcrumb","itemListElement":[{"@type":"ListItem","position":1,"name":"Home","item":"https:\/\/www.autobau.ch\/de\/"},{"@type":"ListItem","position":2,"name":"Eventhallen","item":"https:\/\/www.autobau.ch\/de\/eventhallen\/"},{"@type":"ListItem","position":3,"name":"Klassik-Salon"}]},{"@type":"WebSite","@id":"https:\/\/www.autobau.ch\/de\/#website","url":"https:\/\/www.autobau.ch\/de\/","name":"autobau erlebniswelt","description":"EVENTS. MUSEUM. EMOTIONEN.","publisher":{"@id":"https:\/\/www.autobau.ch\/de\/#organization"},"potentialAction":[{"@type":"SearchAction","target":{"@type":"EntryPoint","urlTemplate":"https:\/\/www.autobau.ch\/de\/?s={search_term_string}"},"query-input":{"@type":"PropertyValueSpecification","valueRequired":true,"valueName":"search_term_string"}}],"inLanguage":"de"},{"@type":"Organization","@id":"https:\/\/www.autobau.ch\/de\/#organization","name":"autobau erlebniswelt","url":"https:\/\/www.autobau.ch\/de\/","logo":{"@type":"ImageObject","inLanguage":"de","@id":"https:\/\/www.autobau.ch\/de\/#\/schema\/logo\/image\/","url":"https:\/\/www.autobau.ch\/wp-content\/uploads\/2018\/02\/Logo_ab_254x95.png","contentUrl":"https:\/\/www.autobau.ch\/wp-content\/uploads\/2018\/02\/Logo_ab_254x95.png","width":254,"height":95,"caption":"autobau erlebniswelt"},"image":{"@id":"https:\/\/www.autobau.ch\/de\/#\/schema\/logo\/image\/"},"sameAs":["https:\/\/www.facebook.com\/autobau.ch\/"]}]}},"_links":{"self":[{"href":"https:\/\/www.autobau.ch\/de\/wp-json\/wp\/v2\/pages\/14138","targetHints":{"allow":["GET"]}}],"collection":[{"href":"https:\/\/www.autobau.ch\/de\/wp-json\/wp\/v2\/pages"}],"about":[{"href":"https:\/\/www.autobau.ch\/de\/wp-json\/wp\/v2\/types\/page"}],"author":[{"embeddable":true,"href":"https:\/\/www.autobau.ch\/de\/wp-json\/wp\/v2\/users\/6"}],"replies":[{"embeddable":true,"href":"https:\/\/www.autobau.ch\/de\/wp-json\/wp\/v2\/comments?post=14138"}],"version-history":[{"count":3,"href":"https:\/\/www.autobau.ch\/de\/wp-json\/wp\/v2\/pages\/14138\/revisions"}],"predecessor-version":[{"id":29791,"href":"https:\/\/www.autobau.ch\/de\/wp-json\/wp\/v2\/pages\/14138\/revisions\/29791"}],"up":[{"embeddable":true,"href":"https:\/\/www.autobau.ch\/de\/wp-json\/wp\/v2\/pages\/869"}],"wp:attachment":[{"href":"https:\/\/www.autobau.ch\/de\/wp-json\/wp\/v2\/media?parent=14138"}],"curies":[{"name":"wp","href":"https:\/\/api.w.org\/{rel}","templated":true}]}}