{"id":15213,"date":"2023-04-17T09:58:24","date_gmt":"2023-04-17T07:58:24","guid":{"rendered":"https:\/\/stage.autobau.ch\/?page_id=15213"},"modified":"2023-04-17T10:01:34","modified_gmt":"2023-04-17T08:01:34","slug":"autobau-eventareal","status":"publish","type":"page","link":"https:\/\/www.autobau.ch\/de\/eventhallen\/autobau-eventareal\/","title":{"rendered":"autobau eventareal"},"content":{"rendered":"\t\t<div data-elementor-type=\"wp-page\" data-elementor-id=\"15213\" class=\"elementor elementor-15213\" data-elementor-post-type=\"page\">\n\t\t\t\t\t\t<section class=\"elementor-section elementor-top-section elementor-element elementor-element-0cb9466 elementor-section-full_width elementor-section-height-default elementor-section-height-default\" data-id=\"0cb9466\" data-element_type=\"section\" data-e-type=\"section\">\n\t\t\t\t\t\t<div class=\"elementor-container elementor-column-gap-default\">\n\t\t\t\t\t<div class=\"elementor-column elementor-col-100 elementor-top-column elementor-element elementor-element-3c4c412\" data-id=\"3c4c412\" data-element_type=\"column\" data-e-type=\"column\">\n\t\t\t<div class=\"elementor-widget-wrap elementor-element-populated\">\n\t\t\t\t\t\t<div class=\"elementor-element elementor-element-8144d3e elementor-widget elementor-widget-main-title\" data-id=\"8144d3e\" data-element_type=\"widget\" data-e-type=\"widget\" data-widget_type=\"main-title.default\">\n\t\t\t\t<div class=\"elementor-widget-container\">\n\t\t\t\t\t\n<div class=\"flex justify-center\">\n    <div class=\"max-w-[1190px] header-text text-center\">\n        <h1 class=\"fsize-48 relative !font-light pb-[25px] text-textcolor\">autobau eventareal\n<\/h1>\n    <\/div>\n<\/div>\t\t\t\t<\/div>\n\t\t\t\t<\/div>\n\t\t\t\t\t<\/div>\n\t\t<\/div>\n\t\t\t\t\t<\/div>\n\t\t<\/section>\n\t\t\t\t<section class=\"elementor-section elementor-top-section elementor-element elementor-element-32be714 elementor-section-full_width elementor-section-height-default elementor-section-height-default\" data-id=\"32be714\" data-element_type=\"section\" data-e-type=\"section\">\n\t\t\t\t\t\t<div class=\"elementor-container elementor-column-gap-default\">\n\t\t\t\t\t<div class=\"elementor-column elementor-col-100 elementor-top-column elementor-element elementor-element-162120a\" data-id=\"162120a\" data-element_type=\"column\" data-e-type=\"column\">\n\t\t\t<div class=\"elementor-widget-wrap elementor-element-populated\">\n\t\t\t\t\t\t<div class=\"elementor-element elementor-element-3fd34c4 elementor-widget elementor-widget-image-text\" data-id=\"3fd34c4\" data-element_type=\"widget\" data-e-type=\"widget\" data-widget_type=\"image-text.default\">\n\t\t\t\t<div class=\"elementor-widget-container\">\n\t\t\t\t\t\n<div class=\"image-text flex lg:flex-wrap font-light mob-change:flex-col  \">\n    <div class=\"basis-1\/3 below-large-laptop:basis-2\/5 lg-flex-basis-1 lg:!flex-[0_0_100%] below-laptop:mb-40 below-laptop: min-above-lg:mr-25 text-col\" >\n        <h3  ><span class=\"text-brand text-[30px] leading-[30px] block mb-[20px] font-klavika font-light\">Aussenfl\u00e4che: autobau eventareal<\/span><\/h3>\n        <div  ><p>Die grosse asphaltierte Eventfl\u00e4che bietet ein riesiges Platzangebot vor der Racing-Halle und dem Polygon. Auf ihr finden mehrere Festzelte Platz, ebenso bietet sich die M\u00f6glichkeit, einen Event oder eine Party mit einem Empfang auf einem roten Teppich zu gestalten. Das macht die weitl\u00e4ufige Anlage auch zu einer besonders attraktiven Hochzeitslocation im Thurgau am Bodensee.<\/p><h3 class=\"text-[30px] text-brand font-light newspaper-inline-title\">Eventhalle f\u00fcr Z\u00fcrich, Winterthur, St. Gallen, Frauenfeld, Kreuzlingen<\/h3><p>Wenn es dunkel wird, k\u00f6nnen die Backsteingeb\u00e4ude angestrahlt werden und erzeugen durch die warmen Farben der sandfarbenen und roten Backsteine ein sehr angenehmes Licht. Erg\u00e4nzend dazu l\u00e4sst sich die grosse Asphaltfl\u00e4che illuminieren, ebenso wie die buchbaren Festzelte.<\/p><h3 class=\"text-[30px] text-brand font-light newspaper-inline-title\">Bestuhlungsarten &amp; Kapazit\u00e4ten<\/h3><p>Auf unserem weitl\u00e4ufigen Eventareal nahe dem Hafen Romanshorn sind viele verschiedene Bestuhlungsarten im Freien und auch in Zelten umsetzbar. Von Loungem\u00f6beln bis hin zu Bierb\u00e4nken ist alles m\u00f6glich. Bitte sprechen Sie f\u00fcr detaillierte Informationen unser Event-Team an.<\/p><div class=\"post-content\"><ul><li>1.700 Personen Open-Air-Event<\/li><li>500 Personen Zelt<\/li><li>500 Personen Racing-Event<\/li><\/ul><\/div><\/div>\n        \n        \n            <\/div>        \n    \n    <div class=\"basis-2\/3 below-large-laptop:basis-3\/5 lg-flex-basis-1 lg:!flex-[0_0_100%] below-laptop:mb-30 mob-change:ml-[calc(50%-50vw)] mob-change:mr-[calc(50%-50vw)] relative \" >\n        <img decoding=\"async\" class=\"w-full max-w-[1190px] hp:hidden autobau-lazy-load relative\" \n        src=\"https:\/\/www.autobau.ch\/wp-content\/uploads\/eventlocation\/eventlocation-party-location-bodensee-schweiz.png\" alt=\"\" title=\"\" \/>\n        <img decoding=\"async\" src=\"https:\/\/www.autobau.ch\/wp-content\/uploads\/eventlocation\/eventlocation-party-location-bodensee-schweiz.png\" class=\"w-full relative h-auto min-hp:hidden\" alt=\"\" title=\"\" \/>\n    <\/div>\n<\/div>\t\t\t\t<\/div>\n\t\t\t\t<\/div>\n\t\t\t\t\t<\/div>\n\t\t<\/div>\n\t\t\t\t\t<\/div>\n\t\t<\/section>\n\t\t\t\t<\/div>\n\t\t","protected":false},"excerpt":{"rendered":"<p>autobau eventareal Aussenfl\u00e4che: autobau eventareal Die grosse asphaltierte Eventfl\u00e4che bietet ein riesiges Platzangebot vor der Racing-Halle und dem Polygon. Auf ihr finden mehrere Festzelte Platz, ebenso bietet sich die M\u00f6glichkeit, einen Event oder eine Party mit einem Empfang auf einem roten Teppich zu gestalten. Das macht die weitl\u00e4ufige Anlage auch zu einer besonders attraktiven Hochzeitslocation im Thurgau am Bodensee. Eventhalle f\u00fcr Z\u00fcrich, Winterthur, St. Gallen, Frauenfeld, Kreuzlingen Wenn es dunkel wird, k\u00f6nnen die Backsteingeb\u00e4ude angestrahlt werden und erzeugen durch die warmen Farben der sandfarbenen und roten Backsteine ein sehr angenehmes Licht. Erg\u00e4nzend dazu l\u00e4sst sich die grosse Asphaltfl\u00e4che illuminieren, ebenso wie die buchbaren Festzelte. Bestuhlungsarten &amp; Kapazit\u00e4ten Auf unserem weitl\u00e4ufigen Eventareal nahe dem Hafen Romanshorn sind viele verschiedene Bestuhlungsarten im Freien und auch in Zelten umsetzbar. Von Loungem\u00f6beln bis hin zu Bierb\u00e4nken ist alles m\u00f6glich. Bitte sprechen Sie f\u00fcr detaillierte Informationen unser Event-Team an. 1.700 Personen Open-Air-Event 500 Personen Zelt 500 Personen Racing-Event<\/p>\n","protected":false},"author":6,"featured_media":0,"parent":869,"menu_order":0,"comment_status":"closed","ping_status":"closed","template":"","meta":{"_acf_changed":false,"footnotes":""},"class_list":["post-15213","page","type-page","status-publish","hentry"],"acf":[],"yoast_head":"<!-- This site is optimized with the Yoast SEO plugin v27.3 - https:\/\/yoast.com\/product\/yoast-seo-wordpress\/ -->\n<title>autobau eventareal - autobau erlebniswelt<\/title>\n<meta name=\"robots\" content=\"index, follow, max-snippet:-1, max-image-preview:large, max-video-preview:-1\" \/>\n<link rel=\"canonical\" href=\"https:\/\/www.autobau.ch\/de\/eventhallen\/autobau-eventareal\/\" \/>\n<meta property=\"og:locale\" content=\"de_DE\" \/>\n<meta property=\"og:type\" content=\"article\" \/>\n<meta property=\"og:title\" content=\"autobau eventareal - autobau erlebniswelt\" \/>\n<meta property=\"og:description\" content=\"autobau eventareal Aussenfl\u00e4che: autobau eventareal Die grosse asphaltierte Eventfl\u00e4che bietet ein riesiges Platzangebot vor der Racing-Halle und dem Polygon. Auf ihr finden mehrere Festzelte Platz, ebenso bietet sich die M\u00f6glichkeit, einen Event oder eine Party mit einem Empfang auf einem roten Teppich zu gestalten. Das macht die weitl\u00e4ufige Anlage auch zu einer besonders attraktiven Hochzeitslocation im Thurgau am Bodensee. Eventhalle f\u00fcr Z\u00fcrich, Winterthur, St. Gallen, Frauenfeld, Kreuzlingen Wenn es dunkel wird, k\u00f6nnen die Backsteingeb\u00e4ude angestrahlt werden und erzeugen durch die warmen Farben der sandfarbenen und roten Backsteine ein sehr angenehmes Licht. Erg\u00e4nzend dazu l\u00e4sst sich die grosse Asphaltfl\u00e4che illuminieren, ebenso wie die buchbaren Festzelte. Bestuhlungsarten &amp; Kapazit\u00e4ten Auf unserem weitl\u00e4ufigen Eventareal nahe dem Hafen Romanshorn sind viele verschiedene Bestuhlungsarten im Freien und auch in Zelten umsetzbar. Von Loungem\u00f6beln bis hin zu Bierb\u00e4nken ist alles m\u00f6glich. Bitte sprechen Sie f\u00fcr detaillierte Informationen unser Event-Team an. 1.700 Personen Open-Air-Event 500 Personen Zelt 500 Personen Racing-Event\" \/>\n<meta property=\"og:url\" content=\"https:\/\/www.autobau.ch\/de\/eventhallen\/autobau-eventareal\/\" \/>\n<meta property=\"og:site_name\" content=\"autobau erlebniswelt\" \/>\n<meta property=\"article:publisher\" content=\"https:\/\/www.facebook.com\/autobau.ch\/\" \/>\n<meta property=\"article:modified_time\" content=\"2023-04-17T08:01:34+00:00\" \/>\n<meta property=\"og:image\" content=\"https:\/\/stage.autobau.ch\/wp-content\/uploads\/eventlocation\/eventlocation-party-location-bodensee-schweiz.png\" \/>\n<meta name=\"twitter:card\" content=\"summary_large_image\" \/>\n<meta name=\"twitter:label1\" content=\"Gesch\u00e4tzte Lesezeit\" \/>\n\t<meta name=\"twitter:data1\" content=\"1\u00a0Minute\" \/>\n<script type=\"application\/ld+json\" class=\"yoast-schema-graph\">{\"@context\":\"https:\\\/\\\/schema.org\",\"@graph\":[{\"@type\":\"WebPage\",\"@id\":\"https:\\\/\\\/www.autobau.ch\\\/de\\\/eventhallen\\\/autobau-eventareal\\\/\",\"url\":\"https:\\\/\\\/www.autobau.ch\\\/de\\\/eventhallen\\\/autobau-eventareal\\\/\",\"name\":\"autobau eventareal - autobau erlebniswelt\",\"isPartOf\":{\"@id\":\"https:\\\/\\\/www.autobau.ch\\\/de\\\/#website\"},\"primaryImageOfPage\":{\"@id\":\"https:\\\/\\\/www.autobau.ch\\\/de\\\/eventhallen\\\/autobau-eventareal\\\/#primaryimage\"},\"image\":{\"@id\":\"https:\\\/\\\/www.autobau.ch\\\/de\\\/eventhallen\\\/autobau-eventareal\\\/#primaryimage\"},\"thumbnailUrl\":\"https:\\\/\\\/www.autobau.ch\\\/wp-content\\\/uploads\\\/eventlocation\\\/eventlocation-party-location-bodensee-schweiz.png\",\"datePublished\":\"2023-04-17T07:58:24+00:00\",\"dateModified\":\"2023-04-17T08:01:34+00:00\",\"breadcrumb\":{\"@id\":\"https:\\\/\\\/www.autobau.ch\\\/de\\\/eventhallen\\\/autobau-eventareal\\\/#breadcrumb\"},\"inLanguage\":\"de\",\"potentialAction\":[{\"@type\":\"ReadAction\",\"target\":[\"https:\\\/\\\/www.autobau.ch\\\/de\\\/eventhallen\\\/autobau-eventareal\\\/\"]}]},{\"@type\":\"ImageObject\",\"inLanguage\":\"de\",\"@id\":\"https:\\\/\\\/www.autobau.ch\\\/de\\\/eventhallen\\\/autobau-eventareal\\\/#primaryimage\",\"url\":\"https:\\\/\\\/www.autobau.ch\\\/wp-content\\\/uploads\\\/eventlocation\\\/eventlocation-party-location-bodensee-schweiz.png\",\"contentUrl\":\"https:\\\/\\\/www.autobau.ch\\\/wp-content\\\/uploads\\\/eventlocation\\\/eventlocation-party-location-bodensee-schweiz.png\"},{\"@type\":\"BreadcrumbList\",\"@id\":\"https:\\\/\\\/www.autobau.ch\\\/de\\\/eventhallen\\\/autobau-eventareal\\\/#breadcrumb\",\"itemListElement\":[{\"@type\":\"ListItem\",\"position\":1,\"name\":\"Home\",\"item\":\"https:\\\/\\\/www.autobau.ch\\\/de\\\/\"},{\"@type\":\"ListItem\",\"position\":2,\"name\":\"Eventhallen\",\"item\":\"https:\\\/\\\/www.autobau.ch\\\/de\\\/eventhallen\\\/\"},{\"@type\":\"ListItem\",\"position\":3,\"name\":\"autobau eventareal\"}]},{\"@type\":\"WebSite\",\"@id\":\"https:\\\/\\\/www.autobau.ch\\\/de\\\/#website\",\"url\":\"https:\\\/\\\/www.autobau.ch\\\/de\\\/\",\"name\":\"autobau erlebniswelt\",\"description\":\"EVENTS. MUSEUM. EMOTIONEN.\",\"publisher\":{\"@id\":\"https:\\\/\\\/www.autobau.ch\\\/de\\\/#organization\"},\"potentialAction\":[{\"@type\":\"SearchAction\",\"target\":{\"@type\":\"EntryPoint\",\"urlTemplate\":\"https:\\\/\\\/www.autobau.ch\\\/de\\\/?s={search_term_string}\"},\"query-input\":{\"@type\":\"PropertyValueSpecification\",\"valueRequired\":true,\"valueName\":\"search_term_string\"}}],\"inLanguage\":\"de\"},{\"@type\":\"Organization\",\"@id\":\"https:\\\/\\\/www.autobau.ch\\\/de\\\/#organization\",\"name\":\"autobau erlebniswelt\",\"url\":\"https:\\\/\\\/www.autobau.ch\\\/de\\\/\",\"logo\":{\"@type\":\"ImageObject\",\"inLanguage\":\"de\",\"@id\":\"https:\\\/\\\/www.autobau.ch\\\/de\\\/#\\\/schema\\\/logo\\\/image\\\/\",\"url\":\"https:\\\/\\\/www.autobau.ch\\\/wp-content\\\/uploads\\\/2018\\\/02\\\/Logo_ab_254x95.png\",\"contentUrl\":\"https:\\\/\\\/www.autobau.ch\\\/wp-content\\\/uploads\\\/2018\\\/02\\\/Logo_ab_254x95.png\",\"width\":254,\"height\":95,\"caption\":\"autobau erlebniswelt\"},\"image\":{\"@id\":\"https:\\\/\\\/www.autobau.ch\\\/de\\\/#\\\/schema\\\/logo\\\/image\\\/\"},\"sameAs\":[\"https:\\\/\\\/www.facebook.com\\\/autobau.ch\\\/\"]}]}<\/script>\n<!-- \/ Yoast SEO plugin. -->","yoast_head_json":{"title":"autobau eventareal - autobau erlebniswelt","robots":{"index":"index","follow":"follow","max-snippet":"max-snippet:-1","max-image-preview":"max-image-preview:large","max-video-preview":"max-video-preview:-1"},"canonical":"https:\/\/www.autobau.ch\/de\/eventhallen\/autobau-eventareal\/","og_locale":"de_DE","og_type":"article","og_title":"autobau eventareal - autobau erlebniswelt","og_description":"autobau eventareal Aussenfl\u00e4che: autobau eventareal Die grosse asphaltierte Eventfl\u00e4che bietet ein riesiges Platzangebot vor der Racing-Halle und dem Polygon. Auf ihr finden mehrere Festzelte Platz, ebenso bietet sich die M\u00f6glichkeit, einen Event oder eine Party mit einem Empfang auf einem roten Teppich zu gestalten. Das macht die weitl\u00e4ufige Anlage auch zu einer besonders attraktiven Hochzeitslocation im Thurgau am Bodensee. Eventhalle f\u00fcr Z\u00fcrich, Winterthur, St. Gallen, Frauenfeld, Kreuzlingen Wenn es dunkel wird, k\u00f6nnen die Backsteingeb\u00e4ude angestrahlt werden und erzeugen durch die warmen Farben der sandfarbenen und roten Backsteine ein sehr angenehmes Licht. Erg\u00e4nzend dazu l\u00e4sst sich die grosse Asphaltfl\u00e4che illuminieren, ebenso wie die buchbaren Festzelte. Bestuhlungsarten &amp; Kapazit\u00e4ten Auf unserem weitl\u00e4ufigen Eventareal nahe dem Hafen Romanshorn sind viele verschiedene Bestuhlungsarten im Freien und auch in Zelten umsetzbar. Von Loungem\u00f6beln bis hin zu Bierb\u00e4nken ist alles m\u00f6glich. Bitte sprechen Sie f\u00fcr detaillierte Informationen unser Event-Team an. 1.700 Personen Open-Air-Event 500 Personen Zelt 500 Personen Racing-Event","og_url":"https:\/\/www.autobau.ch\/de\/eventhallen\/autobau-eventareal\/","og_site_name":"autobau erlebniswelt","article_publisher":"https:\/\/www.facebook.com\/autobau.ch\/","article_modified_time":"2023-04-17T08:01:34+00:00","og_image":[{"url":"https:\/\/stage.autobau.ch\/wp-content\/uploads\/eventlocation\/eventlocation-party-location-bodensee-schweiz.png","type":"","width":"","height":""}],"twitter_card":"summary_large_image","twitter_misc":{"Gesch\u00e4tzte Lesezeit":"1\u00a0Minute"},"schema":{"@context":"https:\/\/schema.org","@graph":[{"@type":"WebPage","@id":"https:\/\/www.autobau.ch\/de\/eventhallen\/autobau-eventareal\/","url":"https:\/\/www.autobau.ch\/de\/eventhallen\/autobau-eventareal\/","name":"autobau eventareal - autobau erlebniswelt","isPartOf":{"@id":"https:\/\/www.autobau.ch\/de\/#website"},"primaryImageOfPage":{"@id":"https:\/\/www.autobau.ch\/de\/eventhallen\/autobau-eventareal\/#primaryimage"},"image":{"@id":"https:\/\/www.autobau.ch\/de\/eventhallen\/autobau-eventareal\/#primaryimage"},"thumbnailUrl":"https:\/\/www.autobau.ch\/wp-content\/uploads\/eventlocation\/eventlocation-party-location-bodensee-schweiz.png","datePublished":"2023-04-17T07:58:24+00:00","dateModified":"2023-04-17T08:01:34+00:00","breadcrumb":{"@id":"https:\/\/www.autobau.ch\/de\/eventhallen\/autobau-eventareal\/#breadcrumb"},"inLanguage":"de","potentialAction":[{"@type":"ReadAction","target":["https:\/\/www.autobau.ch\/de\/eventhallen\/autobau-eventareal\/"]}]},{"@type":"ImageObject","inLanguage":"de","@id":"https:\/\/www.autobau.ch\/de\/eventhallen\/autobau-eventareal\/#primaryimage","url":"https:\/\/www.autobau.ch\/wp-content\/uploads\/eventlocation\/eventlocation-party-location-bodensee-schweiz.png","contentUrl":"https:\/\/www.autobau.ch\/wp-content\/uploads\/eventlocation\/eventlocation-party-location-bodensee-schweiz.png"},{"@type":"BreadcrumbList","@id":"https:\/\/www.autobau.ch\/de\/eventhallen\/autobau-eventareal\/#breadcrumb","itemListElement":[{"@type":"ListItem","position":1,"name":"Home","item":"https:\/\/www.autobau.ch\/de\/"},{"@type":"ListItem","position":2,"name":"Eventhallen","item":"https:\/\/www.autobau.ch\/de\/eventhallen\/"},{"@type":"ListItem","position":3,"name":"autobau eventareal"}]},{"@type":"WebSite","@id":"https:\/\/www.autobau.ch\/de\/#website","url":"https:\/\/www.autobau.ch\/de\/","name":"autobau erlebniswelt","description":"EVENTS. MUSEUM. EMOTIONEN.","publisher":{"@id":"https:\/\/www.autobau.ch\/de\/#organization"},"potentialAction":[{"@type":"SearchAction","target":{"@type":"EntryPoint","urlTemplate":"https:\/\/www.autobau.ch\/de\/?s={search_term_string}"},"query-input":{"@type":"PropertyValueSpecification","valueRequired":true,"valueName":"search_term_string"}}],"inLanguage":"de"},{"@type":"Organization","@id":"https:\/\/www.autobau.ch\/de\/#organization","name":"autobau erlebniswelt","url":"https:\/\/www.autobau.ch\/de\/","logo":{"@type":"ImageObject","inLanguage":"de","@id":"https:\/\/www.autobau.ch\/de\/#\/schema\/logo\/image\/","url":"https:\/\/www.autobau.ch\/wp-content\/uploads\/2018\/02\/Logo_ab_254x95.png","contentUrl":"https:\/\/www.autobau.ch\/wp-content\/uploads\/2018\/02\/Logo_ab_254x95.png","width":254,"height":95,"caption":"autobau erlebniswelt"},"image":{"@id":"https:\/\/www.autobau.ch\/de\/#\/schema\/logo\/image\/"},"sameAs":["https:\/\/www.facebook.com\/autobau.ch\/"]}]}},"_links":{"self":[{"href":"https:\/\/www.autobau.ch\/de\/wp-json\/wp\/v2\/pages\/15213","targetHints":{"allow":["GET"]}}],"collection":[{"href":"https:\/\/www.autobau.ch\/de\/wp-json\/wp\/v2\/pages"}],"about":[{"href":"https:\/\/www.autobau.ch\/de\/wp-json\/wp\/v2\/types\/page"}],"author":[{"embeddable":true,"href":"https:\/\/www.autobau.ch\/de\/wp-json\/wp\/v2\/users\/6"}],"replies":[{"embeddable":true,"href":"https:\/\/www.autobau.ch\/de\/wp-json\/wp\/v2\/comments?post=15213"}],"version-history":[{"count":0,"href":"https:\/\/www.autobau.ch\/de\/wp-json\/wp\/v2\/pages\/15213\/revisions"}],"up":[{"embeddable":true,"href":"https:\/\/www.autobau.ch\/de\/wp-json\/wp\/v2\/pages\/869"}],"wp:attachment":[{"href":"https:\/\/www.autobau.ch\/de\/wp-json\/wp\/v2\/media?parent=15213"}],"curies":[{"name":"wp","href":"https:\/\/api.w.org\/{rel}","templated":true}]}}