{"id":22685,"date":"2024-07-22T11:38:12","date_gmt":"2024-07-22T09:38:12","guid":{"rendered":"https:\/\/www.autobau.ch\/?page_id=22685"},"modified":"2025-05-12T14:10:15","modified_gmt":"2025-05-12T12:10:15","slug":"nachhaltigkeit","status":"publish","type":"page","link":"https:\/\/www.autobau.ch\/de\/nachhaltigkeit\/","title":{"rendered":"Nachhaltigkeit"},"content":{"rendered":"\t\t<div data-elementor-type=\"wp-page\" data-elementor-id=\"22685\" class=\"elementor elementor-22685\" data-elementor-post-type=\"page\">\n\t\t\t\t\t\t<section class=\"elementor-section elementor-top-section elementor-element elementor-element-3396978 elementor-section-full_width elementor-section-height-default elementor-section-height-default\" data-id=\"3396978\" data-element_type=\"section\" data-e-type=\"section\">\n\t\t\t\t\t\t<div class=\"elementor-container elementor-column-gap-default\">\n\t\t\t\t\t<div class=\"elementor-column elementor-col-100 elementor-top-column elementor-element elementor-element-a8f3ca0\" data-id=\"a8f3ca0\" data-element_type=\"column\" data-e-type=\"column\">\n\t\t\t<div class=\"elementor-widget-wrap elementor-element-populated\">\n\t\t\t\t\t\t<div class=\"elementor-element elementor-element-f305d71 elementor-widget elementor-widget-main-title\" data-id=\"f305d71\" data-element_type=\"widget\" data-e-type=\"widget\" data-widget_type=\"main-title.default\">\n\t\t\t\t<div class=\"elementor-widget-container\">\n\t\t\t\t\t\n<div class=\"flex justify-center\">\n    <div class=\"max-w-[1190px] header-text text-center\">\n        <h1 class=\"fsize-48 relative !font-light pb-[25px] text-textcolor\">Nachhaltigkeit - autobau erlebniswelt<\/h1>\n    <\/div>\n<\/div>\t\t\t\t<\/div>\n\t\t\t\t<\/div>\n\t\t\t\t\t<\/div>\n\t\t<\/div>\n\t\t\t\t\t<\/div>\n\t\t<\/section>\n\t\t\t\t<section class=\"elementor-section elementor-top-section elementor-element elementor-element-57876f7 elementor-section-full_width elementor-section-height-default elementor-section-height-default\" data-id=\"57876f7\" data-element_type=\"section\" data-e-type=\"section\">\n\t\t\t\t\t\t<div class=\"elementor-container elementor-column-gap-default\">\n\t\t\t\t\t<div class=\"elementor-column elementor-col-100 elementor-top-column elementor-element elementor-element-8f30093\" data-id=\"8f30093\" data-element_type=\"column\" data-e-type=\"column\">\n\t\t\t<div class=\"elementor-widget-wrap elementor-element-populated\">\n\t\t\t\t\t\t<div class=\"elementor-element elementor-element-b3a04ee elementor-widget elementor-widget-image-text\" data-id=\"b3a04ee\" data-element_type=\"widget\" data-e-type=\"widget\" data-widget_type=\"image-text.default\">\n\t\t\t\t<div class=\"elementor-widget-container\">\n\t\t\t\t\t\n<div class=\"image-text flex lg:flex-wrap font-light mob-change:flex-col  \">\n    <div class=\"basis-1\/3 below-large-laptop:basis-2\/5 lg-flex-basis-1 lg:!flex-[0_0_100%] below-laptop:mb-40 below-laptop: min-above-lg:mr-25 text-col\" >\n        <h3  ><span class=\"text-brand text-[30px] leading-[30px] block mb-[20px] font-klavika font-light\">Swisstainable - committed<\/span><\/h3>\n        <div  ><p>F\u00fcr die autobau erlebniswelt hat die Nachhaltigkeit einen hohen Stellenwert. Wir verstehen Nachhaltigkeit umfassend und arbeiten an verschiedenen Projekten in den Bereichen Klima- und Umweltschutz, Gesellschaft und Wirtschaft.<\/p><p>Der Erhalt des Nachhaltigkeitslabels Swisstainable (committet) im Januar 2023 bezeugt das Bestreben der autobau erlebniswelt sich f\u00fcr die Nachhaltigkeit zu engagieren.<\/p><\/div>\n        \n        \n            <\/div>        \n    \n    <div class=\"basis-2\/3 below-large-laptop:basis-3\/5 lg-flex-basis-1 lg:!flex-[0_0_100%] below-laptop:mb-30 mob-change:ml-[calc(50%-50vw)] mob-change:mr-[calc(50%-50vw)] relative \" >\n        <img decoding=\"async\" class=\"w-full max-w-[1190px] hp:hidden autobau-lazy-load relative\" \n        src=\"https:\/\/www.autobau.ch\/wp-content\/uploads\/2024\/07\/Drohnenaufnahme_Lienhard_Juerg-1190x670.jpg\" alt=\"\" title=\"\" \/>\n        <img decoding=\"async\" src=\"https:\/\/www.autobau.ch\/wp-content\/uploads\/2024\/07\/Drohnenaufnahme_Lienhard_Juerg-640x640.jpg\" class=\"w-full relative h-auto min-hp:hidden\" alt=\"\" title=\"\" \/>\n    <\/div>\n<\/div>\t\t\t\t<\/div>\n\t\t\t\t<\/div>\n\t\t\t\t<div class=\"elementor-element elementor-element-cbc4d55 elementor-widget elementor-widget-subtitle\" data-id=\"cbc4d55\" data-element_type=\"widget\" data-e-type=\"widget\" data-widget_type=\"subtitle.default\">\n\t\t\t\t<div class=\"elementor-widget-container\">\n\t\t\t\t\t\n<div class=\"flex justify-center\">\n    <div class=\"max-w-[1190px] header-text text-center\">\n        <h2 class=\"fsize-48 relative !font-light pb-[25px] text-textcolor\">Unsere Projekte\n<\/h2>\n    <\/div>\n<\/div>\t\t\t\t<\/div>\n\t\t\t\t<\/div>\n\t\t\t\t<div class=\"elementor-element elementor-element-824298f elementor-widget elementor-widget-image-text\" data-id=\"824298f\" data-element_type=\"widget\" data-e-type=\"widget\" data-widget_type=\"image-text.default\">\n\t\t\t\t<div class=\"elementor-widget-container\">\n\t\t\t\t\t\n<div class=\"image-text flex lg:flex-wrap font-light mob-change:flex-col min-mob-change:flex-row-reverse \">\n    <div class=\"basis-1\/3 below-large-laptop:basis-2\/5 lg-flex-basis-1 lg:!flex-[0_0_100%] below-laptop:mb-40 below-laptop: min-above-lg:ml-25 text-col\" >\n        <h3  ><span class=\"text-brand text-[30px] leading-[30px] block mb-[20px] font-klavika font-light\">Geb\u00e4ude und Fahrzeuge<\/span><\/h3>\n        <div  ><ul><li>Hohe Strom-Eigenproduktion durch Photovoltaik-Anlagen<\/li><li>Neubau mit Minergie Standard<\/li><li>Engagements in nicht-fossilen Treibstoffen<\/li><li>Aktive Aufkl\u00e4rung im Bereich Mobilit\u00e4t\/Energie am Beispiel von Fahrzeugen in der Sammlung<\/li><li>Minimale Fahrten mit unseren Oldtimern<\/li><li>Reinigung der Fahrzeuge mit Wasserdampf<\/li><li>3 D Rundgang durch Fahrzeugsammlung<\/li><li>Mehrheitlich barrierefreies Begehen der Fahrzeugsammlung<\/li><li>Beleuchtung der Sammlung mit LED-Lampen<\/li><\/ul><\/div>\n        \n        \n            <\/div>        \n    \n    <div class=\"basis-2\/3 below-large-laptop:basis-3\/5 lg-flex-basis-1 lg:!flex-[0_0_100%] below-laptop:mb-30 mob-change:ml-[calc(50%-50vw)] mob-change:mr-[calc(50%-50vw)] relative \" >\n        <img decoding=\"async\" class=\"w-full max-w-[1190px] hp:hidden autobau-lazy-load relative\" \n        src=\"https:\/\/www.autobau.ch\/wp-content\/uploads\/2024\/07\/771A9960_Bearbeitet-1190x670.jpg\" alt=\"\" title=\"\" \/>\n        <img decoding=\"async\" src=\"https:\/\/www.autobau.ch\/wp-content\/uploads\/2024\/07\/771A9960_Bearbeitet-640x640.jpg\" class=\"w-full relative h-auto min-hp:hidden\" alt=\"\" title=\"\" \/>\n    <\/div>\n<\/div>\t\t\t\t<\/div>\n\t\t\t\t<\/div>\n\t\t\t\t<div class=\"elementor-element elementor-element-8ebe6c6 elementor-widget elementor-widget-image-text\" data-id=\"8ebe6c6\" data-element_type=\"widget\" data-e-type=\"widget\" data-widget_type=\"image-text.default\">\n\t\t\t\t<div class=\"elementor-widget-container\">\n\t\t\t\t\t\n<div class=\"image-text flex lg:flex-wrap font-light mob-change:flex-col  \">\n    <div class=\"basis-1\/3 below-large-laptop:basis-2\/5 lg-flex-basis-1 lg:!flex-[0_0_100%] below-laptop:mb-40 below-laptop: min-above-lg:mr-25 text-col\" >\n        <h3  ><span class=\"text-brand text-[30px] leading-[30px] block mb-[20px] font-klavika font-light\">Gastronomie \/Gesellschaft<\/span><\/h3>\n        <div  ><ul><li><span style=\"color: var( --text-color ); font-family: 'Klavika Basic'; font-size: 18px; font-weight: 300;\">Zusammenarbeit mit Partnern aus dem Kanton Thurgau\/St. Gallen<\/span><\/li><li>Cateringpartner aus Romanshorn<\/li><li>3-D Rundgang durch die Eventlocation<\/li><li>Kompostierbare Servietten im Bistro-Alltag<\/li><li>Mehrweg Set im Bistro-Alltag<\/li><li>Gleichstellungsmassnahmen bei Mitarbeitenden<\/li><li>Partizipation der Mitarbeitenden<\/li><\/ul><\/div>\n        \n        \n            <\/div>        \n    \n    <div class=\"basis-2\/3 below-large-laptop:basis-3\/5 lg-flex-basis-1 lg:!flex-[0_0_100%] below-laptop:mb-30 mob-change:ml-[calc(50%-50vw)] mob-change:mr-[calc(50%-50vw)] relative \" >\n        <img decoding=\"async\" class=\"w-full max-w-[1190px] hp:hidden autobau-lazy-load relative\" \n        src=\"https:\/\/www.autobau.ch\/wp-content\/uploads\/2024\/05\/Autobau-Eventlocation-RPMCH-Robin-Moehl-komprimiert-13-1190x670.jpg\" alt=\"\" title=\"\" \/>\n        <img decoding=\"async\" src=\"https:\/\/www.autobau.ch\/wp-content\/uploads\/2024\/05\/Autobau-Eventlocation-RPMCH-Robin-Moehl-komprimiert-13-640x640.jpg\" class=\"w-full relative h-auto min-hp:hidden\" alt=\"\" title=\"\" \/>\n    <\/div>\n<\/div>\t\t\t\t<\/div>\n\t\t\t\t<\/div>\n\t\t\t\t<div class=\"elementor-element elementor-element-108a117 elementor-widget elementor-widget-textabschnitt\" data-id=\"108a117\" data-element_type=\"widget\" data-e-type=\"widget\" data-widget_type=\"textabschnitt.default\">\n\t\t\t\t<div class=\"elementor-widget-container\">\n\t\t\t\t\t\n\n<div class=\"newspaper-section columns-2  col-span-full gap-[40px] below-laptop:columns-1 below-laptop:gap-0 children-font-light\">\n        <div  ><h3 class=\"mb-25 newspaper-main-title block font-light\">Swisstainable<\/h3><\/div>\n        <div  ><p><a href=\"https:\/\/www.stv-fst.ch\/nachhaltigkeit\/kompetenzzentrum\/swisstainable\/swisstainable-destination\">Swisstainable<\/a> ist ein Schweizer Nachhaltigkeitsprogramm aus dem Tourismus f\u00fcr den Tourismus. Im Fokus steht die nachhaltige Entwicklung des Tourismuslands Schweiz. Eine Teilnahme am Nachhaltigkeitsprogramm steht allen touristischen Betrieben und Organisationen in der Schweiz offen.<\/p><p>Pr\u00e4ambel<br \/>\u25a0 Wir sind uns der Verantwortung f\u00fcr eine nachhaltige Entwicklung unseres Betriebs\/unserer Organisation bewusst und setzen alles daran, dass unsere Enkelkinder unsere Destination in ihrer faszinierenden Sch\u00f6nheit und Vielfalt noch bereisen und erleben k\u00f6nnen \u2013 Nachhaltigkeit verstanden als \u00abEnkelvertr\u00e4glichkeit\u00bb.<\/p><p>\u25a0 Wir leisten damit einen Beitrag zur Umsetzung der 17 von der UN verabschiedeten Sustainable Development Goals (SDGs) und zur Strategie Nachhaltige Entwicklung 2030 des Bundesrats sowie zur Positionierung der Schweiz als nachhaltiges Reiseland.<\/p><p>\u25a0 Wir ber\u00fccksichtigen bei allen unseren Entscheidungen stets \u00f6kologische, soziale und \u00f6konomische Aspekte und steuern diese mit einem umsichtigen Management.<\/p><\/div>\n<\/div>\t\t\t\t<\/div>\n\t\t\t\t<\/div>\n\t\t\t\t\t<\/div>\n\t\t<\/div>\n\t\t\t\t\t<\/div>\n\t\t<\/section>\n\t\t\t\t<\/div>\n\t\t","protected":false},"excerpt":{"rendered":"<p>Nachhaltigkeit &#8211; autobau erlebniswelt Swisstainable &#8211; committed F\u00fcr die autobau erlebniswelt hat die Nachhaltigkeit einen hohen Stellenwert. Wir verstehen Nachhaltigkeit umfassend und arbeiten an verschiedenen Projekten in den Bereichen Klima- und Umweltschutz, Gesellschaft und Wirtschaft. Der Erhalt des Nachhaltigkeitslabels Swisstainable (committet) im Januar 2023 bezeugt das Bestreben der autobau erlebniswelt sich f\u00fcr die Nachhaltigkeit zu engagieren. Unsere Projekte Geb\u00e4ude und Fahrzeuge Hohe Strom-Eigenproduktion durch Photovoltaik-Anlagen Neubau mit Minergie Standard Engagements in nicht-fossilen Treibstoffen Aktive Aufkl\u00e4rung im Bereich Mobilit\u00e4t\/Energie am Beispiel von Fahrzeugen in der Sammlung Minimale Fahrten mit unseren Oldtimern Reinigung der Fahrzeuge mit Wasserdampf 3 D Rundgang durch Fahrzeugsammlung Mehrheitlich barrierefreies Begehen der Fahrzeugsammlung Beleuchtung der Sammlung mit LED-Lampen Gastronomie \/Gesellschaft Zusammenarbeit mit Partnern aus dem Kanton Thurgau\/St. Gallen Cateringpartner aus Romanshorn 3-D Rundgang durch die Eventlocation Kompostierbare Servietten im Bistro-Alltag Mehrweg Set im Bistro-Alltag Gleichstellungsmassnahmen bei Mitarbeitenden Partizipation der Mitarbeitenden Swisstainable Swisstainable ist ein Schweizer Nachhaltigkeitsprogramm aus dem Tourismus f\u00fcr den Tourismus. Im Fokus steht die nachhaltige Entwicklung des Tourismuslands Schweiz. Eine Teilnahme am Nachhaltigkeitsprogramm steht allen touristischen Betrieben und Organisationen in der Schweiz offen. Pr\u00e4ambel\u25a0 Wir sind uns der Verantwortung f\u00fcr eine nachhaltige Entwicklung unseres Betriebs\/unserer Organisation bewusst und setzen alles daran, dass unsere Enkelkinder unsere Destination in ihrer faszinierenden Sch\u00f6nheit und Vielfalt noch bereisen und erleben k\u00f6nnen \u2013 Nachhaltigkeit verstanden als \u00abEnkelvertr\u00e4glichkeit\u00bb. \u25a0 Wir leisten damit einen Beitrag zur Umsetzung der 17 von der UN verabschiedeten Sustainable Development Goals (SDGs) und zur Strategie Nachhaltige Entwicklung 2030 des Bundesrats sowie zur Positionierung der Schweiz als nachhaltiges Reiseland. \u25a0 Wir ber\u00fccksichtigen bei allen unseren Entscheidungen stets \u00f6kologische, soziale und \u00f6konomische Aspekte und steuern diese mit einem umsichtigen Management.<\/p>\n","protected":false},"author":9,"featured_media":0,"parent":0,"menu_order":0,"comment_status":"closed","ping_status":"closed","template":"","meta":{"_acf_changed":false,"footnotes":""},"class_list":["post-22685","page","type-page","status-publish","hentry"],"acf":[],"yoast_head":"<!-- This site is optimized with the Yoast SEO plugin v27.3 - https:\/\/yoast.com\/product\/yoast-seo-wordpress\/ -->\n<title>Nachhaltigkeit - autobau erlebniswelt<\/title>\n<meta name=\"description\" content=\"Photovoltaikanlage, Energiemanagement, -Neubau mit Minergie Standard, Engagement in nicht-fossilen Treibstoffen, Aktive Aufkl\u00e4rung im Bereich Mobilit\u00e4t\/Energie, minimale Fahrten mit Oldtimern, negative CO2 Bilanz\" \/>\n<meta name=\"robots\" content=\"index, follow, max-snippet:-1, max-image-preview:large, max-video-preview:-1\" \/>\n<link rel=\"canonical\" href=\"https:\/\/www.autobau.ch\/de\/nachhaltigkeit\/\" \/>\n<meta property=\"og:locale\" content=\"de_DE\" \/>\n<meta property=\"og:type\" content=\"article\" \/>\n<meta property=\"og:title\" content=\"Nachhaltigkeit - autobau erlebniswelt\" \/>\n<meta property=\"og:description\" content=\"Photovoltaikanlage, Energiemanagement, -Neubau mit Minergie Standard, Engagement in nicht-fossilen Treibstoffen, Aktive Aufkl\u00e4rung im Bereich Mobilit\u00e4t\/Energie, minimale Fahrten mit Oldtimern, negative CO2 Bilanz\" \/>\n<meta property=\"og:url\" content=\"https:\/\/www.autobau.ch\/de\/nachhaltigkeit\/\" \/>\n<meta property=\"og:site_name\" content=\"autobau erlebniswelt\" \/>\n<meta property=\"article:publisher\" content=\"https:\/\/www.facebook.com\/autobau.ch\/\" \/>\n<meta property=\"article:modified_time\" content=\"2025-05-12T12:10:15+00:00\" \/>\n<meta property=\"og:image\" content=\"https:\/\/www.autobau.ch\/wp-content\/uploads\/2024\/03\/Mercedes_Benz_190_SL.jpg\" \/>\n\t<meta property=\"og:image:width\" content=\"1500\" \/>\n\t<meta property=\"og:image:height\" content=\"1000\" \/>\n\t<meta property=\"og:image:type\" content=\"image\/jpeg\" \/>\n<meta name=\"twitter:card\" content=\"summary_large_image\" \/>\n<meta name=\"twitter:label1\" content=\"Gesch\u00e4tzte Lesezeit\" \/>\n\t<meta name=\"twitter:data1\" content=\"3\u00a0Minuten\" \/>\n<script type=\"application\/ld+json\" class=\"yoast-schema-graph\">{\"@context\":\"https:\\\/\\\/schema.org\",\"@graph\":[{\"@type\":\"WebPage\",\"@id\":\"https:\\\/\\\/www.autobau.ch\\\/de\\\/nachhaltigkeit\\\/\",\"url\":\"https:\\\/\\\/www.autobau.ch\\\/de\\\/nachhaltigkeit\\\/\",\"name\":\"Nachhaltigkeit - autobau erlebniswelt\",\"isPartOf\":{\"@id\":\"https:\\\/\\\/www.autobau.ch\\\/de\\\/#website\"},\"primaryImageOfPage\":{\"@id\":\"https:\\\/\\\/www.autobau.ch\\\/de\\\/nachhaltigkeit\\\/#primaryimage\"},\"image\":{\"@id\":\"https:\\\/\\\/www.autobau.ch\\\/de\\\/nachhaltigkeit\\\/#primaryimage\"},\"thumbnailUrl\":\"https:\\\/\\\/www.autobau.ch\\\/wp-content\\\/uploads\\\/2024\\\/07\\\/Drohnenaufnahme_Lienhard_Juerg-1190x670.jpg\",\"datePublished\":\"2024-07-22T09:38:12+00:00\",\"dateModified\":\"2025-05-12T12:10:15+00:00\",\"description\":\"Photovoltaikanlage, Energiemanagement, -Neubau mit Minergie Standard, Engagement in nicht-fossilen Treibstoffen, Aktive Aufkl\u00e4rung im Bereich Mobilit\u00e4t\\\/Energie, minimale Fahrten mit Oldtimern, negative CO2 Bilanz\",\"breadcrumb\":{\"@id\":\"https:\\\/\\\/www.autobau.ch\\\/de\\\/nachhaltigkeit\\\/#breadcrumb\"},\"inLanguage\":\"de\",\"potentialAction\":[{\"@type\":\"ReadAction\",\"target\":[\"https:\\\/\\\/www.autobau.ch\\\/de\\\/nachhaltigkeit\\\/\"]}]},{\"@type\":\"ImageObject\",\"inLanguage\":\"de\",\"@id\":\"https:\\\/\\\/www.autobau.ch\\\/de\\\/nachhaltigkeit\\\/#primaryimage\",\"url\":\"https:\\\/\\\/www.autobau.ch\\\/wp-content\\\/uploads\\\/2024\\\/07\\\/Drohnenaufnahme_Lienhard_Juerg-1190x670.jpg\",\"contentUrl\":\"https:\\\/\\\/www.autobau.ch\\\/wp-content\\\/uploads\\\/2024\\\/07\\\/Drohnenaufnahme_Lienhard_Juerg-1190x670.jpg\"},{\"@type\":\"BreadcrumbList\",\"@id\":\"https:\\\/\\\/www.autobau.ch\\\/de\\\/nachhaltigkeit\\\/#breadcrumb\",\"itemListElement\":[{\"@type\":\"ListItem\",\"position\":1,\"name\":\"Home\",\"item\":\"https:\\\/\\\/www.autobau.ch\\\/de\\\/\"},{\"@type\":\"ListItem\",\"position\":2,\"name\":\"Nachhaltigkeit\"}]},{\"@type\":\"WebSite\",\"@id\":\"https:\\\/\\\/www.autobau.ch\\\/de\\\/#website\",\"url\":\"https:\\\/\\\/www.autobau.ch\\\/de\\\/\",\"name\":\"autobau erlebniswelt\",\"description\":\"EVENTS. MUSEUM. EMOTIONEN.\",\"publisher\":{\"@id\":\"https:\\\/\\\/www.autobau.ch\\\/de\\\/#organization\"},\"potentialAction\":[{\"@type\":\"SearchAction\",\"target\":{\"@type\":\"EntryPoint\",\"urlTemplate\":\"https:\\\/\\\/www.autobau.ch\\\/de\\\/?s={search_term_string}\"},\"query-input\":{\"@type\":\"PropertyValueSpecification\",\"valueRequired\":true,\"valueName\":\"search_term_string\"}}],\"inLanguage\":\"de\"},{\"@type\":\"Organization\",\"@id\":\"https:\\\/\\\/www.autobau.ch\\\/de\\\/#organization\",\"name\":\"autobau erlebniswelt\",\"url\":\"https:\\\/\\\/www.autobau.ch\\\/de\\\/\",\"logo\":{\"@type\":\"ImageObject\",\"inLanguage\":\"de\",\"@id\":\"https:\\\/\\\/www.autobau.ch\\\/de\\\/#\\\/schema\\\/logo\\\/image\\\/\",\"url\":\"https:\\\/\\\/www.autobau.ch\\\/wp-content\\\/uploads\\\/2018\\\/02\\\/Logo_ab_254x95.png\",\"contentUrl\":\"https:\\\/\\\/www.autobau.ch\\\/wp-content\\\/uploads\\\/2018\\\/02\\\/Logo_ab_254x95.png\",\"width\":254,\"height\":95,\"caption\":\"autobau erlebniswelt\"},\"image\":{\"@id\":\"https:\\\/\\\/www.autobau.ch\\\/de\\\/#\\\/schema\\\/logo\\\/image\\\/\"},\"sameAs\":[\"https:\\\/\\\/www.facebook.com\\\/autobau.ch\\\/\"]}]}<\/script>\n<!-- \/ Yoast SEO plugin. -->","yoast_head_json":{"title":"Nachhaltigkeit - autobau erlebniswelt","description":"Photovoltaikanlage, Energiemanagement, -Neubau mit Minergie Standard, Engagement in nicht-fossilen Treibstoffen, Aktive Aufkl\u00e4rung im Bereich Mobilit\u00e4t\/Energie, minimale Fahrten mit Oldtimern, negative CO2 Bilanz","robots":{"index":"index","follow":"follow","max-snippet":"max-snippet:-1","max-image-preview":"max-image-preview:large","max-video-preview":"max-video-preview:-1"},"canonical":"https:\/\/www.autobau.ch\/de\/nachhaltigkeit\/","og_locale":"de_DE","og_type":"article","og_title":"Nachhaltigkeit - autobau erlebniswelt","og_description":"Photovoltaikanlage, Energiemanagement, -Neubau mit Minergie Standard, Engagement in nicht-fossilen Treibstoffen, Aktive Aufkl\u00e4rung im Bereich Mobilit\u00e4t\/Energie, minimale Fahrten mit Oldtimern, negative CO2 Bilanz","og_url":"https:\/\/www.autobau.ch\/de\/nachhaltigkeit\/","og_site_name":"autobau erlebniswelt","article_publisher":"https:\/\/www.facebook.com\/autobau.ch\/","article_modified_time":"2025-05-12T12:10:15+00:00","og_image":[{"width":1500,"height":1000,"url":"https:\/\/www.autobau.ch\/wp-content\/uploads\/2024\/03\/Mercedes_Benz_190_SL.jpg","type":"image\/jpeg"}],"twitter_card":"summary_large_image","twitter_misc":{"Gesch\u00e4tzte Lesezeit":"3\u00a0Minuten"},"schema":{"@context":"https:\/\/schema.org","@graph":[{"@type":"WebPage","@id":"https:\/\/www.autobau.ch\/de\/nachhaltigkeit\/","url":"https:\/\/www.autobau.ch\/de\/nachhaltigkeit\/","name":"Nachhaltigkeit - autobau erlebniswelt","isPartOf":{"@id":"https:\/\/www.autobau.ch\/de\/#website"},"primaryImageOfPage":{"@id":"https:\/\/www.autobau.ch\/de\/nachhaltigkeit\/#primaryimage"},"image":{"@id":"https:\/\/www.autobau.ch\/de\/nachhaltigkeit\/#primaryimage"},"thumbnailUrl":"https:\/\/www.autobau.ch\/wp-content\/uploads\/2024\/07\/Drohnenaufnahme_Lienhard_Juerg-1190x670.jpg","datePublished":"2024-07-22T09:38:12+00:00","dateModified":"2025-05-12T12:10:15+00:00","description":"Photovoltaikanlage, Energiemanagement, -Neubau mit Minergie Standard, Engagement in nicht-fossilen Treibstoffen, Aktive Aufkl\u00e4rung im Bereich Mobilit\u00e4t\/Energie, minimale Fahrten mit Oldtimern, negative CO2 Bilanz","breadcrumb":{"@id":"https:\/\/www.autobau.ch\/de\/nachhaltigkeit\/#breadcrumb"},"inLanguage":"de","potentialAction":[{"@type":"ReadAction","target":["https:\/\/www.autobau.ch\/de\/nachhaltigkeit\/"]}]},{"@type":"ImageObject","inLanguage":"de","@id":"https:\/\/www.autobau.ch\/de\/nachhaltigkeit\/#primaryimage","url":"https:\/\/www.autobau.ch\/wp-content\/uploads\/2024\/07\/Drohnenaufnahme_Lienhard_Juerg-1190x670.jpg","contentUrl":"https:\/\/www.autobau.ch\/wp-content\/uploads\/2024\/07\/Drohnenaufnahme_Lienhard_Juerg-1190x670.jpg"},{"@type":"BreadcrumbList","@id":"https:\/\/www.autobau.ch\/de\/nachhaltigkeit\/#breadcrumb","itemListElement":[{"@type":"ListItem","position":1,"name":"Home","item":"https:\/\/www.autobau.ch\/de\/"},{"@type":"ListItem","position":2,"name":"Nachhaltigkeit"}]},{"@type":"WebSite","@id":"https:\/\/www.autobau.ch\/de\/#website","url":"https:\/\/www.autobau.ch\/de\/","name":"autobau erlebniswelt","description":"EVENTS. MUSEUM. EMOTIONEN.","publisher":{"@id":"https:\/\/www.autobau.ch\/de\/#organization"},"potentialAction":[{"@type":"SearchAction","target":{"@type":"EntryPoint","urlTemplate":"https:\/\/www.autobau.ch\/de\/?s={search_term_string}"},"query-input":{"@type":"PropertyValueSpecification","valueRequired":true,"valueName":"search_term_string"}}],"inLanguage":"de"},{"@type":"Organization","@id":"https:\/\/www.autobau.ch\/de\/#organization","name":"autobau erlebniswelt","url":"https:\/\/www.autobau.ch\/de\/","logo":{"@type":"ImageObject","inLanguage":"de","@id":"https:\/\/www.autobau.ch\/de\/#\/schema\/logo\/image\/","url":"https:\/\/www.autobau.ch\/wp-content\/uploads\/2018\/02\/Logo_ab_254x95.png","contentUrl":"https:\/\/www.autobau.ch\/wp-content\/uploads\/2018\/02\/Logo_ab_254x95.png","width":254,"height":95,"caption":"autobau erlebniswelt"},"image":{"@id":"https:\/\/www.autobau.ch\/de\/#\/schema\/logo\/image\/"},"sameAs":["https:\/\/www.facebook.com\/autobau.ch\/"]}]}},"_links":{"self":[{"href":"https:\/\/www.autobau.ch\/de\/wp-json\/wp\/v2\/pages\/22685","targetHints":{"allow":["GET"]}}],"collection":[{"href":"https:\/\/www.autobau.ch\/de\/wp-json\/wp\/v2\/pages"}],"about":[{"href":"https:\/\/www.autobau.ch\/de\/wp-json\/wp\/v2\/types\/page"}],"author":[{"embeddable":true,"href":"https:\/\/www.autobau.ch\/de\/wp-json\/wp\/v2\/users\/9"}],"replies":[{"embeddable":true,"href":"https:\/\/www.autobau.ch\/de\/wp-json\/wp\/v2\/comments?post=22685"}],"version-history":[{"count":88,"href":"https:\/\/www.autobau.ch\/de\/wp-json\/wp\/v2\/pages\/22685\/revisions"}],"predecessor-version":[{"id":25936,"href":"https:\/\/www.autobau.ch\/de\/wp-json\/wp\/v2\/pages\/22685\/revisions\/25936"}],"wp:attachment":[{"href":"https:\/\/www.autobau.ch\/de\/wp-json\/wp\/v2\/media?parent=22685"}],"curies":[{"name":"wp","href":"https:\/\/api.w.org\/{rel}","templated":true}]}}