{"id":22919,"date":"2024-08-13T11:08:56","date_gmt":"2024-08-13T09:08:56","guid":{"rendered":"https:\/\/www.autobau.ch\/?page_id=22919"},"modified":"2025-05-14T15:14:58","modified_gmt":"2025-05-14T13:14:58","slug":"faq","status":"publish","type":"page","link":"https:\/\/www.autobau.ch\/de\/faq\/","title":{"rendered":"FAQ"},"content":{"rendered":"\t\t<div data-elementor-type=\"wp-page\" data-elementor-id=\"22919\" class=\"elementor elementor-22919\" data-elementor-post-type=\"page\">\n\t\t\t\t\t\t<section class=\"elementor-section elementor-top-section elementor-element elementor-element-4f38cae elementor-section-full_width elementor-section-height-default elementor-section-height-default\" data-id=\"4f38cae\" data-element_type=\"section\" data-e-type=\"section\">\n\t\t\t\t\t\t<div class=\"elementor-container elementor-column-gap-default\">\n\t\t\t\t\t<div class=\"elementor-column elementor-col-100 elementor-top-column elementor-element elementor-element-d9b59ec\" data-id=\"d9b59ec\" data-element_type=\"column\" data-e-type=\"column\">\n\t\t\t<div class=\"elementor-widget-wrap elementor-element-populated\">\n\t\t\t\t\t\t<div class=\"elementor-element elementor-element-fb0f375 elementor-widget elementor-widget-main-title\" data-id=\"fb0f375\" data-element_type=\"widget\" data-e-type=\"widget\" data-widget_type=\"main-title.default\">\n\t\t\t\t<div class=\"elementor-widget-container\">\n\t\t\t\t\t\n<div class=\"flex justify-center\">\n    <div class=\"max-w-[1190px] header-text text-center\">\n        <h1 class=\"fsize-48 relative !font-light pb-[25px] text-textcolor\">H\u00e4ufig gestellte Fragen und die Antworten dazu<\/h1>\n    <\/div>\n<\/div>\t\t\t\t<\/div>\n\t\t\t\t<\/div>\n\t\t\t\t\t<\/div>\n\t\t<\/div>\n\t\t\t\t\t<\/div>\n\t\t<\/section>\n\t\t\t\t<section class=\"elementor-section elementor-top-section elementor-element elementor-element-1b8d370 elementor-section-full_width elementor-section-height-default elementor-section-height-default\" data-id=\"1b8d370\" data-element_type=\"section\" data-e-type=\"section\">\n\t\t\t\t\t\t<div class=\"elementor-container elementor-column-gap-default\">\n\t\t\t\t\t<div class=\"elementor-column elementor-col-100 elementor-top-column elementor-element elementor-element-dbfed34\" data-id=\"dbfed34\" data-element_type=\"column\" data-e-type=\"column\">\n\t\t\t<div class=\"elementor-widget-wrap elementor-element-populated\">\n\t\t\t\t\t\t<div class=\"elementor-element elementor-element-3fbadc5 elementor-widget__width-initial elementor-widget elementor-widget-image-text\" data-id=\"3fbadc5\" data-element_type=\"widget\" data-e-type=\"widget\" data-widget_type=\"image-text.default\">\n\t\t\t\t<div class=\"elementor-widget-container\">\n\t\t\t\t\t\n<div class=\"image-text flex lg:flex-wrap font-light mob-change:flex-col  \">\n    <div class=\"basis-1\/3 below-large-laptop:basis-2\/5 lg-flex-basis-1 lg:!flex-[0_0_100%] below-laptop:mb-40 below-laptop: min-above-lg:mr-25 text-col\" >\n        <h3  ><span class=\"text-brand text-[30px] leading-[30px] block mb-[20px] font-klavika font-light\">Wann haben wir ge\u00f6ffnet?<\/span><\/h3>\n        <div  ><p>Die autobau erlebniswelt hat jeden Sonntag von 10-17 Uhr ge\u00f6ffnet. Ausnahme: Slow up Sonntag immer an letzten Sonntag im August.\u00a0<\/p><h3 class=\"text-[30px] text-brand font-light newspaper-inline-title\">Haben Sie an Feiertagen ge\u00f6ffnet?<\/h3><p>An allen Feiertagen des Kantons Thurgau \u00f6ffnen wir jeweils von 10-17 Uhr. Siehe <a href=\"https:\/\/www.autobau.ch\/de\/oeffnungszeiten-und-tickets-buchen\/\">\u00d6ffnungszeiten<\/a>.<\/p><h3 class=\"text-[30px] text-brand font-light newspaper-inline-title\">\u00d6ffnen Sie in den Ferien?<\/h3><p>In den Sommerferien ist die autobau erlebniswelt jeweils an 6 Tagen f\u00fcr alle Touristen ge\u00f6ffnet. Hier finden Sie die Details zu den Terminen. <a href=\"https:\/\/shop.e-guma.ch\/autobau-erlebniswelt\/de\/tickets\/eintritt-in-die-autobau-erlebniswelt-2067992\">Ticket buchen<\/a>.<\/p><h3 class=\"text-[30px] text-brand font-light newspaper-inline-title\">Muss ich im Voraus ein Online-Ticket buchen?<\/h3><p>Sie k\u00f6nnen,\u00a0 m\u00fcssen aber nicht.\u00a0<\/p><h3 class=\"text-[30px] text-brand font-light newspaper-inline-title\">Sind Hunde erlaubt?<\/h3><p>Die Familie Lienhard liebt Hunde. Hunde sind bei uns immer herzlich willkommen. Die Ausstellungshallen sind sind leider nicht ganz hundetauglich und die ausgestellten Fahrzeuge sehr wertvoll. Aus diesem Grund bieten wir f\u00fcr die vierbeinigen Lieblinge folgende M\u00f6glichkeiten an: Es ist auf dem Areal eine grosse Spielwiese inklusive Hundeh\u00fctte vorhanden. Auch d\u00fcrfen die Hunde auf dem Hundebettchen im Eingangsbereich warten, sie m\u00fcssen aber bitte festgemacht werden. Kleine Hunde d\u00fcrfen in der Tasche mit in die Ausstellung.\u00a0<\/p><\/div>\n        \n        \n            <\/div>        \n    \n    <div class=\"basis-2\/3 below-large-laptop:basis-3\/5 lg-flex-basis-1 lg:!flex-[0_0_100%] below-laptop:mb-30 mob-change:ml-[calc(50%-50vw)] mob-change:mr-[calc(50%-50vw)] relative \" >\n        <img decoding=\"async\" class=\"w-full max-w-[1190px] hp:hidden autobau-lazy-load relative\" \n        src=\"https:\/\/www.autobau.ch\/wp-content\/uploads\/2024\/04\/Autobau-Eventposten-RPMCH-Robin-Moehl-komprimiert-22-1190x670.jpg\" alt=\"\" title=\"\" \/>\n        <img decoding=\"async\" src=\"https:\/\/www.autobau.ch\/wp-content\/uploads\/2024\/04\/Autobau-Eventposten-RPMCH-Robin-Moehl-komprimiert-22-640x640.jpg\" class=\"w-full relative h-auto min-hp:hidden\" alt=\"\" title=\"\" \/>\n    <\/div>\n<\/div>\t\t\t\t<\/div>\n\t\t\t\t<\/div>\n\t\t\t\t\t<\/div>\n\t\t<\/div>\n\t\t\t\t\t<\/div>\n\t\t<\/section>\n\t\t\t\t<\/div>\n\t\t","protected":false},"excerpt":{"rendered":"<p>H\u00e4ufig gestellte Fragen und die Antworten dazu Wann haben wir ge\u00f6ffnet? Die autobau erlebniswelt hat jeden Sonntag von 10-17 Uhr ge\u00f6ffnet. Ausnahme: Slow up Sonntag immer an letzten Sonntag im August.\u00a0 Haben Sie an Feiertagen ge\u00f6ffnet? An allen Feiertagen des Kantons Thurgau \u00f6ffnen wir jeweils von 10-17 Uhr. Siehe \u00d6ffnungszeiten. \u00d6ffnen Sie in den Ferien? In den Sommerferien ist die autobau erlebniswelt jeweils an 6 Tagen f\u00fcr alle Touristen ge\u00f6ffnet. Hier finden Sie die Details zu den Terminen. Ticket buchen. Muss ich im Voraus ein Online-Ticket buchen? Sie k\u00f6nnen,\u00a0 m\u00fcssen aber nicht.\u00a0 Sind Hunde erlaubt? Die Familie Lienhard liebt Hunde. Hunde sind bei uns immer herzlich willkommen. Die Ausstellungshallen sind sind leider nicht ganz hundetauglich und die ausgestellten Fahrzeuge sehr wertvoll. Aus diesem Grund bieten wir f\u00fcr die vierbeinigen Lieblinge folgende M\u00f6glichkeiten an: Es ist auf dem Areal eine grosse Spielwiese inklusive Hundeh\u00fctte vorhanden. Auch d\u00fcrfen die Hunde auf dem Hundebettchen im Eingangsbereich warten, sie m\u00fcssen aber bitte festgemacht werden. Kleine Hunde d\u00fcrfen in der Tasche mit in die Ausstellung.\u00a0<\/p>\n","protected":false},"author":9,"featured_media":21997,"parent":0,"menu_order":0,"comment_status":"closed","ping_status":"closed","template":"","meta":{"_acf_changed":false,"footnotes":""},"class_list":["post-22919","page","type-page","status-publish","has-post-thumbnail","hentry"],"acf":[],"yoast_head":"<!-- This site is optimized with the Yoast SEO plugin v27.3 - https:\/\/yoast.com\/product\/yoast-seo-wordpress\/ -->\n<title>FAQ - autobau erlebniswelt<\/title>\n<meta name=\"description\" content=\"H\u00e4ufig gestellte Fragen: Ja wir haben jeden Sonntag (Ausnahme: letzter Sonntag im August) von 10-17 Uhr ge\u00f6ffnet. Hunde sind willkommen, wir haben f\u00fcr sie eine Spielwiese eingerichtet.\" \/>\n<meta name=\"robots\" content=\"index, follow, max-snippet:-1, max-image-preview:large, max-video-preview:-1\" \/>\n<link rel=\"canonical\" href=\"https:\/\/www.autobau.ch\/de\/faq\/\" \/>\n<meta property=\"og:locale\" content=\"de_DE\" \/>\n<meta property=\"og:type\" content=\"article\" \/>\n<meta property=\"og:title\" content=\"FAQ - autobau erlebniswelt\" \/>\n<meta property=\"og:description\" content=\"H\u00e4ufig gestellte Fragen: Ja wir haben jeden Sonntag (Ausnahme: letzter Sonntag im August) von 10-17 Uhr ge\u00f6ffnet. Hunde sind willkommen, wir haben f\u00fcr sie eine Spielwiese eingerichtet.\" \/>\n<meta property=\"og:url\" content=\"https:\/\/www.autobau.ch\/de\/faq\/\" \/>\n<meta property=\"og:site_name\" content=\"autobau erlebniswelt\" \/>\n<meta property=\"article:publisher\" content=\"https:\/\/www.facebook.com\/autobau.ch\/\" \/>\n<meta property=\"article:modified_time\" content=\"2025-05-14T13:14:58+00:00\" \/>\n<meta property=\"og:image\" content=\"https:\/\/www.autobau.ch\/wp-content\/uploads\/2024\/04\/Autobau-Ausstellhallen-Originalqualitaet-Robin-Moehl-15-scaled.jpg\" \/>\n\t<meta property=\"og:image:width\" content=\"2560\" \/>\n\t<meta property=\"og:image:height\" content=\"1709\" \/>\n\t<meta property=\"og:image:type\" content=\"image\/jpeg\" \/>\n<meta name=\"twitter:card\" content=\"summary_large_image\" \/>\n<meta name=\"twitter:label1\" content=\"Gesch\u00e4tzte Lesezeit\" \/>\n\t<meta name=\"twitter:data1\" content=\"2\u00a0Minuten\" \/>\n<script type=\"application\/ld+json\" class=\"yoast-schema-graph\">{\"@context\":\"https:\\\/\\\/schema.org\",\"@graph\":[{\"@type\":\"WebPage\",\"@id\":\"https:\\\/\\\/www.autobau.ch\\\/de\\\/faq\\\/\",\"url\":\"https:\\\/\\\/www.autobau.ch\\\/de\\\/faq\\\/\",\"name\":\"FAQ - autobau erlebniswelt\",\"isPartOf\":{\"@id\":\"https:\\\/\\\/www.autobau.ch\\\/de\\\/#website\"},\"primaryImageOfPage\":{\"@id\":\"https:\\\/\\\/www.autobau.ch\\\/de\\\/faq\\\/#primaryimage\"},\"image\":{\"@id\":\"https:\\\/\\\/www.autobau.ch\\\/de\\\/faq\\\/#primaryimage\"},\"thumbnailUrl\":\"https:\\\/\\\/www.autobau.ch\\\/wp-content\\\/uploads\\\/2024\\\/04\\\/Autobau-Ausstellhallen-Originalqualitaet-Robin-Moehl-15-scaled.jpg\",\"datePublished\":\"2024-08-13T09:08:56+00:00\",\"dateModified\":\"2025-05-14T13:14:58+00:00\",\"description\":\"H\u00e4ufig gestellte Fragen: Ja wir haben jeden Sonntag (Ausnahme: letzter Sonntag im August) von 10-17 Uhr ge\u00f6ffnet. Hunde sind willkommen, wir haben f\u00fcr sie eine Spielwiese eingerichtet.\",\"breadcrumb\":{\"@id\":\"https:\\\/\\\/www.autobau.ch\\\/de\\\/faq\\\/#breadcrumb\"},\"inLanguage\":\"de\",\"potentialAction\":[{\"@type\":\"ReadAction\",\"target\":[\"https:\\\/\\\/www.autobau.ch\\\/de\\\/faq\\\/\"]}]},{\"@type\":\"ImageObject\",\"inLanguage\":\"de\",\"@id\":\"https:\\\/\\\/www.autobau.ch\\\/de\\\/faq\\\/#primaryimage\",\"url\":\"https:\\\/\\\/www.autobau.ch\\\/wp-content\\\/uploads\\\/2024\\\/04\\\/Autobau-Ausstellhallen-Originalqualitaet-Robin-Moehl-15-scaled.jpg\",\"contentUrl\":\"https:\\\/\\\/www.autobau.ch\\\/wp-content\\\/uploads\\\/2024\\\/04\\\/Autobau-Ausstellhallen-Originalqualitaet-Robin-Moehl-15-scaled.jpg\",\"width\":2560,\"height\":1709,\"caption\":\"Lista Racing Corner\"},{\"@type\":\"BreadcrumbList\",\"@id\":\"https:\\\/\\\/www.autobau.ch\\\/de\\\/faq\\\/#breadcrumb\",\"itemListElement\":[{\"@type\":\"ListItem\",\"position\":1,\"name\":\"Home\",\"item\":\"https:\\\/\\\/www.autobau.ch\\\/de\\\/\"},{\"@type\":\"ListItem\",\"position\":2,\"name\":\"FAQ\"}]},{\"@type\":\"WebSite\",\"@id\":\"https:\\\/\\\/www.autobau.ch\\\/de\\\/#website\",\"url\":\"https:\\\/\\\/www.autobau.ch\\\/de\\\/\",\"name\":\"autobau erlebniswelt\",\"description\":\"EVENTS. MUSEUM. EMOTIONEN.\",\"publisher\":{\"@id\":\"https:\\\/\\\/www.autobau.ch\\\/de\\\/#organization\"},\"potentialAction\":[{\"@type\":\"SearchAction\",\"target\":{\"@type\":\"EntryPoint\",\"urlTemplate\":\"https:\\\/\\\/www.autobau.ch\\\/de\\\/?s={search_term_string}\"},\"query-input\":{\"@type\":\"PropertyValueSpecification\",\"valueRequired\":true,\"valueName\":\"search_term_string\"}}],\"inLanguage\":\"de\"},{\"@type\":\"Organization\",\"@id\":\"https:\\\/\\\/www.autobau.ch\\\/de\\\/#organization\",\"name\":\"autobau erlebniswelt\",\"url\":\"https:\\\/\\\/www.autobau.ch\\\/de\\\/\",\"logo\":{\"@type\":\"ImageObject\",\"inLanguage\":\"de\",\"@id\":\"https:\\\/\\\/www.autobau.ch\\\/de\\\/#\\\/schema\\\/logo\\\/image\\\/\",\"url\":\"https:\\\/\\\/www.autobau.ch\\\/wp-content\\\/uploads\\\/2018\\\/02\\\/Logo_ab_254x95.png\",\"contentUrl\":\"https:\\\/\\\/www.autobau.ch\\\/wp-content\\\/uploads\\\/2018\\\/02\\\/Logo_ab_254x95.png\",\"width\":254,\"height\":95,\"caption\":\"autobau erlebniswelt\"},\"image\":{\"@id\":\"https:\\\/\\\/www.autobau.ch\\\/de\\\/#\\\/schema\\\/logo\\\/image\\\/\"},\"sameAs\":[\"https:\\\/\\\/www.facebook.com\\\/autobau.ch\\\/\"]}]}<\/script>\n<!-- \/ Yoast SEO plugin. -->","yoast_head_json":{"title":"FAQ - autobau erlebniswelt","description":"H\u00e4ufig gestellte Fragen: Ja wir haben jeden Sonntag (Ausnahme: letzter Sonntag im August) von 10-17 Uhr ge\u00f6ffnet. Hunde sind willkommen, wir haben f\u00fcr sie eine Spielwiese eingerichtet.","robots":{"index":"index","follow":"follow","max-snippet":"max-snippet:-1","max-image-preview":"max-image-preview:large","max-video-preview":"max-video-preview:-1"},"canonical":"https:\/\/www.autobau.ch\/de\/faq\/","og_locale":"de_DE","og_type":"article","og_title":"FAQ - autobau erlebniswelt","og_description":"H\u00e4ufig gestellte Fragen: Ja wir haben jeden Sonntag (Ausnahme: letzter Sonntag im August) von 10-17 Uhr ge\u00f6ffnet. Hunde sind willkommen, wir haben f\u00fcr sie eine Spielwiese eingerichtet.","og_url":"https:\/\/www.autobau.ch\/de\/faq\/","og_site_name":"autobau erlebniswelt","article_publisher":"https:\/\/www.facebook.com\/autobau.ch\/","article_modified_time":"2025-05-14T13:14:58+00:00","og_image":[{"width":2560,"height":1709,"url":"https:\/\/www.autobau.ch\/wp-content\/uploads\/2024\/04\/Autobau-Ausstellhallen-Originalqualitaet-Robin-Moehl-15-scaled.jpg","type":"image\/jpeg"}],"twitter_card":"summary_large_image","twitter_misc":{"Gesch\u00e4tzte Lesezeit":"2\u00a0Minuten"},"schema":{"@context":"https:\/\/schema.org","@graph":[{"@type":"WebPage","@id":"https:\/\/www.autobau.ch\/de\/faq\/","url":"https:\/\/www.autobau.ch\/de\/faq\/","name":"FAQ - autobau erlebniswelt","isPartOf":{"@id":"https:\/\/www.autobau.ch\/de\/#website"},"primaryImageOfPage":{"@id":"https:\/\/www.autobau.ch\/de\/faq\/#primaryimage"},"image":{"@id":"https:\/\/www.autobau.ch\/de\/faq\/#primaryimage"},"thumbnailUrl":"https:\/\/www.autobau.ch\/wp-content\/uploads\/2024\/04\/Autobau-Ausstellhallen-Originalqualitaet-Robin-Moehl-15-scaled.jpg","datePublished":"2024-08-13T09:08:56+00:00","dateModified":"2025-05-14T13:14:58+00:00","description":"H\u00e4ufig gestellte Fragen: Ja wir haben jeden Sonntag (Ausnahme: letzter Sonntag im August) von 10-17 Uhr ge\u00f6ffnet. Hunde sind willkommen, wir haben f\u00fcr sie eine Spielwiese eingerichtet.","breadcrumb":{"@id":"https:\/\/www.autobau.ch\/de\/faq\/#breadcrumb"},"inLanguage":"de","potentialAction":[{"@type":"ReadAction","target":["https:\/\/www.autobau.ch\/de\/faq\/"]}]},{"@type":"ImageObject","inLanguage":"de","@id":"https:\/\/www.autobau.ch\/de\/faq\/#primaryimage","url":"https:\/\/www.autobau.ch\/wp-content\/uploads\/2024\/04\/Autobau-Ausstellhallen-Originalqualitaet-Robin-Moehl-15-scaled.jpg","contentUrl":"https:\/\/www.autobau.ch\/wp-content\/uploads\/2024\/04\/Autobau-Ausstellhallen-Originalqualitaet-Robin-Moehl-15-scaled.jpg","width":2560,"height":1709,"caption":"Lista Racing Corner"},{"@type":"BreadcrumbList","@id":"https:\/\/www.autobau.ch\/de\/faq\/#breadcrumb","itemListElement":[{"@type":"ListItem","position":1,"name":"Home","item":"https:\/\/www.autobau.ch\/de\/"},{"@type":"ListItem","position":2,"name":"FAQ"}]},{"@type":"WebSite","@id":"https:\/\/www.autobau.ch\/de\/#website","url":"https:\/\/www.autobau.ch\/de\/","name":"autobau erlebniswelt","description":"EVENTS. MUSEUM. EMOTIONEN.","publisher":{"@id":"https:\/\/www.autobau.ch\/de\/#organization"},"potentialAction":[{"@type":"SearchAction","target":{"@type":"EntryPoint","urlTemplate":"https:\/\/www.autobau.ch\/de\/?s={search_term_string}"},"query-input":{"@type":"PropertyValueSpecification","valueRequired":true,"valueName":"search_term_string"}}],"inLanguage":"de"},{"@type":"Organization","@id":"https:\/\/www.autobau.ch\/de\/#organization","name":"autobau erlebniswelt","url":"https:\/\/www.autobau.ch\/de\/","logo":{"@type":"ImageObject","inLanguage":"de","@id":"https:\/\/www.autobau.ch\/de\/#\/schema\/logo\/image\/","url":"https:\/\/www.autobau.ch\/wp-content\/uploads\/2018\/02\/Logo_ab_254x95.png","contentUrl":"https:\/\/www.autobau.ch\/wp-content\/uploads\/2018\/02\/Logo_ab_254x95.png","width":254,"height":95,"caption":"autobau erlebniswelt"},"image":{"@id":"https:\/\/www.autobau.ch\/de\/#\/schema\/logo\/image\/"},"sameAs":["https:\/\/www.facebook.com\/autobau.ch\/"]}]}},"_links":{"self":[{"href":"https:\/\/www.autobau.ch\/de\/wp-json\/wp\/v2\/pages\/22919","targetHints":{"allow":["GET"]}}],"collection":[{"href":"https:\/\/www.autobau.ch\/de\/wp-json\/wp\/v2\/pages"}],"about":[{"href":"https:\/\/www.autobau.ch\/de\/wp-json\/wp\/v2\/types\/page"}],"author":[{"embeddable":true,"href":"https:\/\/www.autobau.ch\/de\/wp-json\/wp\/v2\/users\/9"}],"replies":[{"embeddable":true,"href":"https:\/\/www.autobau.ch\/de\/wp-json\/wp\/v2\/comments?post=22919"}],"version-history":[{"count":20,"href":"https:\/\/www.autobau.ch\/de\/wp-json\/wp\/v2\/pages\/22919\/revisions"}],"predecessor-version":[{"id":26015,"href":"https:\/\/www.autobau.ch\/de\/wp-json\/wp\/v2\/pages\/22919\/revisions\/26015"}],"wp:featuredmedia":[{"embeddable":true,"href":"https:\/\/www.autobau.ch\/de\/wp-json\/wp\/v2\/media\/21997"}],"wp:attachment":[{"href":"https:\/\/www.autobau.ch\/de\/wp-json\/wp\/v2\/media?parent=22919"}],"curies":[{"name":"wp","href":"https:\/\/api.w.org\/{rel}","templated":true}]}}