{"id":25947,"date":"2025-05-13T14:20:31","date_gmt":"2025-05-13T12:20:31","guid":{"rendered":"https:\/\/www.autobau.ch\/?page_id=25947"},"modified":"2025-11-03T15:38:14","modified_gmt":"2025-11-03T14:38:14","slug":"mac-museum","status":"publish","type":"page","link":"https:\/\/www.autobau.ch\/de\/mac-museum\/","title":{"rendered":"Partner MAC Museum Art Cars"},"content":{"rendered":"\t\t<div data-elementor-type=\"wp-page\" data-elementor-id=\"25947\" class=\"elementor elementor-25947\" data-elementor-post-type=\"page\">\n\t\t\t\t\t\t<section class=\"elementor-section elementor-top-section elementor-element elementor-element-0565e55 elementor-section-full_width elementor-section-height-default elementor-section-height-default\" data-id=\"0565e55\" data-element_type=\"section\" data-e-type=\"section\">\n\t\t\t\t\t\t<div class=\"elementor-container elementor-column-gap-default\">\n\t\t\t\t\t<div class=\"elementor-column elementor-col-100 elementor-top-column elementor-element elementor-element-f7d4b24\" data-id=\"f7d4b24\" data-element_type=\"column\" data-e-type=\"column\">\n\t\t\t<div class=\"elementor-widget-wrap elementor-element-populated\">\n\t\t\t\t\t\t<div class=\"elementor-element elementor-element-95f3be3 elementor-widget elementor-widget-main-title\" data-id=\"95f3be3\" data-element_type=\"widget\" data-e-type=\"widget\" data-widget_type=\"main-title.default\">\n\t\t\t\t<div class=\"elementor-widget-container\">\n\t\t\t\t\t\n<div class=\"flex justify-center\">\n    <div class=\"max-w-[1190px] header-text text-center\">\n        <h1 class=\"fsize-48 relative !font-light pb-[25px] text-textcolor\">Partnermuseum Mac Museum Art Cars Singen<\/h1>\n    <\/div>\n<\/div>\t\t\t\t<\/div>\n\t\t\t\t<\/div>\n\t\t\t\t\t<\/div>\n\t\t<\/div>\n\t\t\t\t\t<\/div>\n\t\t<\/section>\n\t\t\t\t<section class=\"elementor-section elementor-top-section elementor-element elementor-element-7c4d62e elementor-section-full_width elementor-section-height-default elementor-section-height-default\" data-id=\"7c4d62e\" data-element_type=\"section\" data-e-type=\"section\">\n\t\t\t\t\t\t<div class=\"elementor-container elementor-column-gap-default\">\n\t\t\t\t\t<div class=\"elementor-column elementor-col-100 elementor-top-column elementor-element elementor-element-d02f884\" data-id=\"d02f884\" data-element_type=\"column\" data-e-type=\"column\">\n\t\t\t<div class=\"elementor-widget-wrap elementor-element-populated\">\n\t\t\t\t\t\t<div class=\"elementor-element elementor-element-f5c059a elementor-widget elementor-widget-image-text\" data-id=\"f5c059a\" data-element_type=\"widget\" data-e-type=\"widget\" data-widget_type=\"image-text.default\">\n\t\t\t\t<div class=\"elementor-widget-container\">\n\t\t\t\t\t\n<div class=\"image-text flex lg:flex-wrap font-light mob-change:flex-col  mob-change:!flex-col-reverse\">\n    <div class=\"basis-1\/3 below-large-laptop:basis-2\/5 lg-flex-basis-1 lg:!flex-[0_0_100%] below-laptop:mb-40 below-laptop: min-above-lg:mr-25 text-col\" >\n        <h3  ><span class=\"text-brand text-[30px] leading-[30px] block mb-[20px] font-klavika font-light\">Zwei Museen - ein Ticket doppelter Spass!<\/span><\/h3>\n        <div  ><p data-start=\"227\" data-end=\"540\"><span class=\"_fadeIn_m1hgl_8\">Erleben <\/span><span class=\"_fadeIn_m1hgl_8\">Sie <\/span><span class=\"_fadeIn_m1hgl_8\">mit <\/span><span class=\"_fadeIn_m1hgl_8\">dem <\/span><strong data-start=\"247\" data-end=\"264\"><span class=\"_fadeIn_m1hgl_8\">Partnerticket<\/span><\/strong> <span class=\"_fadeIn_m1hgl_8\">geballte <\/span><span class=\"_fadeIn_m1hgl_8\">Automobilfaszination: <\/span><span class=\"_fadeIn_m1hgl_8\">Die <\/span><span class=\"_fadeIn_m1hgl_8\">autobau <\/span><span class=\"_fadeIn_m1hgl_8\">erlebniswelt<\/span> <span class=\"_fadeIn_m1hgl_8\">in <\/span><span class=\"_fadeIn_m1hgl_8\">Romanshorn <\/span><span class=\"_fadeIn_m1hgl_8\">und <\/span><span class=\"_fadeIn_m1hgl_8\">das <\/span><a href=\"https:\/\/www.museum-art-cars.com\/\"><span class=\"_fadeIn_m1hgl_8\">MAC <\/span><span class=\"_fadeIn_m1hgl_8\">Museum <\/span><span class=\"_fadeIn_m1hgl_8\">Art &amp; <\/span><span class=\"_fadeIn_m1hgl_8\">Cars<\/span><\/a> <span class=\"_fadeIn_m1hgl_8\">in <\/span><span class=\"_fadeIn_m1hgl_8\">Singen <\/span><span class=\"_fadeIn_m1hgl_8\">laden <\/span><span class=\"_fadeIn_m1hgl_8\">zu <\/span><span class=\"_fadeIn_m1hgl_8\">einem <\/span><span class=\"_fadeIn_m1hgl_8\">einzigartigen <\/span><span class=\"_fadeIn_m1hgl_8\">Besuch <\/span><span class=\"_fadeIn_m1hgl_8\">ein. <\/span><span class=\"_fadeIn_m1hgl_8\">Entdecken <\/span><span class=\"_fadeIn_m1hgl_8\">Sie <\/span><span class=\"_fadeIn_m1hgl_8\">automobile <\/span><span class=\"_fadeIn_m1hgl_8\">Legenden, <\/span><span class=\"_fadeIn_m1hgl_8\">Designikonen <\/span><span class=\"_fadeIn_m1hgl_8\">und <\/span><span class=\"_fadeIn_m1hgl_8\">Kunstwerke <\/span><span class=\"_fadeIn_m1hgl_8\">an <\/span><span class=\"_fadeIn_m1hgl_8\">zwei <\/span><span class=\"_fadeIn_m1hgl_8\">aussergew\u00f6hnlichen <\/span><span class=\"_fadeIn_m1hgl_8\">Orten \u2013 <\/span><span class=\"_fadeIn_m1hgl_8\">zum <\/span><span class=\"_fadeIn_m1hgl_8\">Vorteilspreis!<\/span><\/p><p data-start=\"227\" data-end=\"540\"><span class=\"_fadeIn_m1hgl_8\">\u00a0<\/span>Zwei Museen - ein gemeinsames Erlebnis<\/p><ul><li data-start=\"227\" data-end=\"540\">G\u00fcltig f\u00fcr den Eintritt in beide H\u00e4user<\/li><li data-start=\"227\" data-end=\"540\">Ideal f\u00fcr Autoliebhaber, Familien und Kulturinteressierte<\/li><li data-start=\"227\" data-end=\"540\">Nur eine Stunde Fahrzeug zwischen Romanshorn und Singen<\/li><li data-start=\"227\" data-end=\"540\">Ideal f\u00fcr eine gem\u00fctliche Ausfahrt durch Mostindien oder entlang des Bodenseeufers<\/li><li data-start=\"542\" data-end=\"748\">F\u00fcr CHF 39.00 \/ Person<\/li><li data-start=\"542\" data-end=\"748\">Das Ticket muss nicht am gleichen Tag bei beiden Museen eingel\u00f6st werden.\u00a0<\/li><\/ul><p>Das Ticket erhalten Sie an der Tageskasse des jeweiligen Museums.\u00a0<\/p><p data-start=\"750\" data-end=\"866\"><span class=\"_fadeIn_m1hgl_8\">Tauchen <\/span><span class=\"_fadeIn_m1hgl_8\">Sie <\/span><span class=\"_fadeIn_m1hgl_8\">ein <\/span><span class=\"_fadeIn_m1hgl_8\">in <\/span><span class=\"_fadeIn_m1hgl_8\">die <\/span><span class=\"_fadeIn_m1hgl_8\">Welt <\/span><span class=\"_fadeIn_m1hgl_8\">der <\/span><span class=\"_fadeIn_m1hgl_8\">Kunst, <\/span><span class=\"_fadeIn_m1hgl_8\">der <\/span><span class=\"_fadeIn_m1hgl_8\">Klassiker <\/span><span class=\"_fadeIn_m1hgl_8\">und <\/span><span class=\"_fadeIn_m1hgl_8\">des <\/span><span class=\"_fadeIn_m1hgl_8\">Motorsports \u2013 <\/span><span class=\"_fadeIn_m1hgl_8\">mit <\/span><span class=\"_fadeIn_m1hgl_8\">einem <\/span><span class=\"_fadeIn_m1hgl_8\">Ticket, <\/span><span class=\"_fadeIn_m1hgl_8\">das <\/span><span class=\"_fadeIn_m1hgl_8\">doppelt <\/span><span class=\"_fadeIn_m1hgl_8\">begeistert.<\/span><\/p><p data-start=\"868\" data-end=\"922\"><span class=\"_fadeIn_m1hgl_8\">Jetzt <\/span><span class=\"_fadeIn_m1hgl_8\">Partnerticket <\/span><span class=\"_fadeIn_m1hgl_8\">sichern <\/span><span class=\"_fadeIn_m1hgl_8\">und <\/span><span class=\"_fadeIn_m1hgl_8\">zwei <\/span><span class=\"_fadeIn_m1hgl_8\">Welten <\/span><span class=\"_fadeIn_m1hgl_8\">entdecken!\u00a0<\/span><\/p><p data-start=\"868\" data-end=\"922\"><a href=\"https:\/\/www.museum-art-cars.com\/\">MAC Museum entdecken<\/a><\/p><\/div>\n        \n        \n            <\/div>        \n    \n    <div class=\"basis-2\/3 below-large-laptop:basis-3\/5 lg-flex-basis-1 lg:!flex-[0_0_100%] below-laptop:mb-30 mob-change:ml-[calc(50%-50vw)] mob-change:mr-[calc(50%-50vw)] relative \" >\n        <img decoding=\"async\" class=\"w-full max-w-[1190px] hp:hidden autobau-lazy-load relative\" \n        src=\"https:\/\/www.autobau.ch\/wp-content\/uploads\/2025\/05\/2024_11_Mythos_Ferrari_Dirk_Patschkowski_DSC_0090-1190x670.jpg\" alt=\"\" title=\"\" \/>\n        <img decoding=\"async\" src=\"https:\/\/www.autobau.ch\/wp-content\/uploads\/2025\/05\/2024_11_Mythos_Ferrari_Dirk_Patschkowski_DSC_0090-640x640.jpg\" class=\"w-full relative h-auto min-hp:hidden\" alt=\"\" title=\"\" \/>\n    <\/div>\n<\/div>\t\t\t\t<\/div>\n\t\t\t\t<\/div>\n\t\t\t\t\t<\/div>\n\t\t<\/div>\n\t\t\t\t\t<\/div>\n\t\t<\/section>\n\t\t\t\t<\/div>\n\t\t","protected":false},"excerpt":{"rendered":"<p>Partnermuseum Mac Museum Art Cars Singen Zwei Museen &#8211; ein Ticket doppelter Spass! Erleben Sie mit dem Partnerticket geballte Automobilfaszination: Die autobau erlebniswelt in Romanshorn und das MAC Museum Art &amp; Cars in Singen laden zu einem einzigartigen Besuch ein. Entdecken Sie automobile Legenden, Designikonen und Kunstwerke an zwei aussergew\u00f6hnlichen Orten \u2013 zum Vorteilspreis! \u00a0Zwei Museen &#8211; ein gemeinsames Erlebnis G\u00fcltig f\u00fcr den Eintritt in beide H\u00e4user Ideal f\u00fcr Autoliebhaber, Familien und Kulturinteressierte Nur eine Stunde Fahrzeug zwischen Romanshorn und Singen Ideal f\u00fcr eine gem\u00fctliche Ausfahrt durch Mostindien oder entlang des Bodenseeufers F\u00fcr CHF 39.00 \/ Person Das Ticket muss nicht am gleichen Tag bei beiden Museen eingel\u00f6st werden.\u00a0 Das Ticket erhalten Sie an der Tageskasse des jeweiligen Museums.\u00a0 Tauchen Sie ein in die Welt der Kunst, der Klassiker und des Motorsports \u2013 mit einem Ticket, das doppelt begeistert. Jetzt Partnerticket sichern und zwei Welten entdecken!\u00a0 MAC Museum entdecken<\/p>\n","protected":false},"author":9,"featured_media":0,"parent":0,"menu_order":0,"comment_status":"closed","ping_status":"closed","template":"","meta":{"_acf_changed":false,"footnotes":""},"class_list":["post-25947","page","type-page","status-publish","hentry"],"acf":[],"yoast_head":"<!-- This site is optimized with the Yoast SEO plugin v27.3 - https:\/\/yoast.com\/product\/yoast-seo-wordpress\/ -->\n<title>Partner MAC Museum Art Cars - autobau erlebniswelt<\/title>\n<meta name=\"description\" content=\"MAC Museum Art Cars Singen, buchen Sie das Kombiticket autobau erlebniswelt - MAC Museum Art Cars und erleben Sie Kunst &amp; Motorsport.\" \/>\n<meta name=\"robots\" content=\"index, follow, max-snippet:-1, max-image-preview:large, max-video-preview:-1\" \/>\n<link rel=\"canonical\" href=\"https:\/\/www.autobau.ch\/de\/mac-museum\/\" \/>\n<meta property=\"og:locale\" content=\"de_DE\" \/>\n<meta property=\"og:type\" content=\"article\" \/>\n<meta property=\"og:title\" content=\"Partner MAC Museum Art Cars - autobau erlebniswelt\" \/>\n<meta property=\"og:description\" content=\"MAC Museum Art Cars Singen, buchen Sie das Kombiticket autobau erlebniswelt - MAC Museum Art Cars und erleben Sie Kunst &amp; Motorsport.\" \/>\n<meta property=\"og:url\" content=\"https:\/\/www.autobau.ch\/de\/mac-museum\/\" \/>\n<meta property=\"og:site_name\" content=\"autobau erlebniswelt\" \/>\n<meta property=\"article:publisher\" content=\"https:\/\/www.facebook.com\/autobau.ch\/\" \/>\n<meta property=\"article:modified_time\" content=\"2025-11-03T14:38:14+00:00\" \/>\n<meta property=\"og:image\" content=\"https:\/\/www.autobau.ch\/wp-content\/uploads\/2025\/05\/2024_11_Mythos_Ferrari_Dirk_Patschkowski_DSC_0090-1190x670.jpg\" \/>\n<meta name=\"twitter:card\" content=\"summary_large_image\" \/>\n<meta name=\"twitter:label1\" content=\"Gesch\u00e4tzte Lesezeit\" \/>\n\t<meta name=\"twitter:data1\" content=\"2\u00a0Minuten\" \/>\n<script type=\"application\/ld+json\" class=\"yoast-schema-graph\">{\"@context\":\"https:\\\/\\\/schema.org\",\"@graph\":[{\"@type\":\"WebPage\",\"@id\":\"https:\\\/\\\/www.autobau.ch\\\/de\\\/mac-museum\\\/\",\"url\":\"https:\\\/\\\/www.autobau.ch\\\/de\\\/mac-museum\\\/\",\"name\":\"Partner MAC Museum Art Cars - autobau erlebniswelt\",\"isPartOf\":{\"@id\":\"https:\\\/\\\/www.autobau.ch\\\/de\\\/#website\"},\"primaryImageOfPage\":{\"@id\":\"https:\\\/\\\/www.autobau.ch\\\/de\\\/mac-museum\\\/#primaryimage\"},\"image\":{\"@id\":\"https:\\\/\\\/www.autobau.ch\\\/de\\\/mac-museum\\\/#primaryimage\"},\"thumbnailUrl\":\"https:\\\/\\\/www.autobau.ch\\\/wp-content\\\/uploads\\\/2025\\\/05\\\/2024_11_Mythos_Ferrari_Dirk_Patschkowski_DSC_0090-1190x670.jpg\",\"datePublished\":\"2025-05-13T12:20:31+00:00\",\"dateModified\":\"2025-11-03T14:38:14+00:00\",\"description\":\"MAC Museum Art Cars Singen, buchen Sie das Kombiticket autobau erlebniswelt - MAC Museum Art Cars und erleben Sie Kunst & Motorsport.\",\"breadcrumb\":{\"@id\":\"https:\\\/\\\/www.autobau.ch\\\/de\\\/mac-museum\\\/#breadcrumb\"},\"inLanguage\":\"de\",\"potentialAction\":[{\"@type\":\"ReadAction\",\"target\":[\"https:\\\/\\\/www.autobau.ch\\\/de\\\/mac-museum\\\/\"]}]},{\"@type\":\"ImageObject\",\"inLanguage\":\"de\",\"@id\":\"https:\\\/\\\/www.autobau.ch\\\/de\\\/mac-museum\\\/#primaryimage\",\"url\":\"https:\\\/\\\/www.autobau.ch\\\/wp-content\\\/uploads\\\/2025\\\/05\\\/2024_11_Mythos_Ferrari_Dirk_Patschkowski_DSC_0090-1190x670.jpg\",\"contentUrl\":\"https:\\\/\\\/www.autobau.ch\\\/wp-content\\\/uploads\\\/2025\\\/05\\\/2024_11_Mythos_Ferrari_Dirk_Patschkowski_DSC_0090-1190x670.jpg\"},{\"@type\":\"BreadcrumbList\",\"@id\":\"https:\\\/\\\/www.autobau.ch\\\/de\\\/mac-museum\\\/#breadcrumb\",\"itemListElement\":[{\"@type\":\"ListItem\",\"position\":1,\"name\":\"Home\",\"item\":\"https:\\\/\\\/www.autobau.ch\\\/de\\\/\"},{\"@type\":\"ListItem\",\"position\":2,\"name\":\"Partner MAC Museum Art Cars\"}]},{\"@type\":\"WebSite\",\"@id\":\"https:\\\/\\\/www.autobau.ch\\\/de\\\/#website\",\"url\":\"https:\\\/\\\/www.autobau.ch\\\/de\\\/\",\"name\":\"autobau erlebniswelt\",\"description\":\"EVENTS. MUSEUM. EMOTIONEN.\",\"publisher\":{\"@id\":\"https:\\\/\\\/www.autobau.ch\\\/de\\\/#organization\"},\"potentialAction\":[{\"@type\":\"SearchAction\",\"target\":{\"@type\":\"EntryPoint\",\"urlTemplate\":\"https:\\\/\\\/www.autobau.ch\\\/de\\\/?s={search_term_string}\"},\"query-input\":{\"@type\":\"PropertyValueSpecification\",\"valueRequired\":true,\"valueName\":\"search_term_string\"}}],\"inLanguage\":\"de\"},{\"@type\":\"Organization\",\"@id\":\"https:\\\/\\\/www.autobau.ch\\\/de\\\/#organization\",\"name\":\"autobau erlebniswelt\",\"url\":\"https:\\\/\\\/www.autobau.ch\\\/de\\\/\",\"logo\":{\"@type\":\"ImageObject\",\"inLanguage\":\"de\",\"@id\":\"https:\\\/\\\/www.autobau.ch\\\/de\\\/#\\\/schema\\\/logo\\\/image\\\/\",\"url\":\"https:\\\/\\\/www.autobau.ch\\\/wp-content\\\/uploads\\\/2018\\\/02\\\/Logo_ab_254x95.png\",\"contentUrl\":\"https:\\\/\\\/www.autobau.ch\\\/wp-content\\\/uploads\\\/2018\\\/02\\\/Logo_ab_254x95.png\",\"width\":254,\"height\":95,\"caption\":\"autobau erlebniswelt\"},\"image\":{\"@id\":\"https:\\\/\\\/www.autobau.ch\\\/de\\\/#\\\/schema\\\/logo\\\/image\\\/\"},\"sameAs\":[\"https:\\\/\\\/www.facebook.com\\\/autobau.ch\\\/\"]}]}<\/script>\n<!-- \/ Yoast SEO plugin. -->","yoast_head_json":{"title":"Partner MAC Museum Art Cars - autobau erlebniswelt","description":"MAC Museum Art Cars Singen, buchen Sie das Kombiticket autobau erlebniswelt - MAC Museum Art Cars und erleben Sie Kunst & Motorsport.","robots":{"index":"index","follow":"follow","max-snippet":"max-snippet:-1","max-image-preview":"max-image-preview:large","max-video-preview":"max-video-preview:-1"},"canonical":"https:\/\/www.autobau.ch\/de\/mac-museum\/","og_locale":"de_DE","og_type":"article","og_title":"Partner MAC Museum Art Cars - autobau erlebniswelt","og_description":"MAC Museum Art Cars Singen, buchen Sie das Kombiticket autobau erlebniswelt - MAC Museum Art Cars und erleben Sie Kunst & Motorsport.","og_url":"https:\/\/www.autobau.ch\/de\/mac-museum\/","og_site_name":"autobau erlebniswelt","article_publisher":"https:\/\/www.facebook.com\/autobau.ch\/","article_modified_time":"2025-11-03T14:38:14+00:00","og_image":[{"url":"https:\/\/www.autobau.ch\/wp-content\/uploads\/2025\/05\/2024_11_Mythos_Ferrari_Dirk_Patschkowski_DSC_0090-1190x670.jpg","type":"","width":"","height":""}],"twitter_card":"summary_large_image","twitter_misc":{"Gesch\u00e4tzte Lesezeit":"2\u00a0Minuten"},"schema":{"@context":"https:\/\/schema.org","@graph":[{"@type":"WebPage","@id":"https:\/\/www.autobau.ch\/de\/mac-museum\/","url":"https:\/\/www.autobau.ch\/de\/mac-museum\/","name":"Partner MAC Museum Art Cars - autobau erlebniswelt","isPartOf":{"@id":"https:\/\/www.autobau.ch\/de\/#website"},"primaryImageOfPage":{"@id":"https:\/\/www.autobau.ch\/de\/mac-museum\/#primaryimage"},"image":{"@id":"https:\/\/www.autobau.ch\/de\/mac-museum\/#primaryimage"},"thumbnailUrl":"https:\/\/www.autobau.ch\/wp-content\/uploads\/2025\/05\/2024_11_Mythos_Ferrari_Dirk_Patschkowski_DSC_0090-1190x670.jpg","datePublished":"2025-05-13T12:20:31+00:00","dateModified":"2025-11-03T14:38:14+00:00","description":"MAC Museum Art Cars Singen, buchen Sie das Kombiticket autobau erlebniswelt - MAC Museum Art Cars und erleben Sie Kunst & Motorsport.","breadcrumb":{"@id":"https:\/\/www.autobau.ch\/de\/mac-museum\/#breadcrumb"},"inLanguage":"de","potentialAction":[{"@type":"ReadAction","target":["https:\/\/www.autobau.ch\/de\/mac-museum\/"]}]},{"@type":"ImageObject","inLanguage":"de","@id":"https:\/\/www.autobau.ch\/de\/mac-museum\/#primaryimage","url":"https:\/\/www.autobau.ch\/wp-content\/uploads\/2025\/05\/2024_11_Mythos_Ferrari_Dirk_Patschkowski_DSC_0090-1190x670.jpg","contentUrl":"https:\/\/www.autobau.ch\/wp-content\/uploads\/2025\/05\/2024_11_Mythos_Ferrari_Dirk_Patschkowski_DSC_0090-1190x670.jpg"},{"@type":"BreadcrumbList","@id":"https:\/\/www.autobau.ch\/de\/mac-museum\/#breadcrumb","itemListElement":[{"@type":"ListItem","position":1,"name":"Home","item":"https:\/\/www.autobau.ch\/de\/"},{"@type":"ListItem","position":2,"name":"Partner MAC Museum Art Cars"}]},{"@type":"WebSite","@id":"https:\/\/www.autobau.ch\/de\/#website","url":"https:\/\/www.autobau.ch\/de\/","name":"autobau erlebniswelt","description":"EVENTS. MUSEUM. EMOTIONEN.","publisher":{"@id":"https:\/\/www.autobau.ch\/de\/#organization"},"potentialAction":[{"@type":"SearchAction","target":{"@type":"EntryPoint","urlTemplate":"https:\/\/www.autobau.ch\/de\/?s={search_term_string}"},"query-input":{"@type":"PropertyValueSpecification","valueRequired":true,"valueName":"search_term_string"}}],"inLanguage":"de"},{"@type":"Organization","@id":"https:\/\/www.autobau.ch\/de\/#organization","name":"autobau erlebniswelt","url":"https:\/\/www.autobau.ch\/de\/","logo":{"@type":"ImageObject","inLanguage":"de","@id":"https:\/\/www.autobau.ch\/de\/#\/schema\/logo\/image\/","url":"https:\/\/www.autobau.ch\/wp-content\/uploads\/2018\/02\/Logo_ab_254x95.png","contentUrl":"https:\/\/www.autobau.ch\/wp-content\/uploads\/2018\/02\/Logo_ab_254x95.png","width":254,"height":95,"caption":"autobau erlebniswelt"},"image":{"@id":"https:\/\/www.autobau.ch\/de\/#\/schema\/logo\/image\/"},"sameAs":["https:\/\/www.facebook.com\/autobau.ch\/"]}]}},"_links":{"self":[{"href":"https:\/\/www.autobau.ch\/de\/wp-json\/wp\/v2\/pages\/25947","targetHints":{"allow":["GET"]}}],"collection":[{"href":"https:\/\/www.autobau.ch\/de\/wp-json\/wp\/v2\/pages"}],"about":[{"href":"https:\/\/www.autobau.ch\/de\/wp-json\/wp\/v2\/types\/page"}],"author":[{"embeddable":true,"href":"https:\/\/www.autobau.ch\/de\/wp-json\/wp\/v2\/users\/9"}],"replies":[{"embeddable":true,"href":"https:\/\/www.autobau.ch\/de\/wp-json\/wp\/v2\/comments?post=25947"}],"version-history":[{"count":36,"href":"https:\/\/www.autobau.ch\/de\/wp-json\/wp\/v2\/pages\/25947\/revisions"}],"predecessor-version":[{"id":27406,"href":"https:\/\/www.autobau.ch\/de\/wp-json\/wp\/v2\/pages\/25947\/revisions\/27406"}],"wp:attachment":[{"href":"https:\/\/www.autobau.ch\/de\/wp-json\/wp\/v2\/media?parent=25947"}],"curies":[{"name":"wp","href":"https:\/\/api.w.org\/{rel}","templated":true}]}}