{"id":2662,"date":"2018-03-19T20:38:31","date_gmt":"2018-03-19T19:38:31","guid":{"rendered":"https:\/\/www.autobau.ch\/?page_id=2662"},"modified":"2023-06-20T16:34:50","modified_gmt":"2023-06-20T14:34:50","slug":"impressum","status":"publish","type":"page","link":"https:\/\/www.autobau.ch\/de\/impressum\/","title":{"rendered":"Impressum"},"content":{"rendered":"\t\t<div data-elementor-type=\"wp-page\" data-elementor-id=\"2662\" class=\"elementor elementor-2662\" data-elementor-post-type=\"page\">\n\t\t\t\t\t\t<section class=\"elementor-section elementor-top-section elementor-element elementor-element-1752154 elementor-section-full_width elementor-section-height-default elementor-section-height-default\" data-id=\"1752154\" data-element_type=\"section\" data-e-type=\"section\">\n\t\t\t\t\t\t<div class=\"elementor-container elementor-column-gap-default\">\n\t\t\t\t\t<div class=\"elementor-column elementor-col-100 elementor-top-column elementor-element elementor-element-87d7786\" data-id=\"87d7786\" data-element_type=\"column\" data-e-type=\"column\">\n\t\t\t<div class=\"elementor-widget-wrap elementor-element-populated\">\n\t\t\t\t\t\t<div class=\"elementor-element elementor-element-95e7099 elementor-widget elementor-widget-main-title\" data-id=\"95e7099\" data-element_type=\"widget\" data-e-type=\"widget\" data-widget_type=\"main-title.default\">\n\t\t\t\t<div class=\"elementor-widget-container\">\n\t\t\t\t\t\n<div class=\"flex justify-center\">\n    <div class=\"max-w-[1190px] header-text text-center\">\n        <h1 class=\"fsize-48 relative !font-light pb-[25px] text-textcolor\">Impressum<\/h1>\n    <\/div>\n<\/div>\t\t\t\t<\/div>\n\t\t\t\t<\/div>\n\t\t\t\t\t<\/div>\n\t\t<\/div>\n\t\t\t\t\t<\/div>\n\t\t<\/section>\n\t\t\t\t<section class=\"elementor-section elementor-top-section elementor-element elementor-element-6ce8d413 custom-columns elementor-section-full_width elementor-section-height-default elementor-section-height-default\" data-id=\"6ce8d413\" data-element_type=\"section\" data-e-type=\"section\">\n\t\t\t\t\t\t<div class=\"elementor-container elementor-column-gap-default\">\n\t\t\t\t\t<div class=\"elementor-column elementor-col-50 elementor-top-column elementor-element elementor-element-6c911afb w-33\" data-id=\"6c911afb\" data-element_type=\"column\" data-e-type=\"column\">\n\t\t\t<div class=\"elementor-widget-wrap elementor-element-populated\">\n\t\t\t\t\t\t<div class=\"elementor-element elementor-element-f7f57fc elementor-widget elementor-widget-textabschnitt\" data-id=\"f7f57fc\" data-element_type=\"widget\" data-e-type=\"widget\" data-widget_type=\"textabschnitt.default\">\n\t\t\t\t<div class=\"elementor-widget-container\">\n\t\t\t\t\t\n\n<div class=\"newspaper-section columns-1  col-span-full gap-[40px] below-laptop:columns-1 below-laptop:gap-0 children-font-light\">\n        <div  ><h3 class=\"mb-25 newspaper-main-title block font-light\">Kontaktadresse<\/h3><\/div>\n        <div  ><p>autobau AG<br \/>Egnacherweg 7<br \/>8590 Romanshorn<br \/>Schweiz Tel.: +41 71 466 00 66 info(@)autobau.ch<br \/><a href=\"http:\/\/www.autobau.ch\">www.autobau.ch<\/a><\/p><h3 class=\"text-[30px] text-brand font-light newspaper-inline-title\">Gesch\u00e4ftsf\u00fchrer<\/h3><p>Yvonne St\u00fctz<\/p><h3 class=\"text-[30px] text-brand font-light newspaper-inline-title\">Verantwortlichen Redaktor<\/h3><p>Yvonne St\u00fctz<\/p><h3 class=\"text-[30px] text-brand font-light newspaper-inline-title\">UID<\/h3><p>CHE-100.947.029<\/p><h3 class=\"text-[30px] text-brand font-light newspaper-inline-title\">Handelsregister-Nummer<\/h3><p>CH-440.3.009.287-7<\/p><\/div>\n<\/div>\t\t\t\t<\/div>\n\t\t\t\t<\/div>\n\t\t\t\t\t<\/div>\n\t\t<\/div>\n\t\t\t\t<div class=\"elementor-column elementor-col-50 elementor-top-column elementor-element elementor-element-4faa9b6d w-66\" data-id=\"4faa9b6d\" data-element_type=\"column\" data-e-type=\"column\">\n\t\t\t<div class=\"elementor-widget-wrap elementor-element-populated\">\n\t\t\t\t\t\t<div class=\"elementor-element elementor-element-2e8338f elementor-widget elementor-widget-textabschnitt\" data-id=\"2e8338f\" data-element_type=\"widget\" data-e-type=\"widget\" data-widget_type=\"textabschnitt.default\">\n\t\t\t\t<div class=\"elementor-widget-container\">\n\t\t\t\t\t\n\n<div class=\"newspaper-section columns-2  col-span-full gap-[40px] below-laptop:columns-1 below-laptop:gap-0 children-font-light\">\n        <div  ><h3 class=\"mb-25 newspaper-main-title block font-light\">Konzeption und Gestaltung<\/h3><\/div>\n        <div  ><h3 class=\"text-[30px] text-brand font-light newspaper-inline-title\">Haftungsausschluss<\/h3><p>Der Autor \u00fcbernimmt keinerlei Gew\u00e4hr hinsichtlich der inhaltlichen Richtigkeit, Genauigkeit, Aktualit\u00e4t, Zuverl\u00e4ssigkeit und Vollst\u00e4ndigkeit der Informationen. Haftungsanspr\u00fcche gegen den Autor wegen Sch\u00e4den materieller oder immaterieller Art, welche aus dem Zugriff oder der Nutzung bzw. Nichtnutzung der ver\u00f6ffentlichten Informationen, durch Missbrauch der Verbindung oder durch technische St\u00f6rungen entstanden sind, werden ausgeschlossen. Alle Angebote sind unverbindlich. Der Autor beh\u00e4lt es sich ausdr\u00fccklich vor, Teile der Seiten oder das gesamte Angebot ohne gesonderte Ank\u00fcndigung zu ver\u00e4ndern, zu erg\u00e4nzen, zu l\u00f6schen oder die Ver\u00f6ffentlichung zeitweise oder endg\u00fcltig einzustellen.<\/p><h3 class=\"text-[30px] text-brand font-light newspaper-inline-title\">Haftung f\u00fcr Links<\/h3><p>Verweise und Links auf Webseiten Dritter liegen ausserhalb unseres Verantwortungsbereichs Es wird jegliche Verantwortung f\u00fcr solche Webseiten abgelehnt. Der Zugriff und die Nutzung solcher Webseiten erfolgen auf eigene Gefahr des Nutzers oder der Nutzerin.<\/p><h3 class=\"text-[30px] text-brand font-light newspaper-inline-title\">Urheberrechte<\/h3><p>Die Urheber- und alle anderen Rechte an Inhalten, Bildern, Fotos oder anderen Dateien auf der Website geh\u00f6ren ausschliesslich der Firma autobau AG oder den speziell genannten Rechtsinhabern. F\u00fcr die Reproduktion jeglicher Elemente ist die schriftliche Zustimmung der Urheberrechtstr\u00e4ger im Voraus einzuholen.<\/p><\/div>\n<\/div>\t\t\t\t<\/div>\n\t\t\t\t<\/div>\n\t\t\t\t\t<\/div>\n\t\t<\/div>\n\t\t\t\t\t<\/div>\n\t\t<\/section>\n\t\t\t\t<\/div>\n\t\t","protected":false},"excerpt":{"rendered":"<p>Impressum Kontaktadresse autobau AGEgnacherweg 78590 RomanshornSchweiz Tel.: +41 71 466 00 66 info(@)autobau.chwww.autobau.ch Gesch\u00e4ftsf\u00fchrer Yvonne St\u00fctz Verantwortlichen Redaktor Yvonne St\u00fctz UID CHE-100.947.029 Handelsregister-Nummer CH-440.3.009.287-7 Konzeption und Gestaltung Haftungsausschluss Der Autor \u00fcbernimmt keinerlei Gew\u00e4hr hinsichtlich der inhaltlichen Richtigkeit, Genauigkeit, Aktualit\u00e4t, Zuverl\u00e4ssigkeit und Vollst\u00e4ndigkeit der Informationen. Haftungsanspr\u00fcche gegen den Autor wegen Sch\u00e4den materieller oder immaterieller Art, welche aus dem Zugriff oder der Nutzung bzw. Nichtnutzung der ver\u00f6ffentlichten Informationen, durch Missbrauch der Verbindung oder durch technische St\u00f6rungen entstanden sind, werden ausgeschlossen. Alle Angebote sind unverbindlich. Der Autor beh\u00e4lt es sich ausdr\u00fccklich vor, Teile der Seiten oder das gesamte Angebot ohne gesonderte Ank\u00fcndigung zu ver\u00e4ndern, zu erg\u00e4nzen, zu l\u00f6schen oder die Ver\u00f6ffentlichung zeitweise oder endg\u00fcltig einzustellen. Haftung f\u00fcr Links Verweise und Links auf Webseiten Dritter liegen ausserhalb unseres Verantwortungsbereichs Es wird jegliche Verantwortung f\u00fcr solche Webseiten abgelehnt. Der Zugriff und die Nutzung solcher Webseiten erfolgen auf eigene Gefahr des Nutzers oder der Nutzerin. Urheberrechte Die Urheber- und alle anderen Rechte an Inhalten, Bildern, Fotos oder anderen Dateien auf der Website geh\u00f6ren ausschliesslich der Firma autobau AG oder den speziell genannten Rechtsinhabern. F\u00fcr die Reproduktion jeglicher Elemente ist die schriftliche Zustimmung der Urheberrechtstr\u00e4ger im Voraus einzuholen.<\/p>\n","protected":false},"author":6,"featured_media":0,"parent":0,"menu_order":0,"comment_status":"closed","ping_status":"closed","template":"","meta":{"_acf_changed":false,"footnotes":""},"class_list":["post-2662","page","type-page","status-publish","hentry"],"acf":[],"yoast_head":"<!-- This site is optimized with the Yoast SEO plugin v27.3 - https:\/\/yoast.com\/product\/yoast-seo-wordpress\/ -->\n<title>Impressum - autobau erlebniswelt<\/title>\n<meta name=\"robots\" content=\"index, follow, max-snippet:-1, max-image-preview:large, max-video-preview:-1\" \/>\n<link rel=\"canonical\" href=\"https:\/\/www.autobau.ch\/de\/impressum\/\" \/>\n<meta property=\"og:locale\" content=\"de_DE\" \/>\n<meta property=\"og:type\" content=\"article\" \/>\n<meta property=\"og:title\" content=\"Impressum - autobau erlebniswelt\" \/>\n<meta property=\"og:description\" content=\"Impressum Kontaktadresse autobau AGEgnacherweg 78590 RomanshornSchweiz Tel.: +41 71 466 00 66 info(@)autobau.chwww.autobau.ch Gesch\u00e4ftsf\u00fchrer Yvonne St\u00fctz Verantwortlichen Redaktor Yvonne St\u00fctz UID CHE-100.947.029 Handelsregister-Nummer CH-440.3.009.287-7 Konzeption und Gestaltung Haftungsausschluss Der Autor \u00fcbernimmt keinerlei Gew\u00e4hr hinsichtlich der inhaltlichen Richtigkeit, Genauigkeit, Aktualit\u00e4t, Zuverl\u00e4ssigkeit und Vollst\u00e4ndigkeit der Informationen. Haftungsanspr\u00fcche gegen den Autor wegen Sch\u00e4den materieller oder immaterieller Art, welche aus dem Zugriff oder der Nutzung bzw. Nichtnutzung der ver\u00f6ffentlichten Informationen, durch Missbrauch der Verbindung oder durch technische St\u00f6rungen entstanden sind, werden ausgeschlossen. Alle Angebote sind unverbindlich. Der Autor beh\u00e4lt es sich ausdr\u00fccklich vor, Teile der Seiten oder das gesamte Angebot ohne gesonderte Ank\u00fcndigung zu ver\u00e4ndern, zu erg\u00e4nzen, zu l\u00f6schen oder die Ver\u00f6ffentlichung zeitweise oder endg\u00fcltig einzustellen. Haftung f\u00fcr Links Verweise und Links auf Webseiten Dritter liegen ausserhalb unseres Verantwortungsbereichs Es wird jegliche Verantwortung f\u00fcr solche Webseiten abgelehnt. Der Zugriff und die Nutzung solcher Webseiten erfolgen auf eigene Gefahr des Nutzers oder der Nutzerin. Urheberrechte Die Urheber- und alle anderen Rechte an Inhalten, Bildern, Fotos oder anderen Dateien auf der Website geh\u00f6ren ausschliesslich der Firma autobau AG oder den speziell genannten Rechtsinhabern. F\u00fcr die Reproduktion jeglicher Elemente ist die schriftliche Zustimmung der Urheberrechtstr\u00e4ger im Voraus einzuholen.\" \/>\n<meta property=\"og:url\" content=\"https:\/\/www.autobau.ch\/de\/impressum\/\" \/>\n<meta property=\"og:site_name\" content=\"autobau erlebniswelt\" \/>\n<meta property=\"article:publisher\" content=\"https:\/\/www.facebook.com\/autobau.ch\/\" \/>\n<meta property=\"article:modified_time\" content=\"2023-06-20T14:34:50+00:00\" \/>\n<meta name=\"twitter:card\" content=\"summary_large_image\" \/>\n<meta name=\"twitter:label1\" content=\"Gesch\u00e4tzte Lesezeit\" \/>\n\t<meta name=\"twitter:data1\" content=\"1\u00a0Minute\" \/>\n<script type=\"application\/ld+json\" class=\"yoast-schema-graph\">{\"@context\":\"https:\\\/\\\/schema.org\",\"@graph\":[{\"@type\":\"WebPage\",\"@id\":\"https:\\\/\\\/www.autobau.ch\\\/de\\\/impressum\\\/\",\"url\":\"https:\\\/\\\/www.autobau.ch\\\/de\\\/impressum\\\/\",\"name\":\"Impressum - autobau erlebniswelt\",\"isPartOf\":{\"@id\":\"https:\\\/\\\/www.autobau.ch\\\/de\\\/#website\"},\"datePublished\":\"2018-03-19T19:38:31+00:00\",\"dateModified\":\"2023-06-20T14:34:50+00:00\",\"breadcrumb\":{\"@id\":\"https:\\\/\\\/www.autobau.ch\\\/de\\\/impressum\\\/#breadcrumb\"},\"inLanguage\":\"de\",\"potentialAction\":[{\"@type\":\"ReadAction\",\"target\":[\"https:\\\/\\\/www.autobau.ch\\\/de\\\/impressum\\\/\"]}]},{\"@type\":\"BreadcrumbList\",\"@id\":\"https:\\\/\\\/www.autobau.ch\\\/de\\\/impressum\\\/#breadcrumb\",\"itemListElement\":[{\"@type\":\"ListItem\",\"position\":1,\"name\":\"Home\",\"item\":\"https:\\\/\\\/www.autobau.ch\\\/de\\\/\"},{\"@type\":\"ListItem\",\"position\":2,\"name\":\"Impressum\"}]},{\"@type\":\"WebSite\",\"@id\":\"https:\\\/\\\/www.autobau.ch\\\/de\\\/#website\",\"url\":\"https:\\\/\\\/www.autobau.ch\\\/de\\\/\",\"name\":\"autobau erlebniswelt\",\"description\":\"EVENTS. MUSEUM. EMOTIONEN.\",\"publisher\":{\"@id\":\"https:\\\/\\\/www.autobau.ch\\\/de\\\/#organization\"},\"potentialAction\":[{\"@type\":\"SearchAction\",\"target\":{\"@type\":\"EntryPoint\",\"urlTemplate\":\"https:\\\/\\\/www.autobau.ch\\\/de\\\/?s={search_term_string}\"},\"query-input\":{\"@type\":\"PropertyValueSpecification\",\"valueRequired\":true,\"valueName\":\"search_term_string\"}}],\"inLanguage\":\"de\"},{\"@type\":\"Organization\",\"@id\":\"https:\\\/\\\/www.autobau.ch\\\/de\\\/#organization\",\"name\":\"autobau erlebniswelt\",\"url\":\"https:\\\/\\\/www.autobau.ch\\\/de\\\/\",\"logo\":{\"@type\":\"ImageObject\",\"inLanguage\":\"de\",\"@id\":\"https:\\\/\\\/www.autobau.ch\\\/de\\\/#\\\/schema\\\/logo\\\/image\\\/\",\"url\":\"https:\\\/\\\/www.autobau.ch\\\/wp-content\\\/uploads\\\/2018\\\/02\\\/Logo_ab_254x95.png\",\"contentUrl\":\"https:\\\/\\\/www.autobau.ch\\\/wp-content\\\/uploads\\\/2018\\\/02\\\/Logo_ab_254x95.png\",\"width\":254,\"height\":95,\"caption\":\"autobau erlebniswelt\"},\"image\":{\"@id\":\"https:\\\/\\\/www.autobau.ch\\\/de\\\/#\\\/schema\\\/logo\\\/image\\\/\"},\"sameAs\":[\"https:\\\/\\\/www.facebook.com\\\/autobau.ch\\\/\"]}]}<\/script>\n<!-- \/ Yoast SEO plugin. -->","yoast_head_json":{"title":"Impressum - autobau erlebniswelt","robots":{"index":"index","follow":"follow","max-snippet":"max-snippet:-1","max-image-preview":"max-image-preview:large","max-video-preview":"max-video-preview:-1"},"canonical":"https:\/\/www.autobau.ch\/de\/impressum\/","og_locale":"de_DE","og_type":"article","og_title":"Impressum - autobau erlebniswelt","og_description":"Impressum Kontaktadresse autobau AGEgnacherweg 78590 RomanshornSchweiz Tel.: +41 71 466 00 66 info(@)autobau.chwww.autobau.ch Gesch\u00e4ftsf\u00fchrer Yvonne St\u00fctz Verantwortlichen Redaktor Yvonne St\u00fctz UID CHE-100.947.029 Handelsregister-Nummer CH-440.3.009.287-7 Konzeption und Gestaltung Haftungsausschluss Der Autor \u00fcbernimmt keinerlei Gew\u00e4hr hinsichtlich der inhaltlichen Richtigkeit, Genauigkeit, Aktualit\u00e4t, Zuverl\u00e4ssigkeit und Vollst\u00e4ndigkeit der Informationen. Haftungsanspr\u00fcche gegen den Autor wegen Sch\u00e4den materieller oder immaterieller Art, welche aus dem Zugriff oder der Nutzung bzw. Nichtnutzung der ver\u00f6ffentlichten Informationen, durch Missbrauch der Verbindung oder durch technische St\u00f6rungen entstanden sind, werden ausgeschlossen. Alle Angebote sind unverbindlich. Der Autor beh\u00e4lt es sich ausdr\u00fccklich vor, Teile der Seiten oder das gesamte Angebot ohne gesonderte Ank\u00fcndigung zu ver\u00e4ndern, zu erg\u00e4nzen, zu l\u00f6schen oder die Ver\u00f6ffentlichung zeitweise oder endg\u00fcltig einzustellen. Haftung f\u00fcr Links Verweise und Links auf Webseiten Dritter liegen ausserhalb unseres Verantwortungsbereichs Es wird jegliche Verantwortung f\u00fcr solche Webseiten abgelehnt. Der Zugriff und die Nutzung solcher Webseiten erfolgen auf eigene Gefahr des Nutzers oder der Nutzerin. Urheberrechte Die Urheber- und alle anderen Rechte an Inhalten, Bildern, Fotos oder anderen Dateien auf der Website geh\u00f6ren ausschliesslich der Firma autobau AG oder den speziell genannten Rechtsinhabern. F\u00fcr die Reproduktion jeglicher Elemente ist die schriftliche Zustimmung der Urheberrechtstr\u00e4ger im Voraus einzuholen.","og_url":"https:\/\/www.autobau.ch\/de\/impressum\/","og_site_name":"autobau erlebniswelt","article_publisher":"https:\/\/www.facebook.com\/autobau.ch\/","article_modified_time":"2023-06-20T14:34:50+00:00","twitter_card":"summary_large_image","twitter_misc":{"Gesch\u00e4tzte Lesezeit":"1\u00a0Minute"},"schema":{"@context":"https:\/\/schema.org","@graph":[{"@type":"WebPage","@id":"https:\/\/www.autobau.ch\/de\/impressum\/","url":"https:\/\/www.autobau.ch\/de\/impressum\/","name":"Impressum - autobau erlebniswelt","isPartOf":{"@id":"https:\/\/www.autobau.ch\/de\/#website"},"datePublished":"2018-03-19T19:38:31+00:00","dateModified":"2023-06-20T14:34:50+00:00","breadcrumb":{"@id":"https:\/\/www.autobau.ch\/de\/impressum\/#breadcrumb"},"inLanguage":"de","potentialAction":[{"@type":"ReadAction","target":["https:\/\/www.autobau.ch\/de\/impressum\/"]}]},{"@type":"BreadcrumbList","@id":"https:\/\/www.autobau.ch\/de\/impressum\/#breadcrumb","itemListElement":[{"@type":"ListItem","position":1,"name":"Home","item":"https:\/\/www.autobau.ch\/de\/"},{"@type":"ListItem","position":2,"name":"Impressum"}]},{"@type":"WebSite","@id":"https:\/\/www.autobau.ch\/de\/#website","url":"https:\/\/www.autobau.ch\/de\/","name":"autobau erlebniswelt","description":"EVENTS. MUSEUM. EMOTIONEN.","publisher":{"@id":"https:\/\/www.autobau.ch\/de\/#organization"},"potentialAction":[{"@type":"SearchAction","target":{"@type":"EntryPoint","urlTemplate":"https:\/\/www.autobau.ch\/de\/?s={search_term_string}"},"query-input":{"@type":"PropertyValueSpecification","valueRequired":true,"valueName":"search_term_string"}}],"inLanguage":"de"},{"@type":"Organization","@id":"https:\/\/www.autobau.ch\/de\/#organization","name":"autobau erlebniswelt","url":"https:\/\/www.autobau.ch\/de\/","logo":{"@type":"ImageObject","inLanguage":"de","@id":"https:\/\/www.autobau.ch\/de\/#\/schema\/logo\/image\/","url":"https:\/\/www.autobau.ch\/wp-content\/uploads\/2018\/02\/Logo_ab_254x95.png","contentUrl":"https:\/\/www.autobau.ch\/wp-content\/uploads\/2018\/02\/Logo_ab_254x95.png","width":254,"height":95,"caption":"autobau erlebniswelt"},"image":{"@id":"https:\/\/www.autobau.ch\/de\/#\/schema\/logo\/image\/"},"sameAs":["https:\/\/www.facebook.com\/autobau.ch\/"]}]}},"_links":{"self":[{"href":"https:\/\/www.autobau.ch\/de\/wp-json\/wp\/v2\/pages\/2662","targetHints":{"allow":["GET"]}}],"collection":[{"href":"https:\/\/www.autobau.ch\/de\/wp-json\/wp\/v2\/pages"}],"about":[{"href":"https:\/\/www.autobau.ch\/de\/wp-json\/wp\/v2\/types\/page"}],"author":[{"embeddable":true,"href":"https:\/\/www.autobau.ch\/de\/wp-json\/wp\/v2\/users\/6"}],"replies":[{"embeddable":true,"href":"https:\/\/www.autobau.ch\/de\/wp-json\/wp\/v2\/comments?post=2662"}],"version-history":[{"count":0,"href":"https:\/\/www.autobau.ch\/de\/wp-json\/wp\/v2\/pages\/2662\/revisions"}],"wp:attachment":[{"href":"https:\/\/www.autobau.ch\/de\/wp-json\/wp\/v2\/media?parent=2662"}],"curies":[{"name":"wp","href":"https:\/\/api.w.org\/{rel}","templated":true}]}}