{"id":29140,"date":"2026-04-01T09:46:57","date_gmt":"2026-04-01T07:46:57","guid":{"rendered":"https:\/\/www.autobau.ch\/?page_id=29140"},"modified":"2026-04-14T15:19:09","modified_gmt":"2026-04-14T13:19:09","slug":"audi-quattro","status":"publish","type":"page","link":"https:\/\/www.autobau.ch\/de\/audi-quattro\/","title":{"rendered":"Sonderausstellung Audi quattro"},"content":{"rendered":"\t\t<div data-elementor-type=\"wp-page\" data-elementor-id=\"29140\" class=\"elementor elementor-29140\" data-elementor-post-type=\"page\">\n\t\t\t\t\t\t<section class=\"elementor-section elementor-top-section elementor-element elementor-element-99b9659 elementor-section-full_width elementor-section-height-default elementor-section-height-default\" data-id=\"99b9659\" data-element_type=\"section\" data-e-type=\"section\">\n\t\t\t\t\t\t<div class=\"elementor-container elementor-column-gap-default\">\n\t\t\t\t\t<div class=\"elementor-column elementor-col-100 elementor-top-column elementor-element elementor-element-6da2a29\" data-id=\"6da2a29\" data-element_type=\"column\" data-e-type=\"column\">\n\t\t\t<div class=\"elementor-widget-wrap elementor-element-populated\">\n\t\t\t\t\t\t<div class=\"elementor-element elementor-element-f2c06cc elementor-widget elementor-widget-main-title\" data-id=\"f2c06cc\" data-element_type=\"widget\" data-e-type=\"widget\" data-widget_type=\"main-title.default\">\n\t\t\t\t<div class=\"elementor-widget-container\">\n\t\t\t\t\t\n<div class=\"flex justify-center\">\n    <div class=\"max-w-[1190px] header-text text-center\">\n        <h1 class=\"fsize-48 relative !font-light pb-[25px] text-textcolor\">Sommer-Sonderausstellung Audi quattro<\/h1>\n    <\/div>\n<\/div>\t\t\t\t<\/div>\n\t\t\t\t<\/div>\n\t\t\t\t\t<\/div>\n\t\t<\/div>\n\t\t\t\t\t<\/div>\n\t\t<\/section>\n\t\t\t\t<section class=\"elementor-section elementor-top-section elementor-element elementor-element-8b94d97 elementor-section-full_width elementor-section-height-default elementor-section-height-default\" data-id=\"8b94d97\" data-element_type=\"section\" data-e-type=\"section\">\n\t\t\t\t\t\t<div class=\"elementor-container elementor-column-gap-default\">\n\t\t\t\t\t<div class=\"elementor-column elementor-col-100 elementor-top-column elementor-element elementor-element-196f99c\" data-id=\"196f99c\" data-element_type=\"column\" data-e-type=\"column\">\n\t\t\t<div class=\"elementor-widget-wrap elementor-element-populated\">\n\t\t\t\t\t\t<div class=\"elementor-element elementor-element-c9111c3 elementor-arrows-position-inside elementor-pagination-position-outside elementor-widget elementor-widget-image-carousel\" data-id=\"c9111c3\" data-element_type=\"widget\" data-e-type=\"widget\" data-settings=\"{&quot;slides_to_show&quot;:&quot;3&quot;,&quot;image_spacing_custom&quot;:{&quot;unit&quot;:&quot;px&quot;,&quot;size&quot;:30,&quot;sizes&quot;:[]},&quot;navigation&quot;:&quot;both&quot;,&quot;autoplay&quot;:&quot;yes&quot;,&quot;pause_on_hover&quot;:&quot;yes&quot;,&quot;pause_on_interaction&quot;:&quot;yes&quot;,&quot;autoplay_speed&quot;:5000,&quot;infinite&quot;:&quot;yes&quot;,&quot;speed&quot;:500,&quot;image_spacing_custom_tablet&quot;:{&quot;unit&quot;:&quot;px&quot;,&quot;size&quot;:&quot;&quot;,&quot;sizes&quot;:[]},&quot;image_spacing_custom_mobile&quot;:{&quot;unit&quot;:&quot;px&quot;,&quot;size&quot;:&quot;&quot;,&quot;sizes&quot;:[]}}\" data-widget_type=\"image-carousel.default\">\n\t\t\t\t<div class=\"elementor-widget-container\">\n\t\t\t\t\t\t\t<div class=\"elementor-image-carousel-wrapper swiper\" role=\"region\" aria-roledescription=\"carousel\" aria-label=\"Bild Karussell\" dir=\"ltr\">\n\t\t\t<div class=\"elementor-image-carousel swiper-wrapper\" aria-live=\"off\">\n\t\t\t\t\t\t\t\t<div class=\"swiper-slide\" role=\"group\" aria-roledescription=\"slide\" aria-label=\"1 von 6\"><a data-elementor-open-lightbox=\"yes\" data-elementor-lightbox-slideshow=\"c9111c3\" data-elementor-lightbox-title=\"Audi quattro\" data-elementor-lightbox-description=\"Sommer-Sonderschau Audi quattro - autobau erlebniswelt\" data-e-action-hash=\"#elementor-action%3Aaction%3Dlightbox%26settings%3DeyJpZCI6Mjk1MDQsInVybCI6Imh0dHBzOlwvXC93d3cuYXV0b2JhdS5jaFwvd3AtY29udGVudFwvdXBsb2Fkc1wvMjAyNlwvMDRcL1RoZVdvU3RyYXNzZV8yMDEzMDcwNy04NC1zY2FsZWQuanBnIiwic2xpZGVzaG93IjoiYzkxMTFjMyJ9\" href=\"https:\/\/www.autobau.ch\/wp-content\/uploads\/2026\/04\/TheWoStrasse_20130707-84-scaled.jpg\"><figure class=\"swiper-slide-inner\"><img decoding=\"async\" class=\"swiper-slide-image\" src=\"https:\/\/www.autobau.ch\/wp-content\/uploads\/2026\/04\/TheWoStrasse_20130707-84-580x360.jpg\" alt=\"Sommer-Sonderschau Audi quattro - autobau erlebniswelt\" \/><\/figure><\/a><\/div><div class=\"swiper-slide\" role=\"group\" aria-roledescription=\"slide\" aria-label=\"2 von 6\"><a data-elementor-open-lightbox=\"yes\" data-elementor-lightbox-slideshow=\"c9111c3\" data-elementor-lightbox-title=\"Audi 200 TransAM\" data-elementor-lightbox-description=\"Sommer-Sonderschau Audi quattro - autobau erlebniswelt\" data-e-action-hash=\"#elementor-action%3Aaction%3Dlightbox%26settings%3DeyJpZCI6Mjk1MDUsInVybCI6Imh0dHBzOlwvXC93d3cuYXV0b2JhdS5jaFwvd3AtY29udGVudFwvdXBsb2Fkc1wvMjAyNlwvMDRcLzIwMC1UcmFuc0FNLXNjYWxlZC5qcGciLCJzbGlkZXNob3ciOiJjOTExMWMzIn0%3D\" href=\"https:\/\/www.autobau.ch\/wp-content\/uploads\/2026\/04\/200-TransAM-scaled.jpg\"><figure class=\"swiper-slide-inner\"><img decoding=\"async\" class=\"swiper-slide-image\" src=\"https:\/\/www.autobau.ch\/wp-content\/uploads\/2026\/04\/200-TransAM-580x360.jpg\" alt=\"Sommer-Sonderschau Audi quattro - autobau erlebniswelt\" \/><\/figure><\/a><\/div><div class=\"swiper-slide\" role=\"group\" aria-roledescription=\"slide\" aria-label=\"3 von 6\"><a data-elementor-open-lightbox=\"yes\" data-elementor-lightbox-slideshow=\"c9111c3\" data-elementor-lightbox-title=\"Audi quattro Sport\" data-elementor-lightbox-description=\"Sommer-Sonderschau Audi quattro - autobau erlebniswelt\" data-e-action-hash=\"#elementor-action%3Aaction%3Dlightbox%26settings%3DeyJpZCI6Mjk1MDYsInVybCI6Imh0dHBzOlwvXC93d3cuYXV0b2JhdS5jaFwvd3AtY29udGVudFwvdXBsb2Fkc1wvMjAyNlwvMDRcL0F1ZGktcXVhdHRyby1TcG9ydC1zY2FsZWQuanBnIiwic2xpZGVzaG93IjoiYzkxMTFjMyJ9\" href=\"https:\/\/www.autobau.ch\/wp-content\/uploads\/2026\/04\/Audi-quattro-Sport-scaled.jpg\"><figure class=\"swiper-slide-inner\"><img decoding=\"async\" class=\"swiper-slide-image\" src=\"https:\/\/www.autobau.ch\/wp-content\/uploads\/2026\/04\/Audi-quattro-Sport-580x360.jpg\" alt=\"Sommer-Sonderschau Audi quattro - autobau erlebniswelt\" \/><\/figure><\/a><\/div><div class=\"swiper-slide\" role=\"group\" aria-roledescription=\"slide\" aria-label=\"4 von 6\"><a data-elementor-open-lightbox=\"yes\" data-elementor-lightbox-slideshow=\"c9111c3\" data-elementor-lightbox-title=\"Audi quattro Turbo\" data-elementor-lightbox-description=\"Sommer-Sonderschau Audi quattro - autobau erlebniswelt\" data-e-action-hash=\"#elementor-action%3Aaction%3Dlightbox%26settings%3DeyJpZCI6Mjk1MDcsInVybCI6Imh0dHBzOlwvXC93d3cuYXV0b2JhdS5jaFwvd3AtY29udGVudFwvdXBsb2Fkc1wvMjAyNlwvMDRcL0F1ZGktcXVhdHRyby1UdXJiby5qcGciLCJzbGlkZXNob3ciOiJjOTExMWMzIn0%3D\" href=\"https:\/\/www.autobau.ch\/wp-content\/uploads\/2026\/04\/Audi-quattro-Turbo.jpg\"><figure class=\"swiper-slide-inner\"><img decoding=\"async\" class=\"swiper-slide-image\" src=\"https:\/\/www.autobau.ch\/wp-content\/uploads\/2026\/04\/Audi-quattro-Turbo-580x360.jpg\" alt=\"Sommer-Sonderschau Audi quattro - autobau erlebniswelt\" \/><\/figure><\/a><\/div><div class=\"swiper-slide\" role=\"group\" aria-roledescription=\"slide\" aria-label=\"5 von 6\"><a data-elementor-open-lightbox=\"yes\" data-elementor-lightbox-slideshow=\"c9111c3\" data-elementor-lightbox-title=\"Audi Quattro\" data-elementor-lightbox-description=\"Sommer-Sonderschau Audi quattro - autobau erlebniswelt\" data-e-action-hash=\"#elementor-action%3Aaction%3Dlightbox%26settings%3DeyJpZCI6Mjk1MDgsInVybCI6Imh0dHBzOlwvXC93d3cuYXV0b2JhdS5jaFwvd3AtY29udGVudFwvdXBsb2Fkc1wvMjAyNlwvMDRcL1NULi1CZXJuaGFyZC1GYWVzc2xlci5qcGciLCJzbGlkZXNob3ciOiJjOTExMWMzIn0%3D\" href=\"https:\/\/www.autobau.ch\/wp-content\/uploads\/2026\/04\/ST.-Bernhard-Faessler.jpg\"><figure class=\"swiper-slide-inner\"><img decoding=\"async\" class=\"swiper-slide-image\" src=\"https:\/\/www.autobau.ch\/wp-content\/uploads\/2026\/04\/ST.-Bernhard-Faessler-580x360.jpg\" alt=\"Sommer-Sonderschau Audi quattro - autobau erlebniswelt\/FOTO DANI REINHARD, Marcel F\u00e4ssler, Audi Quattro\" \/><\/figure><\/a><\/div><div class=\"swiper-slide\" role=\"group\" aria-roledescription=\"slide\" aria-label=\"6 von 6\"><a data-elementor-open-lightbox=\"yes\" data-elementor-lightbox-slideshow=\"c9111c3\" data-elementor-lightbox-title=\"80 Competition STW\" data-elementor-lightbox-description=\"Sommer-Sonderschau Audi quattro - autobau erlebniswelt\" data-e-action-hash=\"#elementor-action%3Aaction%3Dlightbox%26settings%3DeyJpZCI6Mjk0OTksInVybCI6Imh0dHBzOlwvXC93d3cuYXV0b2JhdS5jaFwvd3AtY29udGVudFwvdXBsb2Fkc1wvMjAyNlwvMDRcLzgwLUNvbXBldGl0aW9uLVNUVy1zY2FsZWQuanBnIiwic2xpZGVzaG93IjoiYzkxMTFjMyJ9\" href=\"https:\/\/www.autobau.ch\/wp-content\/uploads\/2026\/04\/80-Competition-STW-scaled.jpg\"><figure class=\"swiper-slide-inner\"><img decoding=\"async\" class=\"swiper-slide-image\" src=\"https:\/\/www.autobau.ch\/wp-content\/uploads\/2026\/04\/80-Competition-STW-580x360.jpg\" alt=\"Sommer-Sonderschau Audi quattro - autobau erlebniswelt\" \/><\/figure><\/a><\/div>\t\t\t<\/div>\n\t\t\t\t\t\t\t\t\t\t\t\t<div class=\"elementor-swiper-button elementor-swiper-button-prev\" role=\"button\" tabindex=\"0\">\n\t\t\t\t\t\t<i aria-hidden=\"true\" class=\"eicon-chevron-left\"><\/i>\t\t\t\t\t<\/div>\n\t\t\t\t\t<div class=\"elementor-swiper-button elementor-swiper-button-next\" role=\"button\" tabindex=\"0\">\n\t\t\t\t\t\t<i aria-hidden=\"true\" class=\"eicon-chevron-right\"><\/i>\t\t\t\t\t<\/div>\n\t\t\t\t\n\t\t\t\t\t\t\t\t\t<div class=\"swiper-pagination\"><\/div>\n\t\t\t\t\t\t\t\t\t<\/div>\n\t\t\t\t\t\t<\/div>\n\t\t\t\t<\/div>\n\t\t\t\t\t<\/div>\n\t\t<\/div>\n\t\t\t\t\t<\/div>\n\t\t<\/section>\n\t\t\t\t<section class=\"elementor-section elementor-top-section elementor-element elementor-element-d9a66a4 elementor-section-full_width elementor-section-height-default elementor-section-height-default\" data-id=\"d9a66a4\" data-element_type=\"section\" data-e-type=\"section\">\n\t\t\t\t\t\t<div class=\"elementor-container elementor-column-gap-default\">\n\t\t\t\t\t<div class=\"elementor-column elementor-col-100 elementor-top-column elementor-element elementor-element-d6f5621\" data-id=\"d6f5621\" data-element_type=\"column\" data-e-type=\"column\">\n\t\t\t<div class=\"elementor-widget-wrap elementor-element-populated\">\n\t\t\t\t\t\t<div class=\"elementor-element elementor-element-86807c4 elementor-widget elementor-widget-textabschnitt\" data-id=\"86807c4\" data-element_type=\"widget\" data-e-type=\"widget\" data-widget_type=\"textabschnitt.default\">\n\t\t\t\t<div class=\"elementor-widget-container\">\n\t\t\t\t\t\n\n<div class=\"newspaper-section columns-3  col-span-full gap-[40px] below-laptop:columns-1 below-laptop:gap-0 children-font-light\">\n        <div  ><h3 class=\"mb-25 newspaper-main-title block font-light\">Der Rallye-Mythos Quattro lebt<\/h3><\/div>\n        <div  ><h2><strong>Samstag, 27. Juni bis Ende September 2026<\/strong><\/h2><p><style>\na {<br \/>\n    text-decoration: none;<br \/>\n    color: #464feb;<br \/>\n}<br \/>\ntr th, tr td {<br \/>\n    border: 1px solid #e6e6e6;<br \/>\n}<br \/>\ntr th {<br \/>\n    background-color: #f5f5f5;<br \/>\n}<br \/>\n<\/style><\/p><div><p><strong>Erlebe diesen Sommer eine einzigartige Sonderausstellung in der autobau erlebniswelt:<\/strong><br \/>Im Mittelpunkt stehen die legend\u00e4ren Audi\u2011Rallyefahrzeuge ab 1981, jene Modelle, die mit ihrem damals revolution\u00e4ren Quattro\u2011Vierradantrieb den internationalen Rallyesport nachhaltig ver\u00e4nderten. Ihre \u00fcberragende Technik und Performance machten sie in k\u00fcrzester Zeit zu echten Siegmaschinen und unvergesslichen Ikonen des Motorsports.<\/p><p>In dieser exklusiven Sommer\u2011Sonderausstellung \u00f6ffnet Daniel Bachmann \u2013 Garagist, Rennmechaniker und leidenschaftlicher Bewahrer seltener Audi\u2011Ersatzteile \u2013 seine private Schatzkammer. Gleich vier seiner historischen Audi quattros stellt er f\u00fcr die Ausstellung zur Verf\u00fcgung. Erg\u00e4nzt wird die Sammlung durch einen Audi 80 Competition STW sowie einen beeindruckenden Audi 200 TransAM.<\/p><p>Damit nicht genug: Als wahres Audi\u2011Lexikon wird Daniel Bachmann einen Roll\u2011out in der autobau erlebniswelt moderieren. Dabei teilt er sein profundes Fachwissen, erz\u00e4hlt Geschichten aus dem Motorsport und bietet einzigartige Einblicke f\u00fcr alle Audi\u2011Fans und Rallyebegeisterten.<\/p><\/div><\/div>\n<\/div>\t\t\t\t<\/div>\n\t\t\t\t<\/div>\n\t\t\t\t<div class=\"elementor-element elementor-element-04031b9 elementor-widget elementor-widget-image-text\" data-id=\"04031b9\" data-element_type=\"widget\" data-e-type=\"widget\" data-widget_type=\"image-text.default\">\n\t\t\t\t<div class=\"elementor-widget-container\">\n\t\t\t\t\t\n<div class=\"image-text flex lg:flex-wrap font-light mob-change:flex-col  \">\n    <div class=\"basis-1\/3 below-large-laptop:basis-2\/5 lg-flex-basis-1 lg:!flex-[0_0_100%] below-laptop:mb-40 below-laptop: min-above-lg:mr-25 text-col\" >\n        <h3  ><span class=\"text-brand text-[30px] leading-[30px] block mb-[20px] font-klavika font-light\">Ausgestellte Fahrzeuge und Events<\/span><\/h3>\n        <div  ><ul><li>Audi quattro\u00a0<\/li><li>Audi 200 Trans AM<\/li><li>Audi 80 Competition STW<\/li><\/ul><p><a href=\"https:\/\/shop.e-guma.ch\/autobau-erlebniswelt\/de\/events\/pitwalk-und-roll-out-1524032\">Roll out<\/a> am <strong>Samstag, 27. Juni 2026 ab 14 Uhr<\/strong> mit Daniel Bachmann und weiteren Audi-Kennern. Weitere Informationen folgen.\u00a0<\/p><p>\u00a0<\/p><p>\u00a0<\/p><\/div>\n        \n        \n                    <div class=\"button-group text-button gap-10 flex flex-wrap mt-20\">\n                \n                                \n                \n                                    <a class=\"text-[18px]\" style=\"padding: 7px 15px;\" target=\"_blank\" href=\"https:\/\/shop.e-guma.ch\/autobau-erlebniswelt\/de\/tickets\/\">Tickets buchen<\/a>\n                            <\/div>\n            <\/div>        \n    \n    <div class=\"basis-2\/3 below-large-laptop:basis-3\/5 lg-flex-basis-1 lg:!flex-[0_0_100%] below-laptop:mb-30 mob-change:ml-[calc(50%-50vw)] mob-change:mr-[calc(50%-50vw)] relative \" >\n        <img decoding=\"async\" class=\"w-full max-w-[1190px] hp:hidden autobau-lazy-load relative\" \n        src=\"https:\/\/www.autobau.ch\/wp-content\/uploads\/2026\/04\/80-Competition-STW-1190x670.jpg\" alt=\"\" title=\"\" \/>\n        <img decoding=\"async\" src=\"https:\/\/www.autobau.ch\/wp-content\/uploads\/2026\/04\/80-Competition-STW-640x640.jpg\" class=\"w-full relative h-auto min-hp:hidden\" alt=\"\" title=\"\" \/>\n    <\/div>\n<\/div>\t\t\t\t<\/div>\n\t\t\t\t<\/div>\n\t\t\t\t\t<\/div>\n\t\t<\/div>\n\t\t\t\t\t<\/div>\n\t\t<\/section>\n\t\t\t\t<\/div>\n\t\t","protected":false},"excerpt":{"rendered":"<p>Sommer-Sonderausstellung Audi quattro Der Rallye-Mythos Quattro lebt Samstag, 27. Juni bis Ende September 2026 Erlebe diesen Sommer eine einzigartige Sonderausstellung in der autobau erlebniswelt:Im Mittelpunkt stehen die legend\u00e4ren Audi\u2011Rallyefahrzeuge ab 1981, jene Modelle, die mit ihrem damals revolution\u00e4ren Quattro\u2011Vierradantrieb den internationalen Rallyesport nachhaltig ver\u00e4nderten. Ihre \u00fcberragende Technik und Performance machten sie in k\u00fcrzester Zeit zu echten Siegmaschinen und unvergesslichen Ikonen des Motorsports. In dieser exklusiven Sommer\u2011Sonderausstellung \u00f6ffnet Daniel Bachmann \u2013 Garagist, Rennmechaniker und leidenschaftlicher Bewahrer seltener Audi\u2011Ersatzteile \u2013 seine private Schatzkammer. Gleich vier seiner historischen Audi quattros stellt er f\u00fcr die Ausstellung zur Verf\u00fcgung. Erg\u00e4nzt wird die Sammlung durch einen Audi 80 Competition STW sowie einen beeindruckenden Audi 200 TransAM. Damit nicht genug: Als wahres Audi\u2011Lexikon wird Daniel Bachmann einen Roll\u2011out in der autobau erlebniswelt moderieren. Dabei teilt er sein profundes Fachwissen, erz\u00e4hlt Geschichten aus dem Motorsport und bietet einzigartige Einblicke f\u00fcr alle Audi\u2011Fans und Rallyebegeisterten. Ausgestellte Fahrzeuge und Events Audi quattro\u00a0 Audi 200 Trans AM Audi 80 Competition STW Roll out am Samstag, 27. Juni 2026 ab 14 Uhr mit Daniel Bachmann und weiteren Audi-Kennern. Weitere Informationen folgen.\u00a0 \u00a0 \u00a0 Tickets buchen<\/p>\n","protected":false},"author":9,"featured_media":29499,"parent":0,"menu_order":0,"comment_status":"closed","ping_status":"closed","template":"","meta":{"_acf_changed":false,"footnotes":""},"class_list":["post-29140","page","type-page","status-publish","has-post-thumbnail","hentry"],"acf":[],"yoast_head":"<!-- This site is optimized with the Yoast SEO plugin v27.3 - https:\/\/yoast.com\/product\/yoast-seo-wordpress\/ -->\n<title>Sonderausstellung Audi quattro - autobau erlebniswelt<\/title>\n<meta name=\"description\" content=\"Sonderausstellung mit vier Audi quattro, einem 200 Trans AM und einem 80 Competition STW. Ab Samstag, 27. Juni bis 30. September 2026.\" \/>\n<meta name=\"robots\" content=\"index, follow, max-snippet:-1, max-image-preview:large, max-video-preview:-1\" \/>\n<link rel=\"canonical\" href=\"https:\/\/www.autobau.ch\/de\/audi-quattro\/\" \/>\n<meta property=\"og:locale\" content=\"de_DE\" \/>\n<meta property=\"og:type\" content=\"article\" \/>\n<meta property=\"og:title\" content=\"Sonderausstellung Audi quattro - autobau erlebniswelt\" \/>\n<meta property=\"og:description\" content=\"Sonderausstellung mit vier Audi quattro, einem 200 Trans AM und einem 80 Competition STW. Ab Samstag, 27. Juni bis 30. September 2026.\" \/>\n<meta property=\"og:url\" content=\"https:\/\/www.autobau.ch\/de\/audi-quattro\/\" \/>\n<meta property=\"og:site_name\" content=\"autobau erlebniswelt\" \/>\n<meta property=\"article:publisher\" content=\"https:\/\/www.facebook.com\/autobau.ch\/\" \/>\n<meta property=\"article:modified_time\" content=\"2026-04-14T13:19:09+00:00\" \/>\n<meta property=\"og:image\" content=\"https:\/\/www.autobau.ch\/wp-content\/uploads\/2026\/04\/80-Competition-STW-scaled.jpg\" \/>\n\t<meta property=\"og:image:width\" content=\"2560\" \/>\n\t<meta property=\"og:image:height\" content=\"1709\" \/>\n\t<meta property=\"og:image:type\" content=\"image\/jpeg\" \/>\n<meta name=\"twitter:card\" content=\"summary_large_image\" \/>\n<meta name=\"twitter:label1\" content=\"Gesch\u00e4tzte Lesezeit\" \/>\n\t<meta name=\"twitter:data1\" content=\"4\u00a0Minuten\" \/>\n<script type=\"application\/ld+json\" class=\"yoast-schema-graph\">{\"@context\":\"https:\\\/\\\/schema.org\",\"@graph\":[{\"@type\":\"WebPage\",\"@id\":\"https:\\\/\\\/www.autobau.ch\\\/de\\\/audi-quattro\\\/\",\"url\":\"https:\\\/\\\/www.autobau.ch\\\/de\\\/audi-quattro\\\/\",\"name\":\"Sonderausstellung Audi quattro - autobau erlebniswelt\",\"isPartOf\":{\"@id\":\"https:\\\/\\\/www.autobau.ch\\\/de\\\/#website\"},\"primaryImageOfPage\":{\"@id\":\"https:\\\/\\\/www.autobau.ch\\\/de\\\/audi-quattro\\\/#primaryimage\"},\"image\":{\"@id\":\"https:\\\/\\\/www.autobau.ch\\\/de\\\/audi-quattro\\\/#primaryimage\"},\"thumbnailUrl\":\"https:\\\/\\\/www.autobau.ch\\\/wp-content\\\/uploads\\\/2026\\\/04\\\/80-Competition-STW-scaled.jpg\",\"datePublished\":\"2026-04-01T07:46:57+00:00\",\"dateModified\":\"2026-04-14T13:19:09+00:00\",\"description\":\"Sonderausstellung mit vier Audi quattro, einem 200 Trans AM und einem 80 Competition STW. Ab Samstag, 27. Juni bis 30. September 2026.\",\"breadcrumb\":{\"@id\":\"https:\\\/\\\/www.autobau.ch\\\/de\\\/audi-quattro\\\/#breadcrumb\"},\"inLanguage\":\"de\",\"potentialAction\":[{\"@type\":\"ReadAction\",\"target\":[\"https:\\\/\\\/www.autobau.ch\\\/de\\\/audi-quattro\\\/\"]}]},{\"@type\":\"ImageObject\",\"inLanguage\":\"de\",\"@id\":\"https:\\\/\\\/www.autobau.ch\\\/de\\\/audi-quattro\\\/#primaryimage\",\"url\":\"https:\\\/\\\/www.autobau.ch\\\/wp-content\\\/uploads\\\/2026\\\/04\\\/80-Competition-STW-scaled.jpg\",\"contentUrl\":\"https:\\\/\\\/www.autobau.ch\\\/wp-content\\\/uploads\\\/2026\\\/04\\\/80-Competition-STW-scaled.jpg\",\"width\":2560,\"height\":1709,\"caption\":\"Sommer-Sonderschau Audi quattro - autobau erlebniswelt\"},{\"@type\":\"BreadcrumbList\",\"@id\":\"https:\\\/\\\/www.autobau.ch\\\/de\\\/audi-quattro\\\/#breadcrumb\",\"itemListElement\":[{\"@type\":\"ListItem\",\"position\":1,\"name\":\"Home\",\"item\":\"https:\\\/\\\/www.autobau.ch\\\/de\\\/\"},{\"@type\":\"ListItem\",\"position\":2,\"name\":\"Sonderausstellung Audi quattro\"}]},{\"@type\":\"WebSite\",\"@id\":\"https:\\\/\\\/www.autobau.ch\\\/de\\\/#website\",\"url\":\"https:\\\/\\\/www.autobau.ch\\\/de\\\/\",\"name\":\"autobau erlebniswelt\",\"description\":\"EVENTS. MUSEUM. EMOTIONEN.\",\"publisher\":{\"@id\":\"https:\\\/\\\/www.autobau.ch\\\/de\\\/#organization\"},\"potentialAction\":[{\"@type\":\"SearchAction\",\"target\":{\"@type\":\"EntryPoint\",\"urlTemplate\":\"https:\\\/\\\/www.autobau.ch\\\/de\\\/?s={search_term_string}\"},\"query-input\":{\"@type\":\"PropertyValueSpecification\",\"valueRequired\":true,\"valueName\":\"search_term_string\"}}],\"inLanguage\":\"de\"},{\"@type\":\"Organization\",\"@id\":\"https:\\\/\\\/www.autobau.ch\\\/de\\\/#organization\",\"name\":\"autobau erlebniswelt\",\"url\":\"https:\\\/\\\/www.autobau.ch\\\/de\\\/\",\"logo\":{\"@type\":\"ImageObject\",\"inLanguage\":\"de\",\"@id\":\"https:\\\/\\\/www.autobau.ch\\\/de\\\/#\\\/schema\\\/logo\\\/image\\\/\",\"url\":\"https:\\\/\\\/www.autobau.ch\\\/wp-content\\\/uploads\\\/2018\\\/02\\\/Logo_ab_254x95.png\",\"contentUrl\":\"https:\\\/\\\/www.autobau.ch\\\/wp-content\\\/uploads\\\/2018\\\/02\\\/Logo_ab_254x95.png\",\"width\":254,\"height\":95,\"caption\":\"autobau erlebniswelt\"},\"image\":{\"@id\":\"https:\\\/\\\/www.autobau.ch\\\/de\\\/#\\\/schema\\\/logo\\\/image\\\/\"},\"sameAs\":[\"https:\\\/\\\/www.facebook.com\\\/autobau.ch\\\/\"]}]}<\/script>\n<!-- \/ Yoast SEO plugin. -->","yoast_head_json":{"title":"Sonderausstellung Audi quattro - autobau erlebniswelt","description":"Sonderausstellung mit vier Audi quattro, einem 200 Trans AM und einem 80 Competition STW. Ab Samstag, 27. Juni bis 30. September 2026.","robots":{"index":"index","follow":"follow","max-snippet":"max-snippet:-1","max-image-preview":"max-image-preview:large","max-video-preview":"max-video-preview:-1"},"canonical":"https:\/\/www.autobau.ch\/de\/audi-quattro\/","og_locale":"de_DE","og_type":"article","og_title":"Sonderausstellung Audi quattro - autobau erlebniswelt","og_description":"Sonderausstellung mit vier Audi quattro, einem 200 Trans AM und einem 80 Competition STW. Ab Samstag, 27. Juni bis 30. September 2026.","og_url":"https:\/\/www.autobau.ch\/de\/audi-quattro\/","og_site_name":"autobau erlebniswelt","article_publisher":"https:\/\/www.facebook.com\/autobau.ch\/","article_modified_time":"2026-04-14T13:19:09+00:00","og_image":[{"width":2560,"height":1709,"url":"https:\/\/www.autobau.ch\/wp-content\/uploads\/2026\/04\/80-Competition-STW-scaled.jpg","type":"image\/jpeg"}],"twitter_card":"summary_large_image","twitter_misc":{"Gesch\u00e4tzte Lesezeit":"4\u00a0Minuten"},"schema":{"@context":"https:\/\/schema.org","@graph":[{"@type":"WebPage","@id":"https:\/\/www.autobau.ch\/de\/audi-quattro\/","url":"https:\/\/www.autobau.ch\/de\/audi-quattro\/","name":"Sonderausstellung Audi quattro - autobau erlebniswelt","isPartOf":{"@id":"https:\/\/www.autobau.ch\/de\/#website"},"primaryImageOfPage":{"@id":"https:\/\/www.autobau.ch\/de\/audi-quattro\/#primaryimage"},"image":{"@id":"https:\/\/www.autobau.ch\/de\/audi-quattro\/#primaryimage"},"thumbnailUrl":"https:\/\/www.autobau.ch\/wp-content\/uploads\/2026\/04\/80-Competition-STW-scaled.jpg","datePublished":"2026-04-01T07:46:57+00:00","dateModified":"2026-04-14T13:19:09+00:00","description":"Sonderausstellung mit vier Audi quattro, einem 200 Trans AM und einem 80 Competition STW. Ab Samstag, 27. Juni bis 30. September 2026.","breadcrumb":{"@id":"https:\/\/www.autobau.ch\/de\/audi-quattro\/#breadcrumb"},"inLanguage":"de","potentialAction":[{"@type":"ReadAction","target":["https:\/\/www.autobau.ch\/de\/audi-quattro\/"]}]},{"@type":"ImageObject","inLanguage":"de","@id":"https:\/\/www.autobau.ch\/de\/audi-quattro\/#primaryimage","url":"https:\/\/www.autobau.ch\/wp-content\/uploads\/2026\/04\/80-Competition-STW-scaled.jpg","contentUrl":"https:\/\/www.autobau.ch\/wp-content\/uploads\/2026\/04\/80-Competition-STW-scaled.jpg","width":2560,"height":1709,"caption":"Sommer-Sonderschau Audi quattro - autobau erlebniswelt"},{"@type":"BreadcrumbList","@id":"https:\/\/www.autobau.ch\/de\/audi-quattro\/#breadcrumb","itemListElement":[{"@type":"ListItem","position":1,"name":"Home","item":"https:\/\/www.autobau.ch\/de\/"},{"@type":"ListItem","position":2,"name":"Sonderausstellung Audi quattro"}]},{"@type":"WebSite","@id":"https:\/\/www.autobau.ch\/de\/#website","url":"https:\/\/www.autobau.ch\/de\/","name":"autobau erlebniswelt","description":"EVENTS. MUSEUM. EMOTIONEN.","publisher":{"@id":"https:\/\/www.autobau.ch\/de\/#organization"},"potentialAction":[{"@type":"SearchAction","target":{"@type":"EntryPoint","urlTemplate":"https:\/\/www.autobau.ch\/de\/?s={search_term_string}"},"query-input":{"@type":"PropertyValueSpecification","valueRequired":true,"valueName":"search_term_string"}}],"inLanguage":"de"},{"@type":"Organization","@id":"https:\/\/www.autobau.ch\/de\/#organization","name":"autobau erlebniswelt","url":"https:\/\/www.autobau.ch\/de\/","logo":{"@type":"ImageObject","inLanguage":"de","@id":"https:\/\/www.autobau.ch\/de\/#\/schema\/logo\/image\/","url":"https:\/\/www.autobau.ch\/wp-content\/uploads\/2018\/02\/Logo_ab_254x95.png","contentUrl":"https:\/\/www.autobau.ch\/wp-content\/uploads\/2018\/02\/Logo_ab_254x95.png","width":254,"height":95,"caption":"autobau erlebniswelt"},"image":{"@id":"https:\/\/www.autobau.ch\/de\/#\/schema\/logo\/image\/"},"sameAs":["https:\/\/www.facebook.com\/autobau.ch\/"]}]}},"_links":{"self":[{"href":"https:\/\/www.autobau.ch\/de\/wp-json\/wp\/v2\/pages\/29140","targetHints":{"allow":["GET"]}}],"collection":[{"href":"https:\/\/www.autobau.ch\/de\/wp-json\/wp\/v2\/pages"}],"about":[{"href":"https:\/\/www.autobau.ch\/de\/wp-json\/wp\/v2\/types\/page"}],"author":[{"embeddable":true,"href":"https:\/\/www.autobau.ch\/de\/wp-json\/wp\/v2\/users\/9"}],"replies":[{"embeddable":true,"href":"https:\/\/www.autobau.ch\/de\/wp-json\/wp\/v2\/comments?post=29140"}],"version-history":[{"count":8,"href":"https:\/\/www.autobau.ch\/de\/wp-json\/wp\/v2\/pages\/29140\/revisions"}],"predecessor-version":[{"id":29773,"href":"https:\/\/www.autobau.ch\/de\/wp-json\/wp\/v2\/pages\/29140\/revisions\/29773"}],"wp:featuredmedia":[{"embeddable":true,"href":"https:\/\/www.autobau.ch\/de\/wp-json\/wp\/v2\/media\/29499"}],"wp:attachment":[{"href":"https:\/\/www.autobau.ch\/de\/wp-json\/wp\/v2\/media?parent=29140"}],"curies":[{"name":"wp","href":"https:\/\/api.w.org\/{rel}","templated":true}]}}