{"id":29689,"date":"2026-04-13T15:30:52","date_gmt":"2026-04-13T13:30:52","guid":{"rendered":"https:\/\/www.autobau.ch\/?page_id=29689"},"modified":"2026-04-14T15:13:42","modified_gmt":"2026-04-14T13:13:42","slug":"autobau-dachwohnung","status":"publish","type":"page","link":"https:\/\/www.autobau.ch\/de\/autobau-dachwohnung\/","title":{"rendered":"Zu vermieten"},"content":{"rendered":"\t\t<div data-elementor-type=\"wp-page\" data-elementor-id=\"29689\" class=\"elementor elementor-29689\" data-elementor-post-type=\"page\">\n\t\t\t\t\t\t<section class=\"elementor-section elementor-top-section elementor-element elementor-element-6f0055a elementor-section-full_width elementor-section-height-default elementor-section-height-default\" data-id=\"6f0055a\" data-element_type=\"section\" data-e-type=\"section\">\n\t\t\t\t\t\t<div class=\"elementor-container elementor-column-gap-default\">\n\t\t\t\t\t<div class=\"elementor-column elementor-col-100 elementor-top-column elementor-element elementor-element-3f83a6e\" data-id=\"3f83a6e\" data-element_type=\"column\" data-e-type=\"column\">\n\t\t\t<div class=\"elementor-widget-wrap elementor-element-populated\">\n\t\t\t\t\t\t<div class=\"elementor-element elementor-element-4f7bc2c elementor-widget elementor-widget-main-title\" data-id=\"4f7bc2c\" data-element_type=\"widget\" data-e-type=\"widget\" data-widget_type=\"main-title.default\">\n\t\t\t\t<div class=\"elementor-widget-container\">\n\t\t\t\t\t\n<div class=\"flex justify-center\">\n    <div class=\"max-w-[1190px] header-text text-center\">\n        <h1 class=\"fsize-48 relative !font-light pb-[25px] text-textcolor\">Sch\u00f6ne Dachwohnung zu vermieten<\/h1>\n    <\/div>\n<\/div>\t\t\t\t<\/div>\n\t\t\t\t<\/div>\n\t\t\t\t\t<\/div>\n\t\t<\/div>\n\t\t\t\t\t<\/div>\n\t\t<\/section>\n\t\t\t\t<section class=\"elementor-section elementor-top-section elementor-element elementor-element-2d77406 elementor-section-full_width elementor-section-height-default elementor-section-height-default\" data-id=\"2d77406\" data-element_type=\"section\" data-e-type=\"section\">\n\t\t\t\t\t\t<div class=\"elementor-container elementor-column-gap-default\">\n\t\t\t\t\t<div class=\"elementor-column elementor-col-100 elementor-top-column elementor-element elementor-element-d0c59ed\" data-id=\"d0c59ed\" data-element_type=\"column\" data-e-type=\"column\">\n\t\t\t<div class=\"elementor-widget-wrap elementor-element-populated\">\n\t\t\t\t\t\t<div class=\"elementor-element elementor-element-92311a6 elementor-arrows-position-inside elementor-pagination-position-outside elementor-widget elementor-widget-image-carousel\" data-id=\"92311a6\" data-element_type=\"widget\" data-e-type=\"widget\" data-settings=\"{&quot;slides_to_show&quot;:&quot;3&quot;,&quot;image_spacing_custom&quot;:{&quot;unit&quot;:&quot;px&quot;,&quot;size&quot;:30,&quot;sizes&quot;:[]},&quot;navigation&quot;:&quot;both&quot;,&quot;autoplay&quot;:&quot;yes&quot;,&quot;pause_on_hover&quot;:&quot;yes&quot;,&quot;pause_on_interaction&quot;:&quot;yes&quot;,&quot;autoplay_speed&quot;:5000,&quot;infinite&quot;:&quot;yes&quot;,&quot;speed&quot;:500,&quot;image_spacing_custom_tablet&quot;:{&quot;unit&quot;:&quot;px&quot;,&quot;size&quot;:&quot;&quot;,&quot;sizes&quot;:[]},&quot;image_spacing_custom_mobile&quot;:{&quot;unit&quot;:&quot;px&quot;,&quot;size&quot;:&quot;&quot;,&quot;sizes&quot;:[]}}\" data-widget_type=\"image-carousel.default\">\n\t\t\t\t<div class=\"elementor-widget-container\">\n\t\t\t\t\t\t\t<div class=\"elementor-image-carousel-wrapper swiper\" role=\"region\" aria-roledescription=\"carousel\" aria-label=\"Bild Karussell\" dir=\"ltr\">\n\t\t\t<div class=\"elementor-image-carousel swiper-wrapper\" aria-live=\"off\">\n\t\t\t\t\t\t\t\t<div class=\"swiper-slide\" role=\"group\" aria-roledescription=\"slide\" aria-label=\"1 von 5\"><a data-elementor-open-lightbox=\"yes\" data-elementor-lightbox-slideshow=\"92311a6\" data-elementor-lightbox-title=\"Badezimmer\" data-elementor-lightbox-description=\"Dachwohnung_autobau_erlebniswelt\" data-e-action-hash=\"#elementor-action%3Aaction%3Dlightbox%26settings%3DeyJpZCI6Mjk2OTUsInVybCI6Imh0dHBzOlwvXC93d3cuYXV0b2JhdS5jaFwvd3AtY29udGVudFwvdXBsb2Fkc1wvMjAyNlwvMDRcL0JhZGV6aW1tZXIuanBnIiwic2xpZGVzaG93IjoiOTIzMTFhNiJ9\" href=\"https:\/\/www.autobau.ch\/wp-content\/uploads\/2026\/04\/Badezimmer.jpg\"><figure class=\"swiper-slide-inner\"><img decoding=\"async\" class=\"swiper-slide-image\" src=\"https:\/\/www.autobau.ch\/wp-content\/uploads\/2026\/04\/Badezimmer-580x360.jpg\" alt=\"Dachwohnung_autobau_erlebniswelt\" \/><\/figure><\/a><\/div><div class=\"swiper-slide\" role=\"group\" aria-roledescription=\"slide\" aria-label=\"2 von 5\"><a data-elementor-open-lightbox=\"yes\" data-elementor-lightbox-slideshow=\"92311a6\" data-elementor-lightbox-title=\"K\u00fcche\" data-elementor-lightbox-description=\"Dachwohnung_autobau_erlebniswelt\" data-e-action-hash=\"#elementor-action%3Aaction%3Dlightbox%26settings%3DeyJpZCI6Mjk2OTYsInVybCI6Imh0dHBzOlwvXC93d3cuYXV0b2JhdS5jaFwvd3AtY29udGVudFwvdXBsb2Fkc1wvMjAyNlwvMDRcL0t1ZWNoZS5qcGciLCJzbGlkZXNob3ciOiI5MjMxMWE2In0%3D\" href=\"https:\/\/www.autobau.ch\/wp-content\/uploads\/2026\/04\/Kueche.jpg\"><figure class=\"swiper-slide-inner\"><img decoding=\"async\" class=\"swiper-slide-image\" src=\"https:\/\/www.autobau.ch\/wp-content\/uploads\/2026\/04\/Kueche-580x360.jpg\" alt=\"Dachwohnung_autobau_erlebniswelt\" \/><\/figure><\/a><\/div><div class=\"swiper-slide\" role=\"group\" aria-roledescription=\"slide\" aria-label=\"3 von 5\"><a data-elementor-open-lightbox=\"yes\" data-elementor-lightbox-slideshow=\"92311a6\" data-elementor-lightbox-title=\"Zimmer 1\" data-elementor-lightbox-description=\"Dachwohnung_autobau_erlebniswelt\" data-e-action-hash=\"#elementor-action%3Aaction%3Dlightbox%26settings%3DeyJpZCI6Mjk2OTcsInVybCI6Imh0dHBzOlwvXC93d3cuYXV0b2JhdS5jaFwvd3AtY29udGVudFwvdXBsb2Fkc1wvMjAyNlwvMDRcL1ppbW1lci0xLmpwZyIsInNsaWRlc2hvdyI6IjkyMzExYTYifQ%3D%3D\" href=\"https:\/\/www.autobau.ch\/wp-content\/uploads\/2026\/04\/Zimmer-1.jpg\"><figure class=\"swiper-slide-inner\"><img decoding=\"async\" class=\"swiper-slide-image\" src=\"https:\/\/www.autobau.ch\/wp-content\/uploads\/2026\/04\/Zimmer-1-580x360.jpg\" alt=\"Dachwohnung_autobau_erlebniswelt\" \/><\/figure><\/a><\/div><div class=\"swiper-slide\" role=\"group\" aria-roledescription=\"slide\" aria-label=\"4 von 5\"><a data-elementor-open-lightbox=\"yes\" data-elementor-lightbox-slideshow=\"92311a6\" data-elementor-lightbox-title=\"Zimmer 3\" data-elementor-lightbox-description=\"Dachwohnung_autobau_erlebniswelt\" data-e-action-hash=\"#elementor-action%3Aaction%3Dlightbox%26settings%3DeyJpZCI6Mjk2OTgsInVybCI6Imh0dHBzOlwvXC93d3cuYXV0b2JhdS5jaFwvd3AtY29udGVudFwvdXBsb2Fkc1wvMjAyNlwvMDRcL1ppbW1lci0zLmpwZyIsInNsaWRlc2hvdyI6IjkyMzExYTYifQ%3D%3D\" href=\"https:\/\/www.autobau.ch\/wp-content\/uploads\/2026\/04\/Zimmer-3.jpg\"><figure class=\"swiper-slide-inner\"><img decoding=\"async\" class=\"swiper-slide-image\" src=\"https:\/\/www.autobau.ch\/wp-content\/uploads\/2026\/04\/Zimmer-3-580x360.jpg\" alt=\"Dachwohnung_autobau_erlebniswelt\" \/><\/figure><\/a><\/div><div class=\"swiper-slide\" role=\"group\" aria-roledescription=\"slide\" aria-label=\"5 von 5\"><a data-elementor-open-lightbox=\"yes\" data-elementor-lightbox-slideshow=\"92311a6\" data-elementor-lightbox-title=\"Zimmer 2\" data-elementor-lightbox-description=\"Dachwohnung_autobau_erlebniswelt\" data-e-action-hash=\"#elementor-action%3Aaction%3Dlightbox%26settings%3DeyJpZCI6Mjk2OTksInVybCI6Imh0dHBzOlwvXC93d3cuYXV0b2JhdS5jaFwvd3AtY29udGVudFwvdXBsb2Fkc1wvMjAyNlwvMDRcL1ppbW1lcjIuanBnIiwic2xpZGVzaG93IjoiOTIzMTFhNiJ9\" href=\"https:\/\/www.autobau.ch\/wp-content\/uploads\/2026\/04\/Zimmer2.jpg\"><figure class=\"swiper-slide-inner\"><img decoding=\"async\" class=\"swiper-slide-image\" src=\"https:\/\/www.autobau.ch\/wp-content\/uploads\/2026\/04\/Zimmer2-580x360.jpg\" alt=\"Dachwohnung_autobau_erlebniswelt\" \/><\/figure><\/a><\/div>\t\t\t<\/div>\n\t\t\t\t\t\t\t\t\t\t\t\t<div class=\"elementor-swiper-button elementor-swiper-button-prev\" role=\"button\" tabindex=\"0\">\n\t\t\t\t\t\t<i aria-hidden=\"true\" class=\"eicon-chevron-left\"><\/i>\t\t\t\t\t<\/div>\n\t\t\t\t\t<div class=\"elementor-swiper-button elementor-swiper-button-next\" role=\"button\" tabindex=\"0\">\n\t\t\t\t\t\t<i aria-hidden=\"true\" class=\"eicon-chevron-right\"><\/i>\t\t\t\t\t<\/div>\n\t\t\t\t\n\t\t\t\t\t\t\t\t\t<div class=\"swiper-pagination\"><\/div>\n\t\t\t\t\t\t\t\t\t<\/div>\n\t\t\t\t\t\t<\/div>\n\t\t\t\t<\/div>\n\t\t\t\t\t<\/div>\n\t\t<\/div>\n\t\t\t\t\t<\/div>\n\t\t<\/section>\n\t\t\t\t<section class=\"elementor-section elementor-top-section elementor-element elementor-element-5490730 elementor-section-full_width elementor-section-height-default elementor-section-height-default\" data-id=\"5490730\" data-element_type=\"section\" data-e-type=\"section\">\n\t\t\t\t\t\t<div class=\"elementor-container elementor-column-gap-default\">\n\t\t\t\t\t<div class=\"elementor-column elementor-col-100 elementor-top-column elementor-element elementor-element-9c7f198\" data-id=\"9c7f198\" data-element_type=\"column\" data-e-type=\"column\">\n\t\t\t<div class=\"elementor-widget-wrap elementor-element-populated\">\n\t\t\t\t\t\t<div class=\"elementor-element elementor-element-92f8841 elementor-widget elementor-widget-textabschnitt\" data-id=\"92f8841\" data-element_type=\"widget\" data-e-type=\"widget\" data-widget_type=\"textabschnitt.default\">\n\t\t\t\t<div class=\"elementor-widget-container\">\n\t\t\t\t\t\n\n<div class=\"newspaper-section columns-3  col-span-full gap-[40px] below-laptop:columns-1 below-laptop:gap-0 children-font-light\">\n        <div  ><h3 class=\"mb-25 newspaper-main-title block font-light\">Grosse 3,5 Zimmerwohnung (ca. 100m2)<\/h3><\/div>\n        <div  ><p><strong>Willkommen in Ihrer neuen, hellen Dachwohnung in ruhiger Wohnlage<\/strong><\/p><p>Diese charmante Dachwohnung bietet viel Platz, eine angenehme Atmosph\u00e4re und \u00fcberzeugt mit ihrem freundlichen, lichtdurchfluteten Charakter. Die sch\u00f6nen Parkettb\u00f6den verleihen den R\u00e4umen eine nat\u00fcrliche W\u00e4rme und sorgen f\u00fcr ein behagliches Wohngef\u00fchl.<\/p><p>Die Wohnung verf\u00fcgt \u00fcber eine grossz\u00fcgige Wohnk\u00fcche, zwei grosse Zimmer sowie ein etwas kleineres Zimmer, das sich ideal als B\u00fcro, G\u00e4ste- oder Hobbyraum eignet. Zus\u00e4tzlichen Komfort bieten ein praktisches Reduit, ein Einbauschrank im Entr\u00e9e sowie ein separates Keller- und Estrichabteil. Die Waschk\u00fcche befindet sich im Untergeschoss.<\/p><p>Die Wohnung wurde soeben sanft renoviert und pr\u00e4sentiert sich in frischem, gepflegtem Zustand. Ein gem\u00fctlicher Sitzplatz neben dem Haus l\u00e4dt zum Verweilen ein. Parkpl\u00e4tze stehen direkt vor dem Haus zur Verf\u00fcgung.<\/p><p>Ein ideales Zuhause f\u00fcr alle, die Ruhe, Helligkeit und viel Platz sch\u00e4tzen.<\/p><p>Zu vermieten per sofort oder nach Vereinbarung.<\/p><p>Miete: CHF 1'590.00 \/ Nebenkosten ca. CHF 200.00\/Monat<\/p><p>Melden Sie sich unter 071 466 00 66 oder per Mail an info@autobau.ch<\/p><\/div>\n<\/div>\t\t\t\t<\/div>\n\t\t\t\t<\/div>\n\t\t\t\t\t<\/div>\n\t\t<\/div>\n\t\t\t\t\t<\/div>\n\t\t<\/section>\n\t\t\t\t<\/div>\n\t\t","protected":false},"excerpt":{"rendered":"<p>Sch\u00f6ne Dachwohnung zu vermieten &nbsp; &nbsp; &nbsp; &nbsp; &nbsp; &nbsp; Grosse 3,5 Zimmerwohnung (ca. 100m2) Willkommen in Ihrer neuen, hellen Dachwohnung in ruhiger Wohnlage Diese charmante Dachwohnung bietet viel Platz, eine angenehme Atmosph\u00e4re und \u00fcberzeugt mit ihrem freundlichen, lichtdurchfluteten Charakter. Die sch\u00f6nen Parkettb\u00f6den verleihen den R\u00e4umen eine nat\u00fcrliche W\u00e4rme und sorgen f\u00fcr ein behagliches Wohngef\u00fchl. Die Wohnung verf\u00fcgt \u00fcber eine grossz\u00fcgige Wohnk\u00fcche, zwei grosse Zimmer sowie ein etwas kleineres Zimmer, das sich ideal als B\u00fcro, G\u00e4ste- oder Hobbyraum eignet. Zus\u00e4tzlichen Komfort bieten ein praktisches Reduit, ein Einbauschrank im Entr\u00e9e sowie ein separates Keller- und Estrichabteil. Die Waschk\u00fcche befindet sich im Untergeschoss. Die Wohnung wurde soeben sanft renoviert und pr\u00e4sentiert sich in frischem, gepflegtem Zustand. Ein gem\u00fctlicher Sitzplatz neben dem Haus l\u00e4dt zum Verweilen ein. Parkpl\u00e4tze stehen direkt vor dem Haus zur Verf\u00fcgung. Ein ideales Zuhause f\u00fcr alle, die Ruhe, Helligkeit und viel Platz sch\u00e4tzen. Zu vermieten per sofort oder nach Vereinbarung. Miete: CHF 1&#8217;590.00 \/ Nebenkosten ca. CHF 200.00\/Monat Melden Sie sich unter 071 466 00 66 oder per Mail an info@autobau.ch<\/p>\n","protected":false},"author":9,"featured_media":29692,"parent":0,"menu_order":-10,"comment_status":"closed","ping_status":"closed","template":"","meta":{"_acf_changed":false,"footnotes":""},"class_list":["post-29689","page","type-page","status-publish","has-post-thumbnail","hentry"],"acf":[],"yoast_head":"<!-- This site is optimized with the Yoast SEO plugin v27.3 - https:\/\/yoast.com\/product\/yoast-seo-wordpress\/ -->\n<title>Zu vermieten - autobau erlebniswelt<\/title>\n<meta name=\"description\" content=\"Sch\u00f6ne, grosse Dachwohnung zu vermieten. 100 Quadratmeter Fl\u00e4che. Helle und grossz\u00fcgige R\u00e4ume. Ab sofort oder nach Vereinbarung.\" \/>\n<meta name=\"robots\" content=\"index, follow, max-snippet:-1, max-image-preview:large, max-video-preview:-1\" \/>\n<link rel=\"canonical\" href=\"https:\/\/www.autobau.ch\/de\/autobau-dachwohnung\/\" \/>\n<meta property=\"og:locale\" content=\"de_DE\" \/>\n<meta property=\"og:type\" content=\"article\" \/>\n<meta property=\"og:title\" content=\"Zu vermieten - autobau erlebniswelt\" \/>\n<meta property=\"og:description\" content=\"Sch\u00f6ne, grosse Dachwohnung zu vermieten. 100 Quadratmeter Fl\u00e4che. Helle und grossz\u00fcgige R\u00e4ume. Ab sofort oder nach Vereinbarung.\" \/>\n<meta property=\"og:url\" content=\"https:\/\/www.autobau.ch\/de\/autobau-dachwohnung\/\" \/>\n<meta property=\"og:site_name\" content=\"autobau erlebniswelt\" \/>\n<meta property=\"article:publisher\" content=\"https:\/\/www.facebook.com\/autobau.ch\/\" \/>\n<meta property=\"article:modified_time\" content=\"2026-04-14T13:13:42+00:00\" \/>\n<meta property=\"og:image\" content=\"https:\/\/www.autobau.ch\/wp-content\/uploads\/2026\/04\/Aussenansicht.jpg\" \/>\n\t<meta property=\"og:image:width\" content=\"1000\" \/>\n\t<meta property=\"og:image:height\" content=\"750\" \/>\n\t<meta property=\"og:image:type\" content=\"image\/jpeg\" \/>\n<meta name=\"twitter:card\" content=\"summary_large_image\" \/>\n<meta name=\"twitter:label1\" content=\"Gesch\u00e4tzte Lesezeit\" \/>\n\t<meta name=\"twitter:data1\" content=\"3\u00a0Minuten\" \/>\n<script type=\"application\/ld+json\" class=\"yoast-schema-graph\">{\"@context\":\"https:\\\/\\\/schema.org\",\"@graph\":[{\"@type\":\"WebPage\",\"@id\":\"https:\\\/\\\/www.autobau.ch\\\/de\\\/autobau-dachwohnung\\\/\",\"url\":\"https:\\\/\\\/www.autobau.ch\\\/de\\\/autobau-dachwohnung\\\/\",\"name\":\"Zu vermieten - autobau erlebniswelt\",\"isPartOf\":{\"@id\":\"https:\\\/\\\/www.autobau.ch\\\/de\\\/#website\"},\"primaryImageOfPage\":{\"@id\":\"https:\\\/\\\/www.autobau.ch\\\/de\\\/autobau-dachwohnung\\\/#primaryimage\"},\"image\":{\"@id\":\"https:\\\/\\\/www.autobau.ch\\\/de\\\/autobau-dachwohnung\\\/#primaryimage\"},\"thumbnailUrl\":\"https:\\\/\\\/www.autobau.ch\\\/wp-content\\\/uploads\\\/2026\\\/04\\\/Aussenansicht.jpg\",\"datePublished\":\"2026-04-13T13:30:52+00:00\",\"dateModified\":\"2026-04-14T13:13:42+00:00\",\"description\":\"Sch\u00f6ne, grosse Dachwohnung zu vermieten. 100 Quadratmeter Fl\u00e4che. Helle und grossz\u00fcgige R\u00e4ume. Ab sofort oder nach Vereinbarung.\",\"breadcrumb\":{\"@id\":\"https:\\\/\\\/www.autobau.ch\\\/de\\\/autobau-dachwohnung\\\/#breadcrumb\"},\"inLanguage\":\"de\",\"potentialAction\":[{\"@type\":\"ReadAction\",\"target\":[\"https:\\\/\\\/www.autobau.ch\\\/de\\\/autobau-dachwohnung\\\/\"]}]},{\"@type\":\"ImageObject\",\"inLanguage\":\"de\",\"@id\":\"https:\\\/\\\/www.autobau.ch\\\/de\\\/autobau-dachwohnung\\\/#primaryimage\",\"url\":\"https:\\\/\\\/www.autobau.ch\\\/wp-content\\\/uploads\\\/2026\\\/04\\\/Aussenansicht.jpg\",\"contentUrl\":\"https:\\\/\\\/www.autobau.ch\\\/wp-content\\\/uploads\\\/2026\\\/04\\\/Aussenansicht.jpg\",\"width\":1000,\"height\":750,\"caption\":\"Dachwohnung_autobau_erlebniswelt\"},{\"@type\":\"BreadcrumbList\",\"@id\":\"https:\\\/\\\/www.autobau.ch\\\/de\\\/autobau-dachwohnung\\\/#breadcrumb\",\"itemListElement\":[{\"@type\":\"ListItem\",\"position\":1,\"name\":\"Home\",\"item\":\"https:\\\/\\\/www.autobau.ch\\\/de\\\/\"},{\"@type\":\"ListItem\",\"position\":2,\"name\":\"Zu vermieten\"}]},{\"@type\":\"WebSite\",\"@id\":\"https:\\\/\\\/www.autobau.ch\\\/de\\\/#website\",\"url\":\"https:\\\/\\\/www.autobau.ch\\\/de\\\/\",\"name\":\"autobau erlebniswelt\",\"description\":\"EVENTS. MUSEUM. EMOTIONEN.\",\"publisher\":{\"@id\":\"https:\\\/\\\/www.autobau.ch\\\/de\\\/#organization\"},\"potentialAction\":[{\"@type\":\"SearchAction\",\"target\":{\"@type\":\"EntryPoint\",\"urlTemplate\":\"https:\\\/\\\/www.autobau.ch\\\/de\\\/?s={search_term_string}\"},\"query-input\":{\"@type\":\"PropertyValueSpecification\",\"valueRequired\":true,\"valueName\":\"search_term_string\"}}],\"inLanguage\":\"de\"},{\"@type\":\"Organization\",\"@id\":\"https:\\\/\\\/www.autobau.ch\\\/de\\\/#organization\",\"name\":\"autobau erlebniswelt\",\"url\":\"https:\\\/\\\/www.autobau.ch\\\/de\\\/\",\"logo\":{\"@type\":\"ImageObject\",\"inLanguage\":\"de\",\"@id\":\"https:\\\/\\\/www.autobau.ch\\\/de\\\/#\\\/schema\\\/logo\\\/image\\\/\",\"url\":\"https:\\\/\\\/www.autobau.ch\\\/wp-content\\\/uploads\\\/2018\\\/02\\\/Logo_ab_254x95.png\",\"contentUrl\":\"https:\\\/\\\/www.autobau.ch\\\/wp-content\\\/uploads\\\/2018\\\/02\\\/Logo_ab_254x95.png\",\"width\":254,\"height\":95,\"caption\":\"autobau erlebniswelt\"},\"image\":{\"@id\":\"https:\\\/\\\/www.autobau.ch\\\/de\\\/#\\\/schema\\\/logo\\\/image\\\/\"},\"sameAs\":[\"https:\\\/\\\/www.facebook.com\\\/autobau.ch\\\/\"]}]}<\/script>\n<!-- \/ Yoast SEO plugin. -->","yoast_head_json":{"title":"Zu vermieten - autobau erlebniswelt","description":"Sch\u00f6ne, grosse Dachwohnung zu vermieten. 100 Quadratmeter Fl\u00e4che. Helle und grossz\u00fcgige R\u00e4ume. Ab sofort oder nach Vereinbarung.","robots":{"index":"index","follow":"follow","max-snippet":"max-snippet:-1","max-image-preview":"max-image-preview:large","max-video-preview":"max-video-preview:-1"},"canonical":"https:\/\/www.autobau.ch\/de\/autobau-dachwohnung\/","og_locale":"de_DE","og_type":"article","og_title":"Zu vermieten - autobau erlebniswelt","og_description":"Sch\u00f6ne, grosse Dachwohnung zu vermieten. 100 Quadratmeter Fl\u00e4che. Helle und grossz\u00fcgige R\u00e4ume. Ab sofort oder nach Vereinbarung.","og_url":"https:\/\/www.autobau.ch\/de\/autobau-dachwohnung\/","og_site_name":"autobau erlebniswelt","article_publisher":"https:\/\/www.facebook.com\/autobau.ch\/","article_modified_time":"2026-04-14T13:13:42+00:00","og_image":[{"width":1000,"height":750,"url":"https:\/\/www.autobau.ch\/wp-content\/uploads\/2026\/04\/Aussenansicht.jpg","type":"image\/jpeg"}],"twitter_card":"summary_large_image","twitter_misc":{"Gesch\u00e4tzte Lesezeit":"3\u00a0Minuten"},"schema":{"@context":"https:\/\/schema.org","@graph":[{"@type":"WebPage","@id":"https:\/\/www.autobau.ch\/de\/autobau-dachwohnung\/","url":"https:\/\/www.autobau.ch\/de\/autobau-dachwohnung\/","name":"Zu vermieten - autobau erlebniswelt","isPartOf":{"@id":"https:\/\/www.autobau.ch\/de\/#website"},"primaryImageOfPage":{"@id":"https:\/\/www.autobau.ch\/de\/autobau-dachwohnung\/#primaryimage"},"image":{"@id":"https:\/\/www.autobau.ch\/de\/autobau-dachwohnung\/#primaryimage"},"thumbnailUrl":"https:\/\/www.autobau.ch\/wp-content\/uploads\/2026\/04\/Aussenansicht.jpg","datePublished":"2026-04-13T13:30:52+00:00","dateModified":"2026-04-14T13:13:42+00:00","description":"Sch\u00f6ne, grosse Dachwohnung zu vermieten. 100 Quadratmeter Fl\u00e4che. Helle und grossz\u00fcgige R\u00e4ume. Ab sofort oder nach Vereinbarung.","breadcrumb":{"@id":"https:\/\/www.autobau.ch\/de\/autobau-dachwohnung\/#breadcrumb"},"inLanguage":"de","potentialAction":[{"@type":"ReadAction","target":["https:\/\/www.autobau.ch\/de\/autobau-dachwohnung\/"]}]},{"@type":"ImageObject","inLanguage":"de","@id":"https:\/\/www.autobau.ch\/de\/autobau-dachwohnung\/#primaryimage","url":"https:\/\/www.autobau.ch\/wp-content\/uploads\/2026\/04\/Aussenansicht.jpg","contentUrl":"https:\/\/www.autobau.ch\/wp-content\/uploads\/2026\/04\/Aussenansicht.jpg","width":1000,"height":750,"caption":"Dachwohnung_autobau_erlebniswelt"},{"@type":"BreadcrumbList","@id":"https:\/\/www.autobau.ch\/de\/autobau-dachwohnung\/#breadcrumb","itemListElement":[{"@type":"ListItem","position":1,"name":"Home","item":"https:\/\/www.autobau.ch\/de\/"},{"@type":"ListItem","position":2,"name":"Zu vermieten"}]},{"@type":"WebSite","@id":"https:\/\/www.autobau.ch\/de\/#website","url":"https:\/\/www.autobau.ch\/de\/","name":"autobau erlebniswelt","description":"EVENTS. MUSEUM. EMOTIONEN.","publisher":{"@id":"https:\/\/www.autobau.ch\/de\/#organization"},"potentialAction":[{"@type":"SearchAction","target":{"@type":"EntryPoint","urlTemplate":"https:\/\/www.autobau.ch\/de\/?s={search_term_string}"},"query-input":{"@type":"PropertyValueSpecification","valueRequired":true,"valueName":"search_term_string"}}],"inLanguage":"de"},{"@type":"Organization","@id":"https:\/\/www.autobau.ch\/de\/#organization","name":"autobau erlebniswelt","url":"https:\/\/www.autobau.ch\/de\/","logo":{"@type":"ImageObject","inLanguage":"de","@id":"https:\/\/www.autobau.ch\/de\/#\/schema\/logo\/image\/","url":"https:\/\/www.autobau.ch\/wp-content\/uploads\/2018\/02\/Logo_ab_254x95.png","contentUrl":"https:\/\/www.autobau.ch\/wp-content\/uploads\/2018\/02\/Logo_ab_254x95.png","width":254,"height":95,"caption":"autobau erlebniswelt"},"image":{"@id":"https:\/\/www.autobau.ch\/de\/#\/schema\/logo\/image\/"},"sameAs":["https:\/\/www.facebook.com\/autobau.ch\/"]}]}},"_links":{"self":[{"href":"https:\/\/www.autobau.ch\/de\/wp-json\/wp\/v2\/pages\/29689","targetHints":{"allow":["GET"]}}],"collection":[{"href":"https:\/\/www.autobau.ch\/de\/wp-json\/wp\/v2\/pages"}],"about":[{"href":"https:\/\/www.autobau.ch\/de\/wp-json\/wp\/v2\/types\/page"}],"author":[{"embeddable":true,"href":"https:\/\/www.autobau.ch\/de\/wp-json\/wp\/v2\/users\/9"}],"replies":[{"embeddable":true,"href":"https:\/\/www.autobau.ch\/de\/wp-json\/wp\/v2\/comments?post=29689"}],"version-history":[{"count":8,"href":"https:\/\/www.autobau.ch\/de\/wp-json\/wp\/v2\/pages\/29689\/revisions"}],"predecessor-version":[{"id":29766,"href":"https:\/\/www.autobau.ch\/de\/wp-json\/wp\/v2\/pages\/29689\/revisions\/29766"}],"wp:featuredmedia":[{"embeddable":true,"href":"https:\/\/www.autobau.ch\/de\/wp-json\/wp\/v2\/media\/29692"}],"wp:attachment":[{"href":"https:\/\/www.autobau.ch\/de\/wp-json\/wp\/v2\/media?parent=29689"}],"curies":[{"name":"wp","href":"https:\/\/api.w.org\/{rel}","templated":true}]}}