{"id":29729,"date":"2026-04-14T10:50:26","date_gmt":"2026-04-14T08:50:26","guid":{"rendered":"https:\/\/www.autobau.ch\/?page_id=29729"},"modified":"2026-04-14T15:18:14","modified_gmt":"2026-04-14T13:18:14","slug":"msquad","status":"publish","type":"page","link":"https:\/\/www.autobau.ch\/de\/msquad\/","title":{"rendered":"MSQUAD"},"content":{"rendered":"\t\t<div data-elementor-type=\"wp-page\" data-elementor-id=\"29729\" class=\"elementor elementor-29729\" data-elementor-post-type=\"page\">\n\t\t\t\t\t\t<section class=\"elementor-section elementor-top-section elementor-element elementor-element-6f0055a elementor-section-full_width elementor-section-height-default elementor-section-height-default\" data-id=\"6f0055a\" data-element_type=\"section\" data-e-type=\"section\">\n\t\t\t\t\t\t<div class=\"elementor-container elementor-column-gap-default\">\n\t\t\t\t\t<div class=\"elementor-column elementor-col-100 elementor-top-column elementor-element elementor-element-3f83a6e\" data-id=\"3f83a6e\" data-element_type=\"column\" data-e-type=\"column\">\n\t\t\t<div class=\"elementor-widget-wrap elementor-element-populated\">\n\t\t\t\t\t\t<div class=\"elementor-element elementor-element-4f7bc2c elementor-widget elementor-widget-main-title\" data-id=\"4f7bc2c\" data-element_type=\"widget\" data-e-type=\"widget\" data-widget_type=\"main-title.default\">\n\t\t\t\t<div class=\"elementor-widget-container\">\n\t\t\t\t\t\n<div class=\"flex justify-center\">\n    <div class=\"max-w-[1190px] header-text text-center\">\n        <h1 class=\"fsize-48 relative !font-light pb-[25px] text-textcolor\">MSQUAD - Exklusives BMW Autotreffen <\/h1>\n    <\/div>\n<\/div>\t\t\t\t<\/div>\n\t\t\t\t<\/div>\n\t\t\t\t\t<\/div>\n\t\t<\/div>\n\t\t\t\t\t<\/div>\n\t\t<\/section>\n\t\t\t\t<section class=\"elementor-section elementor-top-section elementor-element elementor-element-2d77406 elementor-section-full_width elementor-section-height-default elementor-section-height-default\" data-id=\"2d77406\" data-element_type=\"section\" data-e-type=\"section\">\n\t\t\t\t\t\t<div class=\"elementor-container elementor-column-gap-default\">\n\t\t\t\t\t<div class=\"elementor-column elementor-col-100 elementor-top-column elementor-element elementor-element-d0c59ed\" data-id=\"d0c59ed\" data-element_type=\"column\" data-e-type=\"column\">\n\t\t\t<div class=\"elementor-widget-wrap elementor-element-populated\">\n\t\t\t\t\t\t<div class=\"elementor-element elementor-element-92311a6 elementor-arrows-position-inside elementor-pagination-position-outside elementor-widget elementor-widget-image-carousel\" data-id=\"92311a6\" data-element_type=\"widget\" data-e-type=\"widget\" data-settings=\"{&quot;slides_to_show&quot;:&quot;3&quot;,&quot;image_spacing_custom&quot;:{&quot;unit&quot;:&quot;px&quot;,&quot;size&quot;:30,&quot;sizes&quot;:[]},&quot;navigation&quot;:&quot;both&quot;,&quot;autoplay&quot;:&quot;yes&quot;,&quot;pause_on_hover&quot;:&quot;yes&quot;,&quot;pause_on_interaction&quot;:&quot;yes&quot;,&quot;autoplay_speed&quot;:5000,&quot;infinite&quot;:&quot;yes&quot;,&quot;speed&quot;:500,&quot;image_spacing_custom_tablet&quot;:{&quot;unit&quot;:&quot;px&quot;,&quot;size&quot;:&quot;&quot;,&quot;sizes&quot;:[]},&quot;image_spacing_custom_mobile&quot;:{&quot;unit&quot;:&quot;px&quot;,&quot;size&quot;:&quot;&quot;,&quot;sizes&quot;:[]}}\" data-widget_type=\"image-carousel.default\">\n\t\t\t\t<div class=\"elementor-widget-container\">\n\t\t\t\t\t\t\t<div class=\"elementor-image-carousel-wrapper swiper\" role=\"region\" aria-roledescription=\"carousel\" aria-label=\"Bild Karussell\" dir=\"ltr\">\n\t\t\t<div class=\"elementor-image-carousel swiper-wrapper\" aria-live=\"off\">\n\t\t\t\t\t\t\t\t<div class=\"swiper-slide\" role=\"group\" aria-roledescription=\"slide\" aria-label=\"1 von 6\"><a data-elementor-open-lightbox=\"yes\" data-elementor-lightbox-slideshow=\"92311a6\" data-elementor-lightbox-title=\"MSQUAD autobau erlebniswelt\" data-e-action-hash=\"#elementor-action%3Aaction%3Dlightbox%26settings%3DeyJpZCI6Mjk3MzQsInVybCI6Imh0dHBzOlwvXC93d3cuYXV0b2JhdS5jaFwvd3AtY29udGVudFwvdXBsb2Fkc1wvMjAyNlwvMDRcL1doYXRzQXBwLUltYWdlLTIwMjYtMDMtMjUtYXQtMTQuNTkuNTItMS5qcGVnIiwic2xpZGVzaG93IjoiOTIzMTFhNiJ9\" href=\"https:\/\/www.autobau.ch\/wp-content\/uploads\/2026\/04\/WhatsApp-Image-2026-03-25-at-14.59.52-1.jpeg\"><figure class=\"swiper-slide-inner\"><img decoding=\"async\" class=\"swiper-slide-image\" src=\"https:\/\/www.autobau.ch\/wp-content\/uploads\/2026\/04\/WhatsApp-Image-2026-03-25-at-14.59.52-1-580x360.jpeg\" alt=\"MSQUAD autobau erlebniswelt\" \/><\/figure><\/a><\/div><div class=\"swiper-slide\" role=\"group\" aria-roledescription=\"slide\" aria-label=\"2 von 6\"><a data-elementor-open-lightbox=\"yes\" data-elementor-lightbox-slideshow=\"92311a6\" data-elementor-lightbox-title=\"WhatsApp Image 2026-03-25 at 14.59.52 (2)\" data-e-action-hash=\"#elementor-action%3Aaction%3Dlightbox%26settings%3DeyJpZCI6Mjk3MzUsInVybCI6Imh0dHBzOlwvXC93d3cuYXV0b2JhdS5jaFwvd3AtY29udGVudFwvdXBsb2Fkc1wvMjAyNlwvMDRcL1doYXRzQXBwLUltYWdlLTIwMjYtMDMtMjUtYXQtMTQuNTkuNTItMi5qcGVnIiwic2xpZGVzaG93IjoiOTIzMTFhNiJ9\" href=\"https:\/\/www.autobau.ch\/wp-content\/uploads\/2026\/04\/WhatsApp-Image-2026-03-25-at-14.59.52-2.jpeg\"><figure class=\"swiper-slide-inner\"><img decoding=\"async\" class=\"swiper-slide-image\" src=\"https:\/\/www.autobau.ch\/wp-content\/uploads\/2026\/04\/WhatsApp-Image-2026-03-25-at-14.59.52-2-580x360.jpeg\" alt=\"MSQUAD autobau erlebniswelt\" \/><\/figure><\/a><\/div><div class=\"swiper-slide\" role=\"group\" aria-roledescription=\"slide\" aria-label=\"3 von 6\"><a data-elementor-open-lightbox=\"yes\" data-elementor-lightbox-slideshow=\"92311a6\" data-elementor-lightbox-title=\"WhatsApp Image 2026-03-25 at 14.59.52 (4)\" data-e-action-hash=\"#elementor-action%3Aaction%3Dlightbox%26settings%3DeyJpZCI6Mjk3MzYsInVybCI6Imh0dHBzOlwvXC93d3cuYXV0b2JhdS5jaFwvd3AtY29udGVudFwvdXBsb2Fkc1wvMjAyNlwvMDRcL1doYXRzQXBwLUltYWdlLTIwMjYtMDMtMjUtYXQtMTQuNTkuNTItNC5qcGVnIiwic2xpZGVzaG93IjoiOTIzMTFhNiJ9\" href=\"https:\/\/www.autobau.ch\/wp-content\/uploads\/2026\/04\/WhatsApp-Image-2026-03-25-at-14.59.52-4.jpeg\"><figure class=\"swiper-slide-inner\"><img decoding=\"async\" class=\"swiper-slide-image\" src=\"https:\/\/www.autobau.ch\/wp-content\/uploads\/2026\/04\/WhatsApp-Image-2026-03-25-at-14.59.52-4-580x360.jpeg\" alt=\"MSQUAD autobau erlebniswelt\" \/><\/figure><\/a><\/div><div class=\"swiper-slide\" role=\"group\" aria-roledescription=\"slide\" aria-label=\"4 von 6\"><a data-elementor-open-lightbox=\"yes\" data-elementor-lightbox-slideshow=\"92311a6\" data-elementor-lightbox-title=\"WhatsApp Image 2026-03-25 at 14.59.52 (5)\" data-e-action-hash=\"#elementor-action%3Aaction%3Dlightbox%26settings%3DeyJpZCI6Mjk3MzcsInVybCI6Imh0dHBzOlwvXC93d3cuYXV0b2JhdS5jaFwvd3AtY29udGVudFwvdXBsb2Fkc1wvMjAyNlwvMDRcL1doYXRzQXBwLUltYWdlLTIwMjYtMDMtMjUtYXQtMTQuNTkuNTItNS5qcGVnIiwic2xpZGVzaG93IjoiOTIzMTFhNiJ9\" href=\"https:\/\/www.autobau.ch\/wp-content\/uploads\/2026\/04\/WhatsApp-Image-2026-03-25-at-14.59.52-5.jpeg\"><figure class=\"swiper-slide-inner\"><img decoding=\"async\" class=\"swiper-slide-image\" src=\"https:\/\/www.autobau.ch\/wp-content\/uploads\/2026\/04\/WhatsApp-Image-2026-03-25-at-14.59.52-5-580x360.jpeg\" alt=\"MSQUAD autobau erlebniswelt\" \/><\/figure><\/a><\/div><div class=\"swiper-slide\" role=\"group\" aria-roledescription=\"slide\" aria-label=\"5 von 6\"><a data-elementor-open-lightbox=\"yes\" data-elementor-lightbox-slideshow=\"92311a6\" data-elementor-lightbox-title=\"WhatsApp Image 2026-03-25 at 14.59.52 (6)\" data-e-action-hash=\"#elementor-action%3Aaction%3Dlightbox%26settings%3DeyJpZCI6Mjk3MzgsInVybCI6Imh0dHBzOlwvXC93d3cuYXV0b2JhdS5jaFwvd3AtY29udGVudFwvdXBsb2Fkc1wvMjAyNlwvMDRcL1doYXRzQXBwLUltYWdlLTIwMjYtMDMtMjUtYXQtMTQuNTkuNTItNi5qcGVnIiwic2xpZGVzaG93IjoiOTIzMTFhNiJ9\" href=\"https:\/\/www.autobau.ch\/wp-content\/uploads\/2026\/04\/WhatsApp-Image-2026-03-25-at-14.59.52-6.jpeg\"><figure class=\"swiper-slide-inner\"><img decoding=\"async\" class=\"swiper-slide-image\" src=\"https:\/\/www.autobau.ch\/wp-content\/uploads\/2026\/04\/WhatsApp-Image-2026-03-25-at-14.59.52-6-580x360.jpeg\" alt=\"MSQUAD autobau erlebniswelt\" \/><\/figure><\/a><\/div><div class=\"swiper-slide\" role=\"group\" aria-roledescription=\"slide\" aria-label=\"6 von 6\"><a data-elementor-open-lightbox=\"yes\" data-elementor-lightbox-slideshow=\"92311a6\" data-elementor-lightbox-title=\"WhatsApp Image 2026-03-25 at 14.59.52\" data-e-action-hash=\"#elementor-action%3Aaction%3Dlightbox%26settings%3DeyJpZCI6Mjk3MzksInVybCI6Imh0dHBzOlwvXC93d3cuYXV0b2JhdS5jaFwvd3AtY29udGVudFwvdXBsb2Fkc1wvMjAyNlwvMDRcL1doYXRzQXBwLUltYWdlLTIwMjYtMDMtMjUtYXQtMTQuNTkuNTIuanBlZyIsInNsaWRlc2hvdyI6IjkyMzExYTYifQ%3D%3D\" href=\"https:\/\/www.autobau.ch\/wp-content\/uploads\/2026\/04\/WhatsApp-Image-2026-03-25-at-14.59.52.jpeg\"><figure class=\"swiper-slide-inner\"><img decoding=\"async\" class=\"swiper-slide-image\" src=\"https:\/\/www.autobau.ch\/wp-content\/uploads\/2026\/04\/WhatsApp-Image-2026-03-25-at-14.59.52-580x360.jpeg\" alt=\"MSQUAD autobau erlebniswelt\" \/><\/figure><\/a><\/div>\t\t\t<\/div>\n\t\t\t\t\t\t\t\t\t\t\t\t<div class=\"elementor-swiper-button elementor-swiper-button-prev\" role=\"button\" tabindex=\"0\">\n\t\t\t\t\t\t<i aria-hidden=\"true\" class=\"eicon-chevron-left\"><\/i>\t\t\t\t\t<\/div>\n\t\t\t\t\t<div class=\"elementor-swiper-button elementor-swiper-button-next\" role=\"button\" tabindex=\"0\">\n\t\t\t\t\t\t<i aria-hidden=\"true\" class=\"eicon-chevron-right\"><\/i>\t\t\t\t\t<\/div>\n\t\t\t\t\n\t\t\t\t\t\t\t\t\t<div class=\"swiper-pagination\"><\/div>\n\t\t\t\t\t\t\t\t\t<\/div>\n\t\t\t\t\t\t<\/div>\n\t\t\t\t<\/div>\n\t\t\t\t\t<\/div>\n\t\t<\/div>\n\t\t\t\t\t<\/div>\n\t\t<\/section>\n\t\t\t\t<section class=\"elementor-section elementor-top-section elementor-element elementor-element-5490730 elementor-section-full_width elementor-section-height-default elementor-section-height-default\" data-id=\"5490730\" data-element_type=\"section\" data-e-type=\"section\">\n\t\t\t\t\t\t<div class=\"elementor-container elementor-column-gap-default\">\n\t\t\t\t\t<div class=\"elementor-column elementor-col-100 elementor-top-column elementor-element elementor-element-9c7f198\" data-id=\"9c7f198\" data-element_type=\"column\" data-e-type=\"column\">\n\t\t\t<div class=\"elementor-widget-wrap elementor-element-populated\">\n\t\t\t\t\t\t<div class=\"elementor-element elementor-element-92f8841 elementor-widget elementor-widget-textabschnitt\" data-id=\"92f8841\" data-element_type=\"widget\" data-e-type=\"widget\" data-widget_type=\"textabschnitt.default\">\n\t\t\t\t<div class=\"elementor-widget-container\">\n\t\t\t\t\t\n\n<div class=\"newspaper-section columns-3  col-span-full gap-[40px] below-laptop:columns-1 below-laptop:gap-0 children-font-light\">\n        <div  ><h3 class=\"mb-25 newspaper-main-title block font-light\">MSQUAD BWM Treffen - Sonntag, 7. Juni 2026<\/h3><\/div>\n        <div  ><p class=\"elementtoproof\" style=\"margin: 12.0pt 0cm 12.0pt 0cm;\"><span style=\"font-family: 'Calibri',sans-serif; color: black;\">Am <strong>Sonntag, 7. Juni 2026 von 11-17 Uhr<\/strong> l\u00e4dt MSQUAD alle Automobilbegeisterten zu einem einzigartigen Event ein. Dich erwartet eine einmalige Atmosph\u00e4re mit ausgew\u00e4hlten Fahrzeugen, starken Builds und einer Community, die die gleiche Leidenschaft teilt.<\/span><\/p><p class=\"elementtoproof\" style=\"margin: 12.0pt 0cm 12.0pt 0cm;\"><span style=\"font-family: 'Calibri',sans-serif; color: black;\">Ob getunt, OEM+, selten oder einfach mit viel Liebe gepflegt, bei uns steht Qualit\u00e4t und Leidenschaft im Fokus. Triff Gleichgesinnte, entdecke neue Projekte und geniesse einen Tag voller sch\u00f6ner Autos und cooler Leute.<\/span><\/p><p class=\"elementtoproof\" style=\"margin: 12.0pt 0cm 12.0pt 0cm;\"><span style=\"font-family: 'Calibri',sans-serif; color: black;\">Neben den Fahrzeugen erwartet dich gutes Essen, erfrischende Drinks und entspannte Musik, die f\u00fcr die perfekte Stimmung sorgen.<\/span><\/p><p class=\"elementtoproof\" style=\"margin: 12.0pt 0cm 12.0pt 0cm;\"><span style=\"font-family: 'Calibri',sans-serif; color: black;\">Erlebe echte Car Culture, starke Vibes und eine Community, die verbindet.<\/span><\/p><p>Bitte beachte folgende Regeln: Motoren hochzudrehen, \u00abg\u00e4sele\u00bb, Burnouts sind auf dem Gel\u00e4nde der autobau erlebniswelt und auf den Zufahrtstrassen in Romanshorn nicht erlaubt.<\/p><p>Nutze die Gelegenheit und besuche auch die einzigartige Fahrzeugsammlung von Fredy Lienhard. F\u00fcr nur CHF 15.00 kannst du an der Tageskasse einen Eintritt kaufen.\u00a0<\/p><p>Sei dabei, wir freuen uns auf dich und dein Fahrzeug. MSQUAD.<\/p><p>Der Organisator: Artan Thaqi<\/p><\/div>\n<\/div>\t\t\t\t<\/div>\n\t\t\t\t<\/div>\n\t\t\t\t\t<\/div>\n\t\t<\/div>\n\t\t\t\t\t<\/div>\n\t\t<\/section>\n\t\t\t\t<\/div>\n\t\t","protected":false},"excerpt":{"rendered":"<p>MSQUAD &#8211; Exklusives BMW Autotreffen MSQUAD BWM Treffen &#8211; Sonntag, 7. Juni 2026 Am Sonntag, 7. Juni 2026 von 11-17 Uhr l\u00e4dt MSQUAD alle Automobilbegeisterten zu einem einzigartigen Event ein. Dich erwartet eine einmalige Atmosph\u00e4re mit ausgew\u00e4hlten Fahrzeugen, starken Builds und einer Community, die die gleiche Leidenschaft teilt. Ob getunt, OEM+, selten oder einfach mit viel Liebe gepflegt, bei uns steht Qualit\u00e4t und Leidenschaft im Fokus. Triff Gleichgesinnte, entdecke neue Projekte und geniesse einen Tag voller sch\u00f6ner Autos und cooler Leute. Neben den Fahrzeugen erwartet dich gutes Essen, erfrischende Drinks und entspannte Musik, die f\u00fcr die perfekte Stimmung sorgen. Erlebe echte Car Culture, starke Vibes und eine Community, die verbindet. Bitte beachte folgende Regeln: Motoren hochzudrehen, \u00abg\u00e4sele\u00bb, Burnouts sind auf dem Gel\u00e4nde der autobau erlebniswelt und auf den Zufahrtstrassen in Romanshorn nicht erlaubt. Nutze die Gelegenheit und besuche auch die einzigartige Fahrzeugsammlung von Fredy Lienhard. F\u00fcr nur CHF 15.00 kannst du an der Tageskasse einen Eintritt kaufen.\u00a0 Sei dabei, wir freuen uns auf dich und dein Fahrzeug. MSQUAD. Der Organisator: Artan Thaqi<\/p>\n","protected":false},"author":9,"featured_media":29732,"parent":0,"menu_order":-10,"comment_status":"closed","ping_status":"closed","template":"","meta":{"_acf_changed":false,"footnotes":""},"class_list":["post-29729","page","type-page","status-publish","has-post-thumbnail","hentry"],"acf":[],"yoast_head":"<!-- This site is optimized with the Yoast SEO plugin v27.3 - https:\/\/yoast.com\/product\/yoast-seo-wordpress\/ -->\n<title>MSQUAD - autobau erlebniswelt<\/title>\n<meta name=\"description\" content=\"MSQUAD Das exklusivste BMW Treffen findet in der autobau erlebniswelt statt. Auch die Fahrzeugsammlung kann besichtigt werden.\" \/>\n<meta name=\"robots\" content=\"index, follow, max-snippet:-1, max-image-preview:large, max-video-preview:-1\" \/>\n<link rel=\"canonical\" href=\"https:\/\/www.autobau.ch\/de\/msquad\/\" \/>\n<meta property=\"og:locale\" content=\"de_DE\" \/>\n<meta property=\"og:type\" content=\"article\" \/>\n<meta property=\"og:title\" content=\"MSQUAD - autobau erlebniswelt\" \/>\n<meta property=\"og:description\" content=\"MSQUAD Das exklusivste BMW Treffen findet in der autobau erlebniswelt statt. Auch die Fahrzeugsammlung kann besichtigt werden.\" \/>\n<meta property=\"og:url\" content=\"https:\/\/www.autobau.ch\/de\/msquad\/\" \/>\n<meta property=\"og:site_name\" content=\"autobau erlebniswelt\" \/>\n<meta property=\"article:publisher\" content=\"https:\/\/www.facebook.com\/autobau.ch\/\" \/>\n<meta property=\"article:modified_time\" content=\"2026-04-14T13:18:14+00:00\" \/>\n<meta property=\"og:image\" content=\"https:\/\/www.autobau.ch\/wp-content\/uploads\/2026\/04\/1-724x1024.png\" \/>\n\t<meta property=\"og:image:width\" content=\"724\" \/>\n\t<meta property=\"og:image:height\" content=\"1024\" \/>\n\t<meta property=\"og:image:type\" content=\"image\/png\" \/>\n<meta name=\"twitter:card\" content=\"summary_large_image\" \/>\n<meta name=\"twitter:label1\" content=\"Gesch\u00e4tzte Lesezeit\" \/>\n\t<meta name=\"twitter:data1\" content=\"4\u00a0Minuten\" \/>\n<script type=\"application\/ld+json\" class=\"yoast-schema-graph\">{\"@context\":\"https:\\\/\\\/schema.org\",\"@graph\":[{\"@type\":\"WebPage\",\"@id\":\"https:\\\/\\\/www.autobau.ch\\\/de\\\/msquad\\\/\",\"url\":\"https:\\\/\\\/www.autobau.ch\\\/de\\\/msquad\\\/\",\"name\":\"MSQUAD - autobau erlebniswelt\",\"isPartOf\":{\"@id\":\"https:\\\/\\\/www.autobau.ch\\\/de\\\/#website\"},\"primaryImageOfPage\":{\"@id\":\"https:\\\/\\\/www.autobau.ch\\\/de\\\/msquad\\\/#primaryimage\"},\"image\":{\"@id\":\"https:\\\/\\\/www.autobau.ch\\\/de\\\/msquad\\\/#primaryimage\"},\"thumbnailUrl\":\"https:\\\/\\\/www.autobau.ch\\\/wp-content\\\/uploads\\\/2026\\\/04\\\/1.png\",\"datePublished\":\"2026-04-14T08:50:26+00:00\",\"dateModified\":\"2026-04-14T13:18:14+00:00\",\"description\":\"MSQUAD Das exklusivste BMW Treffen findet in der autobau erlebniswelt statt. Auch die Fahrzeugsammlung kann besichtigt werden.\",\"breadcrumb\":{\"@id\":\"https:\\\/\\\/www.autobau.ch\\\/de\\\/msquad\\\/#breadcrumb\"},\"inLanguage\":\"de\",\"potentialAction\":[{\"@type\":\"ReadAction\",\"target\":[\"https:\\\/\\\/www.autobau.ch\\\/de\\\/msquad\\\/\"]}]},{\"@type\":\"ImageObject\",\"inLanguage\":\"de\",\"@id\":\"https:\\\/\\\/www.autobau.ch\\\/de\\\/msquad\\\/#primaryimage\",\"url\":\"https:\\\/\\\/www.autobau.ch\\\/wp-content\\\/uploads\\\/2026\\\/04\\\/1.png\",\"contentUrl\":\"https:\\\/\\\/www.autobau.ch\\\/wp-content\\\/uploads\\\/2026\\\/04\\\/1.png\",\"width\":1591,\"height\":2250,\"caption\":\"BMW Treffen in der autobau erlebniswelt\"},{\"@type\":\"BreadcrumbList\",\"@id\":\"https:\\\/\\\/www.autobau.ch\\\/de\\\/msquad\\\/#breadcrumb\",\"itemListElement\":[{\"@type\":\"ListItem\",\"position\":1,\"name\":\"Home\",\"item\":\"https:\\\/\\\/www.autobau.ch\\\/de\\\/\"},{\"@type\":\"ListItem\",\"position\":2,\"name\":\"MSQUAD\"}]},{\"@type\":\"WebSite\",\"@id\":\"https:\\\/\\\/www.autobau.ch\\\/de\\\/#website\",\"url\":\"https:\\\/\\\/www.autobau.ch\\\/de\\\/\",\"name\":\"autobau erlebniswelt\",\"description\":\"EVENTS. MUSEUM. EMOTIONEN.\",\"publisher\":{\"@id\":\"https:\\\/\\\/www.autobau.ch\\\/de\\\/#organization\"},\"potentialAction\":[{\"@type\":\"SearchAction\",\"target\":{\"@type\":\"EntryPoint\",\"urlTemplate\":\"https:\\\/\\\/www.autobau.ch\\\/de\\\/?s={search_term_string}\"},\"query-input\":{\"@type\":\"PropertyValueSpecification\",\"valueRequired\":true,\"valueName\":\"search_term_string\"}}],\"inLanguage\":\"de\"},{\"@type\":\"Organization\",\"@id\":\"https:\\\/\\\/www.autobau.ch\\\/de\\\/#organization\",\"name\":\"autobau erlebniswelt\",\"url\":\"https:\\\/\\\/www.autobau.ch\\\/de\\\/\",\"logo\":{\"@type\":\"ImageObject\",\"inLanguage\":\"de\",\"@id\":\"https:\\\/\\\/www.autobau.ch\\\/de\\\/#\\\/schema\\\/logo\\\/image\\\/\",\"url\":\"https:\\\/\\\/www.autobau.ch\\\/wp-content\\\/uploads\\\/2018\\\/02\\\/Logo_ab_254x95.png\",\"contentUrl\":\"https:\\\/\\\/www.autobau.ch\\\/wp-content\\\/uploads\\\/2018\\\/02\\\/Logo_ab_254x95.png\",\"width\":254,\"height\":95,\"caption\":\"autobau erlebniswelt\"},\"image\":{\"@id\":\"https:\\\/\\\/www.autobau.ch\\\/de\\\/#\\\/schema\\\/logo\\\/image\\\/\"},\"sameAs\":[\"https:\\\/\\\/www.facebook.com\\\/autobau.ch\\\/\"]}]}<\/script>\n<!-- \/ Yoast SEO plugin. -->","yoast_head_json":{"title":"MSQUAD - autobau erlebniswelt","description":"MSQUAD Das exklusivste BMW Treffen findet in der autobau erlebniswelt statt. Auch die Fahrzeugsammlung kann besichtigt werden.","robots":{"index":"index","follow":"follow","max-snippet":"max-snippet:-1","max-image-preview":"max-image-preview:large","max-video-preview":"max-video-preview:-1"},"canonical":"https:\/\/www.autobau.ch\/de\/msquad\/","og_locale":"de_DE","og_type":"article","og_title":"MSQUAD - autobau erlebniswelt","og_description":"MSQUAD Das exklusivste BMW Treffen findet in der autobau erlebniswelt statt. Auch die Fahrzeugsammlung kann besichtigt werden.","og_url":"https:\/\/www.autobau.ch\/de\/msquad\/","og_site_name":"autobau erlebniswelt","article_publisher":"https:\/\/www.facebook.com\/autobau.ch\/","article_modified_time":"2026-04-14T13:18:14+00:00","og_image":[{"width":724,"height":1024,"url":"https:\/\/www.autobau.ch\/wp-content\/uploads\/2026\/04\/1-724x1024.png","type":"image\/png"}],"twitter_card":"summary_large_image","twitter_misc":{"Gesch\u00e4tzte Lesezeit":"4\u00a0Minuten"},"schema":{"@context":"https:\/\/schema.org","@graph":[{"@type":"WebPage","@id":"https:\/\/www.autobau.ch\/de\/msquad\/","url":"https:\/\/www.autobau.ch\/de\/msquad\/","name":"MSQUAD - autobau erlebniswelt","isPartOf":{"@id":"https:\/\/www.autobau.ch\/de\/#website"},"primaryImageOfPage":{"@id":"https:\/\/www.autobau.ch\/de\/msquad\/#primaryimage"},"image":{"@id":"https:\/\/www.autobau.ch\/de\/msquad\/#primaryimage"},"thumbnailUrl":"https:\/\/www.autobau.ch\/wp-content\/uploads\/2026\/04\/1.png","datePublished":"2026-04-14T08:50:26+00:00","dateModified":"2026-04-14T13:18:14+00:00","description":"MSQUAD Das exklusivste BMW Treffen findet in der autobau erlebniswelt statt. Auch die Fahrzeugsammlung kann besichtigt werden.","breadcrumb":{"@id":"https:\/\/www.autobau.ch\/de\/msquad\/#breadcrumb"},"inLanguage":"de","potentialAction":[{"@type":"ReadAction","target":["https:\/\/www.autobau.ch\/de\/msquad\/"]}]},{"@type":"ImageObject","inLanguage":"de","@id":"https:\/\/www.autobau.ch\/de\/msquad\/#primaryimage","url":"https:\/\/www.autobau.ch\/wp-content\/uploads\/2026\/04\/1.png","contentUrl":"https:\/\/www.autobau.ch\/wp-content\/uploads\/2026\/04\/1.png","width":1591,"height":2250,"caption":"BMW Treffen in der autobau erlebniswelt"},{"@type":"BreadcrumbList","@id":"https:\/\/www.autobau.ch\/de\/msquad\/#breadcrumb","itemListElement":[{"@type":"ListItem","position":1,"name":"Home","item":"https:\/\/www.autobau.ch\/de\/"},{"@type":"ListItem","position":2,"name":"MSQUAD"}]},{"@type":"WebSite","@id":"https:\/\/www.autobau.ch\/de\/#website","url":"https:\/\/www.autobau.ch\/de\/","name":"autobau erlebniswelt","description":"EVENTS. MUSEUM. EMOTIONEN.","publisher":{"@id":"https:\/\/www.autobau.ch\/de\/#organization"},"potentialAction":[{"@type":"SearchAction","target":{"@type":"EntryPoint","urlTemplate":"https:\/\/www.autobau.ch\/de\/?s={search_term_string}"},"query-input":{"@type":"PropertyValueSpecification","valueRequired":true,"valueName":"search_term_string"}}],"inLanguage":"de"},{"@type":"Organization","@id":"https:\/\/www.autobau.ch\/de\/#organization","name":"autobau erlebniswelt","url":"https:\/\/www.autobau.ch\/de\/","logo":{"@type":"ImageObject","inLanguage":"de","@id":"https:\/\/www.autobau.ch\/de\/#\/schema\/logo\/image\/","url":"https:\/\/www.autobau.ch\/wp-content\/uploads\/2018\/02\/Logo_ab_254x95.png","contentUrl":"https:\/\/www.autobau.ch\/wp-content\/uploads\/2018\/02\/Logo_ab_254x95.png","width":254,"height":95,"caption":"autobau erlebniswelt"},"image":{"@id":"https:\/\/www.autobau.ch\/de\/#\/schema\/logo\/image\/"},"sameAs":["https:\/\/www.facebook.com\/autobau.ch\/"]}]}},"_links":{"self":[{"href":"https:\/\/www.autobau.ch\/de\/wp-json\/wp\/v2\/pages\/29729","targetHints":{"allow":["GET"]}}],"collection":[{"href":"https:\/\/www.autobau.ch\/de\/wp-json\/wp\/v2\/pages"}],"about":[{"href":"https:\/\/www.autobau.ch\/de\/wp-json\/wp\/v2\/types\/page"}],"author":[{"embeddable":true,"href":"https:\/\/www.autobau.ch\/de\/wp-json\/wp\/v2\/users\/9"}],"replies":[{"embeddable":true,"href":"https:\/\/www.autobau.ch\/de\/wp-json\/wp\/v2\/comments?post=29729"}],"version-history":[{"count":13,"href":"https:\/\/www.autobau.ch\/de\/wp-json\/wp\/v2\/pages\/29729\/revisions"}],"predecessor-version":[{"id":29770,"href":"https:\/\/www.autobau.ch\/de\/wp-json\/wp\/v2\/pages\/29729\/revisions\/29770"}],"wp:featuredmedia":[{"embeddable":true,"href":"https:\/\/www.autobau.ch\/de\/wp-json\/wp\/v2\/media\/29732"}],"wp:attachment":[{"href":"https:\/\/www.autobau.ch\/de\/wp-json\/wp\/v2\/media?parent=29729"}],"curies":[{"name":"wp","href":"https:\/\/api.w.org\/{rel}","templated":true}]}}